{"id":12210,"date":"2019-12-22T16:12:16","date_gmt":"2019-12-22T14:12:16","guid":{"rendered":"https:\/\/ramkool.edu.ee\/roostiku\/?page_id=12210"},"modified":"2019-12-22T16:13:02","modified_gmt":"2019-12-22T14:13:02","slug":"lugusid-moondumisest","status":"publish","type":"page","link":"https:\/\/ramkool.edu.ee\/roostiku\/omalooming\/lugusid-moondumisest\/","title":{"rendered":"Lugusid moondumisest"},"content":{"rendered":"<p>Teisel perioodil sukeldusime muundumiste maailma. Iga\u00fcks m\u00f5tles v\u00e4lja looma, kelleks ja miks v\u00f5iks muunduda. Saime r\u00fchmas kokku, m\u00f5tlesime loo ja lavastasime. Kutsusime pered vaatama. \u00d5ppisime \u00fcheskoos selgeks laulu ja lasime sel Roostiku \u00fchendkooridel k\u00f5lada.<\/p>\n","protected":false},"excerpt":{"rendered":"<p>Teisel perioodil sukeldusime muundumiste maailma. Iga\u00fcks m\u00f5tles<\/p>\n","protected":false},"author":17,"featured_media":12051,"parent":2754,"menu_order":860,"comment_status":"closed","ping_status":"closed","template":"gallery-template.php","meta":{"_acf_changed":false,"footnotes":""},"class_list":["post-12210","page","type-page","status-publish","has-post-thumbnail","hentry"],"acf":[],"_links":{"self":[{"href":"https:\/\/ramkool.edu.ee\/roostiku\/wp-json\/wp\/v2\/pages\/12210","targetHints":{"allow":["GET"]}}],"collection":[{"href":"https:\/\/ramkool.edu.ee\/roostiku\/wp-json\/wp\/v2\/pages"}],"about":[{"href":"https:\/\/ramkool.edu.ee\/roostiku\/wp-json\/wp\/v2\/types\/page"}],"author":[{"embeddable":true,"href":"https:\/\/ramkool.edu.ee\/roostiku\/wp-json\/wp\/v2\/users\/17"}],"replies":[{"embeddable":true,"href":"https:\/\/ramkool.edu.ee\/roostiku\/wp-json\/wp\/v2\/comments?post=12210"}],"version-history":[{"count":2,"href":"https:\/\/ramkool.edu.ee\/roostiku\/wp-json\/wp\/v2\/pages\/12210\/revisions"}],"predecessor-version":[{"id":12212,"href":"https:\/\/ramkool.edu.ee\/roostiku\/wp-json\/wp\/v2\/pages\/12210\/revisions\/12212"}],"up":[{"embeddable":true,"href":"https:\/\/ramkool.edu.ee\/roostiku\/wp-json\/wp\/v2\/pages\/2754"}],"wp:featuredmedia":[{"embeddable":true,"href":"https:\/\/ramkool.edu.ee\/roostiku\/wp-json\/wp\/v2\/media\/12051"}],"wp:attachment":[{"href":"https:\/\/ramkool.edu.ee\/roostiku\/wp-json\/wp\/v2\/media?parent=12210"}],"curies":[{"name":"wp","href":"https:\/\/api.w.org\/{rel}","templated":true}]}}