{"id":12213,"date":"2019-12-22T16:15:44","date_gmt":"2019-12-22T14:15:44","guid":{"rendered":"https:\/\/ramkool.edu.ee\/roostiku\/?page_id=12213"},"modified":"2019-12-22T16:19:30","modified_gmt":"2019-12-22T14:19:30","slug":"12213-2","status":"publish","type":"page","link":"https:\/\/ramkool.edu.ee\/roostiku\/omalooming\/lugusid-moondumisest\/12213-2\/","title":{"rendered":"Salap\u00e4rane mere \u00e4\u00e4res k\u00e4ik"},"content":{"rendered":"<p><b>Salap\u00e4rane mere \u00e4\u00e4res k\u00e4ik<\/b><\/p>\n<p>Elasid kord seitse tavalist inimest kiirete eludega, kes ei teadnud \u00fcksteist. Nad k\u00f5ik n\u00e4gid kolm \u00f6\u00f6d j\u00e4rjest sama halba und, et kui nad ei l\u00e4he mere \u00e4\u00e4rde siis&#8230;.<\/p>\n<p>K\u00f5ik otsustasid, et see on m\u00e4rk ja nad peaksid mere \u00e4\u00e4rde minema oma ohutuse p\u00e4rast. Saabus n\u00e4dalavahetus. Neil kellelgi ei olnud midagi teha ning nad otsustasid minna mere \u00e4\u00e4rde, kus see kogu halb unen\u00e4gu juhtus. Kui nad k\u00f5ik olid mere \u00e4\u00e4rde j\u00f5udnud, siis nad n\u00e4gid, et sinna on kogunenud veel inimesi, t\u00e4psemalt kokku 7. K\u00f5ik alustasid vestlust.<\/p>\n<p><i>V\u00e4ike paus<\/i><\/p>\n<p>K\u00f5ik alustasid vestlust. Kessa tervitas k\u00f5iki, keda ta esimesena n\u00e4gi: \u201cHeiii, mina olen Kessa!\u201d Klaus s\u00f5nas \u201cTere\u2026 mina olen Klaus.\u201d<\/p>\n<p>K\u00f5ik teretasid ja olid s\u00f5bralikud. Selgus, et Kevinil oli kotis kaasas kaks \u00f5nge.<\/p>\n<p>Kuna Kevin ja Klaus olid samas eas, siis neil oli eriline kontakt ja nad hakkasid koos kala p\u00fc\u00fcdma. Kokku p\u00fc\u00fcdsid nad 12 kala ja sellest piisas, et nad saaksid teha seitsmele inimesele kalasuppi. Kaisa pakkus v\u00e4lja: \u201cMa v\u00f5in keeta suppi, kuna ma olen ju k\u00f5ige vanem ja mul on vanaema retsept ka peas.\u201d<\/p>\n<p>Kaisa oli juba natuke aega suppi keetnud ning kutsus Klausi seda maitsma. \u201cKlauuuus! Tule maitse, kas supp on ikka s\u00f6\u00f6dav.\u201d Klaus pani keele vastu lusika otsa ja maitses\u2026 .<\/p>\n<p>J\u00e4rsku kadus Klaus \u00e4ra ja liivas oli pisike kuldkalake.<\/p>\n<p>K\u00f5ik hakkasid paanitsema ja viskasid Klausi ehk kuldkalakese merre. L\u00f5puks said nad aru, et see oli loll tegu ja \u00fcritasid Klausi ehk kuldkalakest merest k\u00e4tte saada. \u00d5nneks said ja viskasid Klausi sooja supi sisse. Ta t\u00f5usis pinnale ja lausus: \u201cMIS MINUGA TOIMUB?!\u201d Keegi ei kuulnud seda p\u00e4ris h\u00e4sti ning ei teinud sellest enam v\u00e4lja.<\/p>\n<p>Igav hakkas ja seltskond otsustas, et koju pole m\u00f5tet minna, nii et Kiki s\u00f5nas: \u201cM\u00e4ngime ol\u00fcmpiam\u00e4nge, kuna mul on suur unistus need v\u00f5ita.\u201d K\u00f5ik n\u00f5ustusid ning nad alustasid m\u00e4ngimist. K\u00f5ik olid liival valmis, et Kessa vilet vilistaks. Kessa vilistas ja karjus veel j\u00e4rele: \u201cOlge tublid!\u201d<\/p>\n<p>J\u00e4rsku kuulis V\u00e4ino sisinat. Kuid ei teinud sellest v\u00e4lja. Kiki oli esimene hetkel, kui ta kukkus. P\u00f5lv l\u00e4ks katki. Kahjuks roomas tema juurde ka kobra ja hammustas Kikit. Kobra oli aga vahepeal inimeseks, Kalleks muutunud. Tal oli needus peal ja et seda \u00e4ra saada, pidi ta kedagi hammustama ja ta valis, et hammustab juba haavatut\u00a0 ehk Kikit.<\/p>\n<p>Kessal oli vahepeal nii palav hakanud ja ta oli vette h\u00fcpanud. Kuid ta ei teadnud, et kui ta vett sel p\u00e4eval puutub, siis muutub ta kaheksajalaks. Kevin jooksis ruttu vette, arvates, et see on INIMENE KESSA, aga see oli hoopis KAHEKSAJALG. Kevin muutus kah j\u00e4rsku kopraks, kuna tal oli needus, et nii kui vett katsub, muutub kobraks.<\/p>\n<p>Kiki oli vahepeal muutunud kilpkonnaks, kuna ta kaotas ol\u00fcmpiam\u00e4ngud. Kaisal hakkas kilpkonnast kahju ja muutus ise ka kilpkonnaks.<\/p>\n<p>Alles olid ainult Kertu ja V\u00e4ino, kes olid inimesed. Nad j\u00e4tkasid ol\u00fcmpiam\u00e4nge\u2026 J\u00e4rgmine ala oli ujumine. Nad olid valmis. Nad lugesid koos kolmeni:\u00a0 \u201c\u00dcks\u2026. kaks\u2026. KOLM!!!\u201d Nad alustasid ujumist. V\u00e4ino tegi kolm delfiini t\u00f5mmet ja j\u00e4rsku k\u00e4is pauk ja V\u00e4ino oli kadunud. Kertu k\u00f5rvale tekkis vaal. \u201cOMG!! sA oLeD vAaL!!\u201d.<\/p>\n<p>Kertu muutus suurest ehmatusest kopraks. Kalle aga oli olnud terve aeg vait ja vahtinud, suu ammuli, mis toimub. Kalle l\u00e4ks ringi vaatama ja leidis supipoti. Ta hakkas seda s\u00f6\u00f6ma, ta tundis midagi mitte maitsvat enda suus ja s\u00fclitas selle v\u00e4lja. See oli Klaus, kes oli supi sisse pandud. J\u00e4rsku kuulis Kalle oma \u00e4ratuskella. See oli uni.<\/p>\n<p>Laura, Saskia, Eliise, Iris, Rasmus, Henri, Sebastian, Mark<\/p>\n","protected":false},"excerpt":{"rendered":"<p>Salap\u00e4rane mere \u00e4\u00e4res k\u00e4ik Elasid kord seitse<\/p>\n","protected":false},"author":17,"featured_media":12116,"parent":12210,"menu_order":100,"comment_status":"closed","ping_status":"closed","template":"gallery-template.php","meta":{"_acf_changed":false,"footnotes":""},"class_list":["post-12213","page","type-page","status-publish","has-post-thumbnail","hentry"],"acf":[],"_links":{"self":[{"href":"https:\/\/ramkool.edu.ee\/roostiku\/wp-json\/wp\/v2\/pages\/12213","targetHints":{"allow":["GET"]}}],"collection":[{"href":"https:\/\/ramkool.edu.ee\/roostiku\/wp-json\/wp\/v2\/pages"}],"about":[{"href":"https:\/\/ramkool.edu.ee\/roostiku\/wp-json\/wp\/v2\/types\/page"}],"author":[{"embeddable":true,"href":"https:\/\/ramkool.edu.ee\/roostiku\/wp-json\/wp\/v2\/users\/17"}],"replies":[{"embeddable":true,"href":"https:\/\/ramkool.edu.ee\/roostiku\/wp-json\/wp\/v2\/comments?post=12213"}],"version-history":[{"count":4,"href":"https:\/\/ramkool.edu.ee\/roostiku\/wp-json\/wp\/v2\/pages\/12213\/revisions"}],"predecessor-version":[{"id":12217,"href":"https:\/\/ramkool.edu.ee\/roostiku\/wp-json\/wp\/v2\/pages\/12213\/revisions\/12217"}],"up":[{"embeddable":true,"href":"https:\/\/ramkool.edu.ee\/roostiku\/wp-json\/wp\/v2\/pages\/12210"}],"wp:featuredmedia":[{"embeddable":true,"href":"https:\/\/ramkool.edu.ee\/roostiku\/wp-json\/wp\/v2\/media\/12116"}],"wp:attachment":[{"href":"https:\/\/ramkool.edu.ee\/roostiku\/wp-json\/wp\/v2\/media?parent=12213"}],"curies":[{"name":"wp","href":"https:\/\/api.w.org\/{rel}","templated":true}]}}