{"id":12219,"date":"2019-12-22T17:02:30","date_gmt":"2019-12-22T15:02:30","guid":{"rendered":"https:\/\/ramkool.edu.ee\/roostiku\/?page_id=12219"},"modified":"2019-12-22T17:03:59","modified_gmt":"2019-12-22T15:03:59","slug":"kolm-maja-ja-seitse-looma","status":"publish","type":"page","link":"https:\/\/ramkool.edu.ee\/roostiku\/omalooming\/lugusid-moondumisest\/kolm-maja-ja-seitse-looma\/","title":{"rendered":"Kolm maja ja seitse looma"},"content":{"rendered":"<p>Jutustaja, Jan &#8211; SEBASTIAN ; Peeter, Kurg &#8211; GERT ; Liisa &#8211; Eleanora ; Teele &#8211; Elise ; Kodutu &#8211; Marie Lee ; Tiit &#8211; Jakob ; T\u00f5nu &#8211; Ralf ; Liisi &#8211; Klara Mi<\/p>\n<p>*KUI JUTUSTAJA R\u00c4\u00c4GIB, TULEVAD KARDINAD ETTE<\/p>\n<p>Oli kord 3 naabermaja- katkises majas elasid kaks last (T\u00f5nu ja Tiit), kanafarmis elas kes-teab-kui-vana Muna-Peeter ja Liisa. Kanamaja k\u00f5rval elas kodutu \u00dclle ning rant\u0161os elasid talumees Jan ja tema kaks t\u00fctart Liisi, ja Teele. \u00dchel vihmasel p\u00e4eval tahtsid katkise maja ulakad lapsed nalja tegema minna ja kutsusid Jani ning t\u00fcdrukud kaasa.<\/p>\n<p><em>*uksekell heliseb*<\/em><\/p>\n<p>TIIT: Kuule, \u00e4kki l\u00e4heks teiste ukse taha tembutama?<\/p>\n<p>LIISI: Isa, kas me v\u00f5ime poistega \u00fchineda?<\/p>\n<p>JAN: Jah, aga vaadake, et te kauaks ei j\u00e4\u00e4!<\/p>\n<p>LIISI:Ei j\u00e4\u00e4, \u00e4ra muretse isa.<\/p>\n<p>Samal ajal oli Muna-Peeter haletsusest kodutu \u00dclle sooja v\u00f5tnud<\/p>\n<p><em>*uksekell heliseb\u2026 j\u00e4lle?*<\/em><\/p>\n<p>T\u00d5NU: Kuule, Muna-Peedu, kas sul teri on?<\/p>\n<p>PEETER: Ah? Mi\u0161 sul vaja tiada on?<\/p>\n<p>TIIT: Kuule, sa lasid kodutu tuppa v\u00f5i?<\/p>\n<p>TEELE: Hull oled v\u00f5i? Tead, et see toob halba \u00f5nne?<\/p>\n<p>PEETER: \u00c4rge muretsege, ma toidan teda ainult koeratoiduga.<\/p>\n<p>LIISA: Mis seal vahet on, et kodutu toas on?<\/p>\n<p>TEELE: S\u00e4h sulle teri n\u00e4kku, et sa kodutu tuppa lasid!<\/p>\n<p>PEETER: <em>kghjkhghfkgf *ehk siis l\u00e4mbumishelid*<\/em><\/p>\n<p><em>*imelik vaikus,kui Peeter lebab hingetult maas*<\/em><\/p>\n<p><em>*Peeter t\u00f5useb p\u00fcsti ning\u2026 kukub kaagutama ja kukub uuesti n\u00e4oli*<\/em><\/p>\n<p>TIIT: Ei no misasja?<\/p>\n<p>TEELE: Pole v\u00f5imalik\u2026<\/p>\n<p>JAN: Mis siin s\u00fcnnib\u2026 OI ISSAND<\/p>\n<p><em>*Samal ajal v\u00f5tab kodutu pakist koeratoitu ja kukub maha*<\/em><\/p>\n<p><em>*N\u00fc\u00fcd muutus kodutu koeraks*<\/em><\/p>\n<p>LIISA: Huvitav, kas mina ka muutun, kui ma koeratoitu s\u00f6\u00f6n?<\/p>\n<p><em>*Ja muidugi muutub tema ka koeraks, liiga lihtne, eks?*<\/em><\/p>\n<p>JAN: See on liiga imelik, l\u00e4hme koju<\/p>\n<p>TEELE: Me ei saa neid ju siia j\u00e4tta!<\/p>\n<p>JAN: Mina \u00fctlen, mis me teeme ja meie l\u00e4hme koju.<\/p>\n<p>LIISI: Aga isa\u2026?<\/p>\n<p>JAN: Ei mingit vastu vaidlemist, koju n\u00fc\u00fcd!<\/p>\n<p>J\u00c4RGMINE P\u00c4EV<\/p>\n<p><em>Muna-Peeter muutub tagasi inimeseks, kuid koerad mitte ning t\u00fcdrukud tahavad vaadata, kas nende tervis on korras.<\/em><\/p>\n<p>JAN: Eile oli k\u00fcll imelik p\u00e4ev, aga vaadake teie, et te mitte mingisugust koeratoitu ei s\u00f6\u00f6ks.<\/p>\n<p>TEELE: Olgu, aga kas meie v\u00f5ime vaadata,kas nendega ikka k\u00f5ik korras on?<\/p>\n<p>JAN: Minge pealegi!<\/p>\n<p><em>*Lapsed j\u00f5udsid Peetri ukse taha*<\/em><\/p>\n<p>LIISi: Tere Peeter, vabandust, et sind eile kanaks\u00a0 muutsin.<\/p>\n<p>PEETER: Me\u0161 kana\u0161t \u0161a r\u00e4\u00e4gid? Ma k\u00fcll mingi kana pele ja ei hakka ka olema.<\/p>\n<p>TEELE: Eeeeee\u2026.. olgu siis nii.<\/p>\n<p>LIISI: Kindel, et sa ei m\u00e4leta sellest midagi?<\/p>\n<p>PEETER: Mille\u0161t\u2026?<\/p>\n<p>TEELE: Eeeeei midagi,me hakkame n\u00fc\u00fcd minema olgu, t\u0161au!<\/p>\n<p>LIISI: Oota n\u00fc\u00fcd, kuidas koertel l\u00e4heb?<\/p>\n<p>PEETER: \u00d5igus jah, mul on mingid koerad.<\/p>\n<p>LIISI: Olgu, nad on veel koerad, v\u00f5ime minna.<\/p>\n<p><em>Ja just kui te arvasite, et see lugu ei saa jaburamaks minna, tuleb linnast Jan mingisuguse hobusega\u2026?<\/em><\/p>\n<p>JAN: T\u00fcdrukuuuud! T\u00f5in teile hobuse, millega v\u00f5ite ratsutada.<\/p>\n<p>TEELE: Millest see n\u00fc\u00fcd tingitud on?<\/p>\n<p>JAN: Niisama t\u00f5in, eilse \u00f5htu lepitamiseks<\/p>\n<p>LIISI: LAHE! L\u00c4HME S\u00d5ITMA!!<\/p>\n<p><em>Vahepeal l\u00e4heme p\u00f5ikame Tiidu ja T\u00f5nu juurest l\u00e4bi.<\/em><\/p>\n<p>TIIT: Olgu need kured neetud, kogu aeg lendavad meie kodust \u00fcle ja segavad meie peitusem\u00e4ngu.<\/p>\n<p>KURG: <em>*kurjad kurehelid*<\/em><\/p>\n<p>TIIT: Oot-oot, vabandust<\/p>\n<p><em>*Kurg tuleb Tiidu juurde ja v\u00f5tab ta kukile*<\/em><\/p>\n<p><em>*Tiit karjub ja kukub maha ning muutub kureks, kuna talle sattus kuresulg suhu*<\/em><\/p>\n<p>TIIT: <em>*\u00fcritab midagi r\u00e4\u00e4kida, aga ei oska, sest ta on ju kurg*<\/em><\/p>\n<p>T\u00d5NU: Kuule, Tiit, ma leidsin tiibsisalikuuUUUUU, APPPPPIIIII, KURG S\u00d5I TIIDU \u00c4RA!<\/p>\n<p>TIIT: <em>*l\u00e4heb tema juurde \u00fcritades T\u00f5nule \u00f6elda, et see ongi Tiit, aga see tundub T\u00f5nule nagu kurg \u00fcritaks teda ka \u00e4ra s\u00fc\u00fca*<\/em><\/p>\n<p>T\u00d5NU: <em>*jookseb ja neelab kogemata tiibsisaliku alla* <\/em>AAAAAAAAAAHHH\u2026. oih<\/p>\n<p><em>*Ka T\u00f5nu muutub ja see ei meeldi talle*<\/em><\/p>\n<p>T\u00d5NU: SsssSsSssSsssssss<\/p>\n<p><em>OOT, OOT, katkestame katkestame!!! Me ei taha ju, et Tiit T\u00f5nu \u00e4ra s\u00f6\u00f6ks, ega ju? Nii ma arvasingi, igatahes liigume tagasi hobuste juurde.<\/em><\/p>\n<p><em>*T\u00fcdrukud paitavad hobuseid ning hakkavad neid saduldama*<\/em><\/p>\n<p>TEELE: <em>*aevastus*<\/em><\/p>\n<p>TEELE: Oi ei, arvestades seda k\u00f5ike hakkan ka mina vist muutuma *p\u00f6\u00f6ritab silmi*<\/p>\n<p>LIISI: <em>*hobuse helid*<\/em><\/p>\n<p>TEELE: Ossa, h\u00e4sti oskad teha hobust j\u00e4rgi Liisi!<\/p>\n<p>LIISI: <em>*hobuse helid* jjjeeehawwww<\/em><\/p>\n<p>TEELE: <em>*p\u00f6\u00f6rab \u00fcmber*<\/em> SEE. EI. OLE. P\u00c4RISEEEEELT. ISAAAAAA!!!!<\/p>\n<p>JAN: Mis?<\/p>\n<p>TEELE: LIISI MUUTUUUUUUUS!<\/p>\n<p>JAN:\u00a0 Kuule, kui sa n\u00fc\u00fcd end \u00fcksikult tunned, v\u00f5id ka ju mingi hobusekarva \u00e4ra s\u00fc\u00fca v\u00f5i midagi.<\/p>\n<p>TEELE: <em>*atsihh*<\/em> Olgu! *<em>atsihh* *s\u00f6\u00f6b hobusekarva \u00e4ra ja enn\u00e4e enn\u00e4e ta muutub hobuseks*<\/em><\/p>\n<p>JAN: Ma n\u00fc\u00fcd elan siis mingis loomade k\u00fclas jah\u2026 <em>*samal ajal n\u00e4eb, kuidas Peeter teri s\u00f6\u00f6b ja kurg sisalikku taga ajab.*<\/em> Nii on\u2026<\/p>\n<p><em>NII SAIGI MEIE LUGU L\u00c4BI, JAN J\u00c4I \u00dcKSI LOOMADE K\u00dcLA \u00dcLEVAL PIDAMA, KODUTU SAI KODU JA SIIANI POLE TEADA, KAS TIIT S\u00d5I T\u00d5NU \u00c4RA V\u00d5I MITTE\u2026 T\u00e4nan vaatamast!<\/em><\/p>\n","protected":false},"excerpt":{"rendered":"<p>Jutustaja, Jan &#8211; SEBASTIAN ; Peeter, Kurg<\/p>\n","protected":false},"author":17,"featured_media":12097,"parent":12210,"menu_order":90,"comment_status":"closed","ping_status":"closed","template":"gallery-template.php","meta":{"_acf_changed":false,"footnotes":""},"class_list":["post-12219","page","type-page","status-publish","has-post-thumbnail","hentry"],"acf":[],"_links":{"self":[{"href":"https:\/\/ramkool.edu.ee\/roostiku\/wp-json\/wp\/v2\/pages\/12219","targetHints":{"allow":["GET"]}}],"collection":[{"href":"https:\/\/ramkool.edu.ee\/roostiku\/wp-json\/wp\/v2\/pages"}],"about":[{"href":"https:\/\/ramkool.edu.ee\/roostiku\/wp-json\/wp\/v2\/types\/page"}],"author":[{"embeddable":true,"href":"https:\/\/ramkool.edu.ee\/roostiku\/wp-json\/wp\/v2\/users\/17"}],"replies":[{"embeddable":true,"href":"https:\/\/ramkool.edu.ee\/roostiku\/wp-json\/wp\/v2\/comments?post=12219"}],"version-history":[{"count":1,"href":"https:\/\/ramkool.edu.ee\/roostiku\/wp-json\/wp\/v2\/pages\/12219\/revisions"}],"predecessor-version":[{"id":12220,"href":"https:\/\/ramkool.edu.ee\/roostiku\/wp-json\/wp\/v2\/pages\/12219\/revisions\/12220"}],"up":[{"embeddable":true,"href":"https:\/\/ramkool.edu.ee\/roostiku\/wp-json\/wp\/v2\/pages\/12210"}],"wp:featuredmedia":[{"embeddable":true,"href":"https:\/\/ramkool.edu.ee\/roostiku\/wp-json\/wp\/v2\/media\/12097"}],"wp:attachment":[{"href":"https:\/\/ramkool.edu.ee\/roostiku\/wp-json\/wp\/v2\/media?parent=12219"}],"curies":[{"name":"wp","href":"https:\/\/api.w.org\/{rel}","templated":true}]}}