{"id":12221,"date":"2019-12-22T17:11:36","date_gmt":"2019-12-22T15:11:36","guid":{"rendered":"https:\/\/ramkool.edu.ee\/roostiku\/?page_id=12221"},"modified":"2019-12-22T17:22:13","modified_gmt":"2019-12-22T15:22:13","slug":"rannak-metsatukas","status":"publish","type":"page","link":"https:\/\/ramkool.edu.ee\/roostiku\/omalooming\/lugusid-moondumisest\/rannak-metsatukas\/","title":{"rendered":"R\u00e4nnak metsatukas"},"content":{"rendered":"<p>R\u00e4nnak metsatukas<\/p>\n<p>K\u00f5ik sai alguse septembrikuus v\u00e4ikeses metsa\u00e4\u00e4rses Metsatuka k\u00fclas, kui toimus k\u00fcla kokkutulek.<\/p>\n<p>Kuna k\u00fcla oli veel t\u00e4itsa uus, ei teadnud veel elanikud \u00fcksteist ning nad tahtsid tuttavaks saada. Sellep\u00e4rast otsustasid k\u00fclaelanikud korraldada k\u00fcla kokkutuleku.<\/p>\n<p>K\u00fcla kokkutulekul said k\u00f5ik \u00fcksteist tundma \u00f5ppida ja r\u00e4\u00e4kida.<\/p>\n<p>Peale k\u00fcla kokkutulekut otsustati minna metsa matkale, et \u00fcksteist veel paremini tundma \u00f5ppida.<\/p>\n<p>K\u00f5ndides matkaplatsile j\u00e4i grupp inimesi maha. Nad k\u00f5ndisid otse edasi, kuni nad pidid valima, kas nad p\u00f6\u00f6ravad vasakule v\u00f5i paremale. Nad otsustasid minna paremale, kuna parem on alati parem valik.<\/p>\n<p>\u00d5htu oli l\u00e4henemas ning \u00f5ues hakkas minema jahedamaks. K\u00fclaelanikud otsustasid teha l\u00f5kke ja puhata.<\/p>\n<p>M\u00f5ne aja p\u00e4rast tuli l\u00f5kke juurde naine, kes oli neid m\u00e4rganud ja ta k\u00fcsis neilt: ,,Ma pole teid varem siinkandis n\u00e4inud. Kas te olete eksinud?\u201d Ja \u00fcks noormees vastas: ,,Jah, me oleme. Kas te saaks meid aidata?\u201d<\/p>\n<p>V\u00f5\u00f5ras naine vastas talle: ,,Muidugi. Ma juhatan teid oma majja. Te saate \u00f6\u00f6 seal veeta.\u201d<\/p>\n<p>Naine hakkas k\u00f5ndima. Teised j\u00e4rgnesid talle.<\/p>\n<p>Hiljem, kui nad olid v\u00f5\u00f5ra naise koju j\u00f5udnud, k\u00fcsis naine neilt:,,Kas te olete janused? Ma oskan v\u00e4ga head marjajooki teha.\u201d Ning andis neile k\u00f5igile klaasi tumepunase joogiga. Kuna k\u00f5ik olid janused, j\u00f5id nad kiiresti joogi \u00e4ra.<\/p>\n<p>Aga <i>oh ei<\/i>! V\u00f5\u00f5ras naine oli kogemata ajanud marjajoogi ja v\u00f5lujoogi segamini ning oli oma k\u00fclalistele pakkunud jooki, mis muudab neid otsemaid loomadeks, kes selles metsas elavad. K\u00f5ik olid hetkeks vait, kuna nad ei saanud aru, mis oli just juhtunud.<\/p>\n<p>N\u00fc\u00fcd k\u00fcsis \u00fcks hiir arglikult:,,Mis juhtus? Kas me muutusime loomadeks?\u201d<\/p>\n<p>Ning \u00fcks ilves vastas l\u00f5busa tooniga:,,Juhuu siis.\u201d<\/p>\n<p>,,Kuidas me \u00fcldse muutusime loomadeks?\u201d k\u00fcsis \u00fcks v\u00e4ike arglik siil.<\/p>\n<p>V\u00f5\u00f5ras naine, kes oli n\u00fc\u00fcd mingiks muutunud, vastas rahulikult:,,Ma kogemata ajasin marjajoogi ja v\u00f5lujoogi segamini vist. Vabandust.\u201d<\/p>\n<p>,,Pole hullu,\u201d vastas teine siil s\u00f5bralikult.<\/p>\n<p>Karu k\u00f6hatas ja \u00fctles valju h\u00e4\u00e4lega: ,,Ma ei usu, et te teate, aga ma olen astronaut ja ma l\u00e4hen n\u00e4dala aja p\u00e4rast kuule ja ma kutsuksin teid k\u00f5iki endaga kaasa.\u201d<\/p>\n<p>Ja j\u00e4nes vastas lahkelt:,,Muidugi tuleme!\u201d<\/p>\n<p>Ning n\u00e4dala aja p\u00e4rast nad s\u00f5itsidki kuule ja said isegi veel paremateks s\u00f5pradeks ning elasid r\u00f5\u00f5msalt elu l\u00f5puni.<\/p>\n<p>Kui t\u00e4iskuu \u00f6\u00f6l h\u00e4sti taevasse vaadata, v\u00f5ib meie s\u00f5pru sealt leida. Uurige!<\/p>\n<p>Steivi, Kristiin, Imre, Rianna, Marie, Frederik, Kaspar<\/p>\n","protected":false},"excerpt":{"rendered":"<p>R\u00e4nnak metsatukas K\u00f5ik sai alguse septembrikuus v\u00e4ikeses<\/p>\n","protected":false},"author":17,"featured_media":12102,"parent":12210,"menu_order":90,"comment_status":"closed","ping_status":"closed","template":"gallery-template.php","meta":{"_acf_changed":false,"footnotes":""},"class_list":["post-12221","page","type-page","status-publish","has-post-thumbnail","hentry"],"acf":[],"_links":{"self":[{"href":"https:\/\/ramkool.edu.ee\/roostiku\/wp-json\/wp\/v2\/pages\/12221","targetHints":{"allow":["GET"]}}],"collection":[{"href":"https:\/\/ramkool.edu.ee\/roostiku\/wp-json\/wp\/v2\/pages"}],"about":[{"href":"https:\/\/ramkool.edu.ee\/roostiku\/wp-json\/wp\/v2\/types\/page"}],"author":[{"embeddable":true,"href":"https:\/\/ramkool.edu.ee\/roostiku\/wp-json\/wp\/v2\/users\/17"}],"replies":[{"embeddable":true,"href":"https:\/\/ramkool.edu.ee\/roostiku\/wp-json\/wp\/v2\/comments?post=12221"}],"version-history":[{"count":2,"href":"https:\/\/ramkool.edu.ee\/roostiku\/wp-json\/wp\/v2\/pages\/12221\/revisions"}],"predecessor-version":[{"id":12223,"href":"https:\/\/ramkool.edu.ee\/roostiku\/wp-json\/wp\/v2\/pages\/12221\/revisions\/12223"}],"up":[{"embeddable":true,"href":"https:\/\/ramkool.edu.ee\/roostiku\/wp-json\/wp\/v2\/pages\/12210"}],"wp:featuredmedia":[{"embeddable":true,"href":"https:\/\/ramkool.edu.ee\/roostiku\/wp-json\/wp\/v2\/media\/12102"}],"wp:attachment":[{"href":"https:\/\/ramkool.edu.ee\/roostiku\/wp-json\/wp\/v2\/media?parent=12221"}],"curies":[{"name":"wp","href":"https:\/\/api.w.org\/{rel}","templated":true}]}}