{"id":12224,"date":"2019-12-22T17:19:57","date_gmt":"2019-12-22T15:19:57","guid":{"rendered":"https:\/\/ramkool.edu.ee\/roostiku\/?page_id=12224"},"modified":"2019-12-22T17:22:52","modified_gmt":"2019-12-22T15:22:52","slug":"12224-2","status":"publish","type":"page","link":"https:\/\/ramkool.edu.ee\/roostiku\/omalooming\/lugusid-moondumisest\/12224-2\/","title":{"rendered":"Lapser\u00f6\u00f6v"},"content":{"rendered":"<p>Lapser\u00f6\u00f6v<\/p>\n<p>Kell 12:45 tuli tavalisele pereisale s\u00f5num, et kui ta ei kanna 2000000 eurot, siis ta ei n\u00e4e oma last kunagi. Pereisa l\u00e4ks v\u00e4ga n\u00e4rvi ja ta kutsus kohale oma parimad s\u00f5brad ja nad hakkasid plaani v\u00e4lja hauduma, kuidas laps \u00fcles leida. Kohale tulid 7 s\u00f5pra ja nad k\u00f5ik hakkasid muunduma. Esimene s\u00f5ber muundus Komoodo varaaniks. Ta muutus kolme meetri pikkuseks. Teine s\u00f5ber muundus l\u00f5viks. L\u00f5vile tulid pikad k\u00fc\u00fcnised ning tal kasvas taguotsa tohutult pikk saba. Kolmas s\u00f5ber muundus pesukaruks ja talle tekkisid mustad laigud \u00fcmber silmade. Neljas s\u00f5ber muundus t\u00fcrannosauruseks. Talle tulid teravad kihvad. Viies s\u00f5ber muundus laiskloomaks. Ta muutus aeglaseks ja samamoodi ka kuues. Seitsmes ehk viimane s\u00f5ber\u00a0 muutus ninasarvikuks ja talle tekkis tohutult pikk sarv. Nad k\u00f5ik j\u00f5udsid m\u00f5ttele, et k\u00f5ige parem oleks panka r\u00f6\u00f6vida.<\/p>\n<p>Plaan l\u00e4kski t\u00e4ide hilis\u00f5htul. Laiskloom pani oma k\u00fc\u00fcnised lukuauku ja muukis ukse lahti ja siis ronisid laiskloomad, kuna nad olid k\u00f5ige v\u00e4iksemad, ventilatsioonitorusse ning roomasid m\u00f6\u00f6da lage panga seifi juurde. Ninasarvik valvas, et keegi ei tuleks segama, sest ta tundis k\u00f5ige paremini oma pika sarvega l\u00f5hna kilomeetrite kauguselt. Varaan ronis m\u00f6\u00f6da lage, et n\u00e4ha, kas laiskloomad saavad hakkama. Pesukaru pesi samal ajal panga eesruumis p\u00f5randaid, et pangat\u00f6\u00f6tajad j\u00e4rgmine p\u00e4ev musti j\u00e4lgi n\u00e4hes midagi ei kahtlustaks. Hiidpanda aga nuttis oma lapse p\u00e4rast, tema oli v\u00f5imetu tegutsema. Laiskloomad\u00a0 j\u00f5udsid aeglaselt roomates seifini. Tegid taas oma pikkade k\u00fc\u00fcntega ukse lahti. Varaan haaras sabaga laest raha ja pani selle saba k\u00fcljes olevasse korvi.<\/p>\n<p>Laiskloomad roomasid ventilatsioonitoru m\u00f6\u00f6da tagasi.<\/p>\n<p>K\u00f5ik loomad ronisid d\u00fcrannosaurusele selga, kes jooksis nendega hiidpanda ehk pereisa koju.<\/p>\n<p>Saatsid raha r\u00f6\u00f6vlitele. Varaan ulatas korvi rahaga, mis rippus tema saba otsas, kolme meetri kauguselt r\u00f6\u00f6vlitele.<\/p>\n<p>R\u00f6\u00f6vlid olid oma summaga rahul ja saatsid lapse, kes oli vahepeal muundunud pisikeseks pandaks, pappkasti see Omniva pakiautomaati. Nagu Potsataja, m\u00e4letate?<\/p>\n<p>Siis muutusid loomad taas inimesteks.<\/p>\n<p>Ninasarvik kaotas oma tohutult pika sarve,<\/p>\n<p>Lasikloomad muundusid taas kiireks.<\/p>\n<p>T\u00fcrannosaurus kaota strevad kihvad.<\/p>\n<p>Peskukaru kaotas mustad laigud silmad e\u00fcmber.<\/p>\n<p>L\u00f5iv kaotas pika dk\u00fc\u00fcnised ja pika saba.<\/p>\n<p>Komoodo varaan kaotas oma pika saba.<\/p>\n<p>Ja viimasena muundus panda laps inimlaspeks.<\/p>\n<p>Pereisa oli oma saadetisega rahul ning nad elasid oma \u00f5nnelikke elup\u00e4evi edasi.<\/p>\n<p>Linda, Bertha, Laura, Lisanna, Mia-Maria, Ines, Simo, Karl ja Mirtel<\/p>\n","protected":false},"excerpt":{"rendered":"<p>Lapser\u00f6\u00f6v Kell 12:45 tuli tavalisele pereisale s\u00f5num,<\/p>\n","protected":false},"author":17,"featured_media":12050,"parent":12210,"menu_order":60,"comment_status":"closed","ping_status":"closed","template":"","meta":{"_acf_changed":false,"footnotes":""},"class_list":["post-12224","page","type-page","status-publish","has-post-thumbnail","hentry"],"acf":[],"_links":{"self":[{"href":"https:\/\/ramkool.edu.ee\/roostiku\/wp-json\/wp\/v2\/pages\/12224","targetHints":{"allow":["GET"]}}],"collection":[{"href":"https:\/\/ramkool.edu.ee\/roostiku\/wp-json\/wp\/v2\/pages"}],"about":[{"href":"https:\/\/ramkool.edu.ee\/roostiku\/wp-json\/wp\/v2\/types\/page"}],"author":[{"embeddable":true,"href":"https:\/\/ramkool.edu.ee\/roostiku\/wp-json\/wp\/v2\/users\/17"}],"replies":[{"embeddable":true,"href":"https:\/\/ramkool.edu.ee\/roostiku\/wp-json\/wp\/v2\/comments?post=12224"}],"version-history":[{"count":2,"href":"https:\/\/ramkool.edu.ee\/roostiku\/wp-json\/wp\/v2\/pages\/12224\/revisions"}],"predecessor-version":[{"id":12226,"href":"https:\/\/ramkool.edu.ee\/roostiku\/wp-json\/wp\/v2\/pages\/12224\/revisions\/12226"}],"up":[{"embeddable":true,"href":"https:\/\/ramkool.edu.ee\/roostiku\/wp-json\/wp\/v2\/pages\/12210"}],"wp:featuredmedia":[{"embeddable":true,"href":"https:\/\/ramkool.edu.ee\/roostiku\/wp-json\/wp\/v2\/media\/12050"}],"wp:attachment":[{"href":"https:\/\/ramkool.edu.ee\/roostiku\/wp-json\/wp\/v2\/media?parent=12224"}],"curies":[{"name":"wp","href":"https:\/\/api.w.org\/{rel}","templated":true}]}}