{"id":12227,"date":"2019-12-22T17:26:45","date_gmt":"2019-12-22T15:26:45","guid":{"rendered":"https:\/\/ramkool.edu.ee\/roostiku\/?page_id=12227"},"modified":"2019-12-22T17:28:04","modified_gmt":"2019-12-22T15:28:04","slug":"parka-muti-kodutee","status":"publish","type":"page","link":"https:\/\/ramkool.edu.ee\/roostiku\/omalooming\/lugusid-moondumisest\/parka-muti-kodutee\/","title":{"rendered":"Parka-Muti kodutee"},"content":{"rendered":"<p>Elas kord \u00fcks fotograaf, kes tahtis teha loodusest\u00a0 pilte. Ta kohtas kahte piirivalvurit. \u00dcks oli metsavalvur, kes oli ninatark teadlane, teine aga oli rabavalvur, kes oli kavalam kui rebane. Kuid valvurid ei lasknud fotograafi l\u00e4bi. Fotograaf ei olnud rumal. Ta\u00a0 tahtis aga l\u00e4bi minna, ta hiilis valvuritest m\u00f6\u00f6da ja j\u00f5udis raba alale. Fotograaf m\u00e4rkas kalameest, kes rahulikul meelel kalu p\u00fc\u00fcdis. Ta tegi paar pilti ja \u00e4kitselt lendas. Ta oli muundunud lehtlalinnuks.Ta ei saanud aru, mis juhtus, kuni m\u00e4rkas, et seisab v\u00f5lukasepuude juures, kus lehvis tuule k\u00e4es v\u00f5lutolm. N\u00fc\u00fcd ta m\u00f5istis, miks siia ei v\u00f5inud tulla.<\/p>\n<p>Kalamees oli m\u00e4rganud, et lehtlalind sillerdas tema k\u00f5rval veepinnal. Kalamees l\u00e4ks l\u00e4hemale ja muutus merikotkaks.<\/p>\n<p>Kui valvurid kohale j\u00f5udsid, m\u00e4rkasid nad, et fotograaf oli saanud v\u00f5lutud piirkonda ja kalameest ei olnud enam oma koha peal n\u00e4ha. Nad kutsusid politsei, kes tuli ettevaatlikult valvurite juurde ja p\u00e4ris: ,,Mis siin toimub?\u201d Valvurid \u00fctlesid: ,,Fotograaf sai l\u00e4bi ja sattus v\u00f5lualale.\u201d<\/p>\n<p>Politseil oli k\u00f5ik selge. Ta l\u00e4ks metsast rabasse ja proovis lehtlalindu k\u00e4tte saada. Lehtlalind aga ei tulnud politsei juurde. Valvurid tulid talle appi. Nad jooksid linnu j\u00e4rel 10 minutit, siis pool tundi, siis tund, siis poolteist, aga k\u00e4tte ei saanud. Nad unustasid t\u00e4iesti \u00e4ra, et v\u00f5lupuud on neil juba p\u00e4ris l\u00e4hedal. Ja muundusid lindudeks: valvurid rabapistrikuteks ja politseinik kotkaks. Nad ei teadnud, mida teha.<\/p>\n<p>&#8230;<\/p>\n<p>Vanaema, keda h\u00fc\u00fcti Parka-Mutiks, jalutas kauni preili ja v\u00e4ikese poisiga l\u00e4bi v\u00f5luv\u00e4rava, arvates, et see on kodutee.<\/p>\n<p>,,Kas keegi teab, kus siin kodutee on?\u201d\u00a0 Mutil oli korv k\u00e4es, mis oli t\u00e4is seeni ja marju. Lastel olid k\u00e4ed ja suu marjased. V\u00e4ike poiss tahtis marju s\u00fc\u00fca, aga vanem \u00f5de ei lubanud ning vend hakkas nutma ja karjuma. Preili ei tahtnud karistada saada ja l\u00e4ks vennaga lindude juurde, et tema t\u00e4helepanu mujale juhtida.<\/p>\n<p>Ja kaunis preili moondus kauniks luigeks ja v\u00e4ike poiss moondus tugevaks lauguks. Parka-Mutt jalutas nagu mitte midagi ei oleks juhtunud lindudest m\u00f6\u00f6da. Ta\u00a0 j\u00f5udis v\u00f5lupuude juurde ja muutus suitsup\u00e4\u00e4sukeseks, kellel olid veel prillid peas. Mutt jalutas edasi ja isegi ei m\u00e4rganud, et midagi oli juhtunud.<\/p>\n<p>K\u00f5ik moondunud inimesed tegid sama t\u00f6\u00f6d edasi, aga linnu maailmas. Ja mitte tavalises tempos, vaid palju kiiremini.<\/p>\n<p>Rabapistrikud valvasid raba ja metsa.<\/p>\n<p>Kotkas hoidis korda.<\/p>\n<p>Lehtlalind pildistas loodust linnuvaates.<\/p>\n<p>Merikotkas p\u00fc\u00fcdis kala edasi.<\/p>\n<p>Kaunis luik hoolitses laugu eest.<\/p>\n<p>Tugev lauk s\u00f5i aga marju ja karjus.<\/p>\n<p>Suitsup\u00e4\u00e4suke otsis aga oma koduteed edasi, ikka prillid ees.<\/p>\n<p>50 aastat hiljem: \u201cKas keegi tiab, kus kudutee on?\u201d<\/p>\n<p>Dagmar, Florian, Georg, Raul, Isabel, Grete, Kirstin, Martin<\/p>\n","protected":false},"excerpt":{"rendered":"<p>Elas kord \u00fcks fotograaf, kes tahtis teha<\/p>\n","protected":false},"author":17,"featured_media":12133,"parent":12210,"menu_order":50,"comment_status":"closed","ping_status":"closed","template":"gallery-template.php","meta":{"_acf_changed":false,"footnotes":""},"class_list":["post-12227","page","type-page","status-publish","has-post-thumbnail","hentry"],"acf":[],"_links":{"self":[{"href":"https:\/\/ramkool.edu.ee\/roostiku\/wp-json\/wp\/v2\/pages\/12227","targetHints":{"allow":["GET"]}}],"collection":[{"href":"https:\/\/ramkool.edu.ee\/roostiku\/wp-json\/wp\/v2\/pages"}],"about":[{"href":"https:\/\/ramkool.edu.ee\/roostiku\/wp-json\/wp\/v2\/types\/page"}],"author":[{"embeddable":true,"href":"https:\/\/ramkool.edu.ee\/roostiku\/wp-json\/wp\/v2\/users\/17"}],"replies":[{"embeddable":true,"href":"https:\/\/ramkool.edu.ee\/roostiku\/wp-json\/wp\/v2\/comments?post=12227"}],"version-history":[{"count":1,"href":"https:\/\/ramkool.edu.ee\/roostiku\/wp-json\/wp\/v2\/pages\/12227\/revisions"}],"predecessor-version":[{"id":12228,"href":"https:\/\/ramkool.edu.ee\/roostiku\/wp-json\/wp\/v2\/pages\/12227\/revisions\/12228"}],"up":[{"embeddable":true,"href":"https:\/\/ramkool.edu.ee\/roostiku\/wp-json\/wp\/v2\/pages\/12210"}],"wp:featuredmedia":[{"embeddable":true,"href":"https:\/\/ramkool.edu.ee\/roostiku\/wp-json\/wp\/v2\/media\/12133"}],"wp:attachment":[{"href":"https:\/\/ramkool.edu.ee\/roostiku\/wp-json\/wp\/v2\/media?parent=12227"}],"curies":[{"name":"wp","href":"https:\/\/api.w.org\/{rel}","templated":true}]}}