{"id":12229,"date":"2019-12-22T17:34:54","date_gmt":"2019-12-22T15:34:54","guid":{"rendered":"https:\/\/ramkool.edu.ee\/roostiku\/?page_id=12229"},"modified":"2019-12-22T17:35:08","modified_gmt":"2019-12-22T15:35:08","slug":"salakaval-teadlane","status":"publish","type":"page","link":"https:\/\/ramkool.edu.ee\/roostiku\/omalooming\/lugusid-moondumisest\/salakaval-teadlane\/","title":{"rendered":"Salakaval teadlane"},"content":{"rendered":"<p>\u00dckskord ilusal p\u00e4eval toimus Roostiku kooli\u00a0 ekskursioon teaduslaborisse. Nende giid oli Kriit, teaduslabori teine k\u00f5ige targem teadlane. Ta oli monotoonse h\u00e4\u00e4lega ja morni n\u00e4oga mees, aga seletas k\u00f5ike loogiliselt \u00f5pilastele \u00e4ra. Kriit tutvustas \u00f5pilastele ka oma kaksikvenda Priitu, kes on teaduslabori k\u00f5ige targem teadlane. \u00d5pilastele tundus, et Kriidule ei meeldi v\u00e4ga Priit t\u00f5en\u00e4oliselt, sest ta tahtis olla labori k\u00f5ige targem teadlane.<\/p>\n<p>\u00d5pilased imetlesid, kuidas Priit neile n\u00e4itas, kuidas teha huvitavat katset veega.<\/p>\n<p>Kriit seisis lauale ebatavaliselt l\u00e4hedal ning l\u00fckkas \u201ckogemata\u201d mingi kahtlase pudeli rohelise vedelikuga katse segu sisse. K\u00f5las k\u00f5va pauk ja rohelist vedelikku oli igal pool.\u00a0 K\u00f5ik \u00f5pilased olid rohelise vedelikuga kaetud. Kohe jooksid nende juurde turvamehed, kes neist natuke kaugemal olid seisnud ja aitasid \u00f5pilased hoonest v\u00e4lja.<\/p>\n<p>\u00d5pilased helistasid oma vanematele, et nad neile j\u00e4rele tuleksid. Teaduslabori t\u00f6\u00f6tajad v\u00e4ga vabandasid lastevanemate ees probleemi p\u00e4rast ja \u00f5pilased l\u00e4ksid k\u00f5ik oma kodudesse.<\/p>\n<p>Sama p\u00e4eva \u00f5htul, kui \u00f5pilased magasid, hakkasid nad unes k\u00f5ndima. Kui nad \u00fcles \u00e4rkasid, leidsid nad ennast keset paksu metsa lagendikult. Kellelgi polnud telefone kaasas, v\u00e4lja arvatud sellel \u00fchel t\u00e4helepanu vajaval \u00f5pilasel Jussil, kes kandis telefoni igal pool kaasas. Ta \u00fctles teistele, et kell on 12 \u00f6\u00f6sel. Enne kui Juss oli j\u00f5udnud oma vanematele kirjutada, hakkasid t\u00fcdrukud kiljuma. Juss p\u00f6\u00f6ras \u00fcmber, et k\u00fcsida t\u00fcdrukutelt, miks nad kriiskavad, aga j\u00e4i s\u00f5natuks.<\/p>\n<p>T\u00fcdrukud hakkasid j\u00e4rsku moonduma oran\u017eiks ja karvaseks. Juss tahtis neid aidata, aga ei teadnud kuidas. Enne, kui ta j\u00f5udis midagi ette v\u00f5tta, kuulis ta ka oma klassi poisse karjumas. Poisid kukkusid nelja k\u00e4pukile ja neile tekkis hall karvakiht. Jussi enne inimesest s\u00f5ber on n\u00fc\u00fcd h\u00fc\u00e4\u00e4n. Juss tundis ennast haigena, ta vaatas oma k\u00e4si ja m\u00e4rkas, et tal pole enam k\u00e4si, vaid neli oran\u017ei ja karvast k\u00e4ppa. Juss oli ehmunud ja tahtis karjuda, aga ta suust tuli hoopis teistsugune h\u00e4\u00e4l, see oli mingi imelik kriiskamine. \u00d5pilased, v\u00f5i noh, n\u00fc\u00fcd loomad, kuulsid p\u00f5\u00f5sastes sahisemist. Puude vahelt varjust astus kuuvalgusega valgustatud lagendikule\u2026 Kriit, nende giid teaduslaborist.<\/p>\n<p>\u00d5pilased olid segaduses ja hakkasid aeglaselt taganema. Kriit naeris deemonlikku naeru. \u201cLiituge minuga ja valitseme koos maailma! Koos teiega ei julge keegi mind peatada. Me oleksime peatamatud! Me oleksime rikkad! K\u00f5ik teaks mu nime!\u201d Kriidul oli unistav n\u00e4oilme: \u201dKriit, v\u00e4gev teadlane, kes leiutas m\u00fcrgi, mis suudab inimesi loomadeks muuta! K\u00f5lab h\u00e4sti, v\u00f5i mis teie arvate?\u201d<\/p>\n<p>\u00d5pilased ei tahtnud Kriiduga liituda. \u00d5pilased urisesid ja r\u00fcndasid Kriitu. Kriit hakkas\u00a0 jooksma, aga ta libises kraavis ning \u00f5pilased said Kriidu k\u00e4tte.<\/p>\n<p>Samal hetkel ilmus eiteakust <i>\u00a0<\/i>kohale Priit, kes andis loomadele antidooti. \u00d5pilased muutusid inimesteks tagasi ja Juss helistas oma telefoniga politseisse. Lapsed olid segaduses, kust Priit teadis, et neil abi vaja on.<\/p>\n<p>Priit hakkas seletama: \u201cKui te \u00e4ra l\u00e4ksite, m\u00e4rkasin, et see roheline vedelik oli minu k\u00f5ige uuem leiutis. See on m\u00fcrk, mis muudab inimese loomadeks. Ma teadsin kohe, et ma pean teid aitama, kui ma m\u00e4rkasin oma kaksikvenda majast v\u00e4lja hiilimas. Ma j\u00e4litasin teda. Kui me metsa j\u00f5udsime, siis kaotasin ma ta \u00e4ra, aga \u00f5nneks ma olin talle\u00a0 j\u00e4litusseadme k\u00fclge pannud ja leidsin ta uuesti \u00fcles, sellep\u00e4rast ma natuke hilinesingi.\u201d<\/p>\n<p>Kriit pandi vangi ja \u00f5pilased elasid rahulikult oma elu l\u00f5puni.<\/p>\n<p>ROBIN , ANNA, MARKUS, BONO, ELLA , ELIS, MERIBEL, RICHARD<\/p>\n","protected":false},"excerpt":{"rendered":"<p>\u00dckskord ilusal p\u00e4eval toimus Roostiku kooli\u00a0 ekskursioon<\/p>\n","protected":false},"author":17,"featured_media":12119,"parent":12210,"menu_order":40,"comment_status":"closed","ping_status":"closed","template":"gallery-template.php","meta":{"_acf_changed":false,"footnotes":""},"class_list":["post-12229","page","type-page","status-publish","has-post-thumbnail","hentry"],"acf":[],"_links":{"self":[{"href":"https:\/\/ramkool.edu.ee\/roostiku\/wp-json\/wp\/v2\/pages\/12229","targetHints":{"allow":["GET"]}}],"collection":[{"href":"https:\/\/ramkool.edu.ee\/roostiku\/wp-json\/wp\/v2\/pages"}],"about":[{"href":"https:\/\/ramkool.edu.ee\/roostiku\/wp-json\/wp\/v2\/types\/page"}],"author":[{"embeddable":true,"href":"https:\/\/ramkool.edu.ee\/roostiku\/wp-json\/wp\/v2\/users\/17"}],"replies":[{"embeddable":true,"href":"https:\/\/ramkool.edu.ee\/roostiku\/wp-json\/wp\/v2\/comments?post=12229"}],"version-history":[{"count":1,"href":"https:\/\/ramkool.edu.ee\/roostiku\/wp-json\/wp\/v2\/pages\/12229\/revisions"}],"predecessor-version":[{"id":12230,"href":"https:\/\/ramkool.edu.ee\/roostiku\/wp-json\/wp\/v2\/pages\/12229\/revisions\/12230"}],"up":[{"embeddable":true,"href":"https:\/\/ramkool.edu.ee\/roostiku\/wp-json\/wp\/v2\/pages\/12210"}],"wp:featuredmedia":[{"embeddable":true,"href":"https:\/\/ramkool.edu.ee\/roostiku\/wp-json\/wp\/v2\/media\/12119"}],"wp:attachment":[{"href":"https:\/\/ramkool.edu.ee\/roostiku\/wp-json\/wp\/v2\/media?parent=12229"}],"curies":[{"name":"wp","href":"https:\/\/api.w.org\/{rel}","templated":true}]}}