{"id":12395,"date":"2020-02-24T10:31:13","date_gmt":"2020-02-24T08:31:13","guid":{"rendered":"https:\/\/ramkool.edu.ee\/roostiku\/?page_id=12395"},"modified":"2020-02-24T10:34:29","modified_gmt":"2020-02-24T08:34:29","slug":"12395-2","status":"publish","type":"page","link":"https:\/\/ramkool.edu.ee\/roostiku\/pildialbum\/kooliaasta-2019-2020\/12395-2\/","title":{"rendered":"Ajaloolised etteasted"},"content":{"rendered":"<p>Keskajas ja Rootsi ajas r\u00e4nnates m\u00e4ngisme m\u00f5ned ajaloolised teemad l\u00e4bi: \u00f5pipoisist meistriks, keskaja koolitund ja Forseliuse seminari koolip\u00e4ev.<\/p>\n","protected":false},"excerpt":{"rendered":"<p>Keskajas ja Rootsi ajas r\u00e4nnates m\u00e4ngisme m\u00f5ned<\/p>\n","protected":false},"author":17,"featured_media":12440,"parent":10707,"menu_order":690,"comment_status":"closed","ping_status":"closed","template":"gallery-template.php","meta":{"_acf_changed":false,"footnotes":""},"class_list":["post-12395","page","type-page","status-publish","has-post-thumbnail","hentry"],"acf":[],"_links":{"self":[{"href":"https:\/\/ramkool.edu.ee\/roostiku\/wp-json\/wp\/v2\/pages\/12395","targetHints":{"allow":["GET"]}}],"collection":[{"href":"https:\/\/ramkool.edu.ee\/roostiku\/wp-json\/wp\/v2\/pages"}],"about":[{"href":"https:\/\/ramkool.edu.ee\/roostiku\/wp-json\/wp\/v2\/types\/page"}],"author":[{"embeddable":true,"href":"https:\/\/ramkool.edu.ee\/roostiku\/wp-json\/wp\/v2\/users\/17"}],"replies":[{"embeddable":true,"href":"https:\/\/ramkool.edu.ee\/roostiku\/wp-json\/wp\/v2\/comments?post=12395"}],"version-history":[{"count":3,"href":"https:\/\/ramkool.edu.ee\/roostiku\/wp-json\/wp\/v2\/pages\/12395\/revisions"}],"predecessor-version":[{"id":12443,"href":"https:\/\/ramkool.edu.ee\/roostiku\/wp-json\/wp\/v2\/pages\/12395\/revisions\/12443"}],"up":[{"embeddable":true,"href":"https:\/\/ramkool.edu.ee\/roostiku\/wp-json\/wp\/v2\/pages\/10707"}],"wp:featuredmedia":[{"embeddable":true,"href":"https:\/\/ramkool.edu.ee\/roostiku\/wp-json\/wp\/v2\/media\/12440"}],"wp:attachment":[{"href":"https:\/\/ramkool.edu.ee\/roostiku\/wp-json\/wp\/v2\/media?parent=12395"}],"curies":[{"name":"wp","href":"https:\/\/api.w.org\/{rel}","templated":true}]}}