{"id":12444,"date":"2020-02-24T10:45:07","date_gmt":"2020-02-24T08:45:07","guid":{"rendered":"https:\/\/ramkool.edu.ee\/roostiku\/?page_id=12444"},"modified":"2020-02-24T10:54:00","modified_gmt":"2020-02-24T08:54:00","slug":"foorumteater","status":"publish","type":"page","link":"https:\/\/ramkool.edu.ee\/roostiku\/pildialbum\/kooliaasta-2019-2020\/foorumteater\/","title":{"rendered":"Foorumteater"},"content":{"rendered":"<p>Lugesime raamatut &#8220;Pal-t\u00e4nava poisid&#8221;, vaatasime VAT Teatri etendust ja l\u00f5puks tuli meile k\u00fclla Mari-Liis Velberg foorumteatrist, et meiega sel teemal draamaelemente kasutades tegutseda. Taaslavastasime pilte etendusest ja m\u00f5tlesime, kuidas oleks lugu v\u00f5inud teisiti kulgeda. Oli inspireeriv ja m\u00f5tteid avardav ettev\u00f5tmine. Ait\u00e4h, Mari-Liis!<\/p>\n","protected":false},"excerpt":{"rendered":"<p>Lugesime raamatut &#8220;Pal-t\u00e4nava poisid&#8221;, vaatasime VAT Teatri<\/p>\n","protected":false},"author":17,"featured_media":12451,"parent":10707,"menu_order":680,"comment_status":"closed","ping_status":"closed","template":"gallery-template.php","meta":{"_acf_changed":false,"footnotes":""},"class_list":["post-12444","page","type-page","status-publish","has-post-thumbnail","hentry"],"acf":[],"_links":{"self":[{"href":"https:\/\/ramkool.edu.ee\/roostiku\/wp-json\/wp\/v2\/pages\/12444","targetHints":{"allow":["GET"]}}],"collection":[{"href":"https:\/\/ramkool.edu.ee\/roostiku\/wp-json\/wp\/v2\/pages"}],"about":[{"href":"https:\/\/ramkool.edu.ee\/roostiku\/wp-json\/wp\/v2\/types\/page"}],"author":[{"embeddable":true,"href":"https:\/\/ramkool.edu.ee\/roostiku\/wp-json\/wp\/v2\/users\/17"}],"replies":[{"embeddable":true,"href":"https:\/\/ramkool.edu.ee\/roostiku\/wp-json\/wp\/v2\/comments?post=12444"}],"version-history":[{"count":3,"href":"https:\/\/ramkool.edu.ee\/roostiku\/wp-json\/wp\/v2\/pages\/12444\/revisions"}],"predecessor-version":[{"id":12508,"href":"https:\/\/ramkool.edu.ee\/roostiku\/wp-json\/wp\/v2\/pages\/12444\/revisions\/12508"}],"up":[{"embeddable":true,"href":"https:\/\/ramkool.edu.ee\/roostiku\/wp-json\/wp\/v2\/pages\/10707"}],"wp:featuredmedia":[{"embeddable":true,"href":"https:\/\/ramkool.edu.ee\/roostiku\/wp-json\/wp\/v2\/media\/12451"}],"wp:attachment":[{"href":"https:\/\/ramkool.edu.ee\/roostiku\/wp-json\/wp\/v2\/media?parent=12444"}],"curies":[{"name":"wp","href":"https:\/\/api.w.org\/{rel}","templated":true}]}}