{"id":12509,"date":"2020-02-24T10:59:46","date_gmt":"2020-02-24T08:59:46","guid":{"rendered":"https:\/\/ramkool.edu.ee\/roostiku\/?page_id=12509"},"modified":"2020-02-24T11:01:08","modified_gmt":"2020-02-24T09:01:08","slug":"kulas-kadri-hinrikus","status":"publish","type":"page","link":"https:\/\/ramkool.edu.ee\/roostiku\/pildialbum\/kooliaasta-2019-2020\/kulas-kadri-hinrikus\/","title":{"rendered":"K\u00fclas Kadri Hinrikus"},"content":{"rendered":"<p>III perioodil lugesime 1.-4. talve lastega Kadri Hinrikuse raamatuid ja kutsusime kirjaniku k\u00fclla. R\u00e4\u00e4kisime heast lasteraamatust, ajakirjast T\u00e4heke ja kelleks keegi saada tahab. Kuulsime paari avaldamata lugu uuest raamatust. Oli hea olemine. Ait\u00e4h, Kadri Hinrikus!<\/p>\n","protected":false},"excerpt":{"rendered":"<p>III perioodil lugesime 1.-4. talve lastega Kadri<\/p>\n","protected":false},"author":17,"featured_media":12514,"parent":10707,"menu_order":670,"comment_status":"closed","ping_status":"closed","template":"gallery-template.php","meta":{"_acf_changed":false,"footnotes":""},"class_list":["post-12509","page","type-page","status-publish","has-post-thumbnail","hentry"],"acf":[],"_links":{"self":[{"href":"https:\/\/ramkool.edu.ee\/roostiku\/wp-json\/wp\/v2\/pages\/12509","targetHints":{"allow":["GET"]}}],"collection":[{"href":"https:\/\/ramkool.edu.ee\/roostiku\/wp-json\/wp\/v2\/pages"}],"about":[{"href":"https:\/\/ramkool.edu.ee\/roostiku\/wp-json\/wp\/v2\/types\/page"}],"author":[{"embeddable":true,"href":"https:\/\/ramkool.edu.ee\/roostiku\/wp-json\/wp\/v2\/users\/17"}],"replies":[{"embeddable":true,"href":"https:\/\/ramkool.edu.ee\/roostiku\/wp-json\/wp\/v2\/comments?post=12509"}],"version-history":[{"count":1,"href":"https:\/\/ramkool.edu.ee\/roostiku\/wp-json\/wp\/v2\/pages\/12509\/revisions"}],"predecessor-version":[{"id":12516,"href":"https:\/\/ramkool.edu.ee\/roostiku\/wp-json\/wp\/v2\/pages\/12509\/revisions\/12516"}],"up":[{"embeddable":true,"href":"https:\/\/ramkool.edu.ee\/roostiku\/wp-json\/wp\/v2\/pages\/10707"}],"wp:featuredmedia":[{"embeddable":true,"href":"https:\/\/ramkool.edu.ee\/roostiku\/wp-json\/wp\/v2\/media\/12514"}],"wp:attachment":[{"href":"https:\/\/ramkool.edu.ee\/roostiku\/wp-json\/wp\/v2\/media?parent=12509"}],"curies":[{"name":"wp","href":"https:\/\/api.w.org\/{rel}","templated":true}]}}