{"id":12758,"date":"2020-05-10T10:54:06","date_gmt":"2020-05-10T07:54:06","guid":{"rendered":"https:\/\/ramkool.edu.ee\/roostiku\/?page_id=12758"},"modified":"2020-05-10T20:49:06","modified_gmt":"2020-05-10T17:49:06","slug":"oksamehkised","status":"publish","type":"page","link":"https:\/\/ramkool.edu.ee\/roostiku\/pildialbum\/kooliaasta-2019-2020\/oksamehkised\/","title":{"rendered":"Oksamehikesed"},"content":{"rendered":"<p>Distanst\u00f5ppe ajal pistsime ikka nina \u00f5ue ka. Otsisime oksakesi, mis meenutaksid inimfiguure ja s\u00e4ttisime tantsur\u00fctmi.<\/p>\n","protected":false},"excerpt":{"rendered":"<p>Distanst\u00f5ppe ajal pistsime ikka nina \u00f5ue ka.<\/p>\n","protected":false},"author":17,"featured_media":12760,"parent":10707,"menu_order":630,"comment_status":"closed","ping_status":"closed","template":"gallery-template.php","meta":{"_acf_changed":false,"footnotes":""},"class_list":["post-12758","page","type-page","status-publish","has-post-thumbnail","hentry"],"acf":[],"_links":{"self":[{"href":"https:\/\/ramkool.edu.ee\/roostiku\/wp-json\/wp\/v2\/pages\/12758","targetHints":{"allow":["GET"]}}],"collection":[{"href":"https:\/\/ramkool.edu.ee\/roostiku\/wp-json\/wp\/v2\/pages"}],"about":[{"href":"https:\/\/ramkool.edu.ee\/roostiku\/wp-json\/wp\/v2\/types\/page"}],"author":[{"embeddable":true,"href":"https:\/\/ramkool.edu.ee\/roostiku\/wp-json\/wp\/v2\/users\/17"}],"replies":[{"embeddable":true,"href":"https:\/\/ramkool.edu.ee\/roostiku\/wp-json\/wp\/v2\/comments?post=12758"}],"version-history":[{"count":6,"href":"https:\/\/ramkool.edu.ee\/roostiku\/wp-json\/wp\/v2\/pages\/12758\/revisions"}],"predecessor-version":[{"id":12793,"href":"https:\/\/ramkool.edu.ee\/roostiku\/wp-json\/wp\/v2\/pages\/12758\/revisions\/12793"}],"up":[{"embeddable":true,"href":"https:\/\/ramkool.edu.ee\/roostiku\/wp-json\/wp\/v2\/pages\/10707"}],"wp:featuredmedia":[{"embeddable":true,"href":"https:\/\/ramkool.edu.ee\/roostiku\/wp-json\/wp\/v2\/media\/12760"}],"wp:attachment":[{"href":"https:\/\/ramkool.edu.ee\/roostiku\/wp-json\/wp\/v2\/media?parent=12758"}],"curies":[{"name":"wp","href":"https:\/\/api.w.org\/{rel}","templated":true}]}}