{"id":12843,"date":"2020-06-14T11:34:41","date_gmt":"2020-06-14T08:34:41","guid":{"rendered":"https:\/\/ramkool.edu.ee\/roostiku\/?page_id=12843"},"modified":"2020-06-14T12:29:57","modified_gmt":"2020-06-14T09:29:57","slug":"5-6-talve-jalutuskaik","status":"publish","type":"page","link":"https:\/\/ramkool.edu.ee\/roostiku\/pildialbum\/kooliaasta-2019-2020\/5-6-talve-jalutuskaik\/","title":{"rendered":"5.- 6. talve jalutusk\u00e4ik"},"content":{"rendered":"<p>Distants\u00f5ppe ja kooliaasta l\u00f5petuseks saime kokku ja matkasime Stroomi rannast Roostikusse. Tee peal lahendasime erinevaid \u00fclesandeid, uurisime loodust ja meisterdasime pildid mererannalt leituga.<\/p>\n","protected":false},"excerpt":{"rendered":"<p>Distants\u00f5ppe ja kooliaasta l\u00f5petuseks saime kokku ja<\/p>\n","protected":false},"author":17,"featured_media":12848,"parent":10707,"menu_order":580,"comment_status":"closed","ping_status":"closed","template":"gallery-template.php","meta":{"_acf_changed":false,"footnotes":""},"class_list":["post-12843","page","type-page","status-publish","has-post-thumbnail","hentry"],"acf":[],"_links":{"self":[{"href":"https:\/\/ramkool.edu.ee\/roostiku\/wp-json\/wp\/v2\/pages\/12843","targetHints":{"allow":["GET"]}}],"collection":[{"href":"https:\/\/ramkool.edu.ee\/roostiku\/wp-json\/wp\/v2\/pages"}],"about":[{"href":"https:\/\/ramkool.edu.ee\/roostiku\/wp-json\/wp\/v2\/types\/page"}],"author":[{"embeddable":true,"href":"https:\/\/ramkool.edu.ee\/roostiku\/wp-json\/wp\/v2\/users\/17"}],"replies":[{"embeddable":true,"href":"https:\/\/ramkool.edu.ee\/roostiku\/wp-json\/wp\/v2\/comments?post=12843"}],"version-history":[{"count":3,"href":"https:\/\/ramkool.edu.ee\/roostiku\/wp-json\/wp\/v2\/pages\/12843\/revisions"}],"predecessor-version":[{"id":12962,"href":"https:\/\/ramkool.edu.ee\/roostiku\/wp-json\/wp\/v2\/pages\/12843\/revisions\/12962"}],"up":[{"embeddable":true,"href":"https:\/\/ramkool.edu.ee\/roostiku\/wp-json\/wp\/v2\/pages\/10707"}],"wp:featuredmedia":[{"embeddable":true,"href":"https:\/\/ramkool.edu.ee\/roostiku\/wp-json\/wp\/v2\/media\/12848"}],"wp:attachment":[{"href":"https:\/\/ramkool.edu.ee\/roostiku\/wp-json\/wp\/v2\/media?parent=12843"}],"curies":[{"name":"wp","href":"https:\/\/api.w.org\/{rel}","templated":true}]}}