{"id":12927,"date":"2020-06-14T11:58:39","date_gmt":"2020-06-14T08:58:39","guid":{"rendered":"https:\/\/ramkool.edu.ee\/roostiku\/?page_id=12927"},"modified":"2020-06-14T12:30:49","modified_gmt":"2020-06-14T09:30:49","slug":"1-3-talve-jalutuskaik","status":"publish","type":"page","link":"https:\/\/ramkool.edu.ee\/roostiku\/pildialbum\/kooliaasta-2019-2020\/1-3-talve-jalutuskaik\/","title":{"rendered":"1.- 3. talve jalutusk\u00e4igud ja 4. talve tegemised"},"content":{"rendered":"<p>Distants\u00f5ppe ja kooliaasta l\u00f5petamiseks saime v\u00e4ikeste seltskondadega kokku. 1.- 3. talv matkas Harku j\u00e4rve \u00e4\u00e4rde, 4. talv sooritas edukalt jalgratta eksami. J\u00f5udsime ka meisterdada meie 6. talve tegelastele kaasa heade m\u00f5tete \u00f5hupallid.<\/p>\n","protected":false},"excerpt":{"rendered":"<p>Distants\u00f5ppe ja kooliaasta l\u00f5petamiseks saime v\u00e4ikeste seltskondadega<\/p>\n","protected":false},"author":17,"featured_media":12956,"parent":10707,"menu_order":600,"comment_status":"closed","ping_status":"closed","template":"gallery-template.php","meta":{"_acf_changed":false,"footnotes":""},"class_list":["post-12927","page","type-page","status-publish","has-post-thumbnail","hentry"],"acf":[],"_links":{"self":[{"href":"https:\/\/ramkool.edu.ee\/roostiku\/wp-json\/wp\/v2\/pages\/12927","targetHints":{"allow":["GET"]}}],"collection":[{"href":"https:\/\/ramkool.edu.ee\/roostiku\/wp-json\/wp\/v2\/pages"}],"about":[{"href":"https:\/\/ramkool.edu.ee\/roostiku\/wp-json\/wp\/v2\/types\/page"}],"author":[{"embeddable":true,"href":"https:\/\/ramkool.edu.ee\/roostiku\/wp-json\/wp\/v2\/users\/17"}],"replies":[{"embeddable":true,"href":"https:\/\/ramkool.edu.ee\/roostiku\/wp-json\/wp\/v2\/comments?post=12927"}],"version-history":[{"count":5,"href":"https:\/\/ramkool.edu.ee\/roostiku\/wp-json\/wp\/v2\/pages\/12927\/revisions"}],"predecessor-version":[{"id":12963,"href":"https:\/\/ramkool.edu.ee\/roostiku\/wp-json\/wp\/v2\/pages\/12927\/revisions\/12963"}],"up":[{"embeddable":true,"href":"https:\/\/ramkool.edu.ee\/roostiku\/wp-json\/wp\/v2\/pages\/10707"}],"wp:featuredmedia":[{"embeddable":true,"href":"https:\/\/ramkool.edu.ee\/roostiku\/wp-json\/wp\/v2\/media\/12956"}],"wp:attachment":[{"href":"https:\/\/ramkool.edu.ee\/roostiku\/wp-json\/wp\/v2\/media?parent=12927"}],"curies":[{"name":"wp","href":"https:\/\/api.w.org\/{rel}","templated":true}]}}