{"id":12964,"date":"2020-06-14T12:49:41","date_gmt":"2020-06-14T09:49:41","guid":{"rendered":"https:\/\/ramkool.edu.ee\/roostiku\/?page_id=12964"},"modified":"2020-06-14T12:52:02","modified_gmt":"2020-06-14T09:52:02","slug":"12964-2","status":"publish","type":"page","link":"https:\/\/ramkool.edu.ee\/roostiku\/omalooming\/12964-2\/","title":{"rendered":"Ideaalmaailm"},"content":{"rendered":"<p>Kodukoolis tutvusime Olev Subbi loominguga ja maalisime\/joonistasime k\u00e4ep\u00e4raste vahenditega distants\u00f5ppe aja l\u00f5petuseks oma ideaalmaailma.<\/p>\n","protected":false},"excerpt":{"rendered":"<p>Kodukoolis tutvusime Olev Subbi loominguga ja maalisime\/joonistasime<\/p>\n","protected":false},"author":17,"featured_media":12967,"parent":2754,"menu_order":850,"comment_status":"closed","ping_status":"closed","template":"gallery-template.php","meta":{"_acf_changed":false,"footnotes":""},"class_list":["post-12964","page","type-page","status-publish","has-post-thumbnail","hentry"],"acf":[],"_links":{"self":[{"href":"https:\/\/ramkool.edu.ee\/roostiku\/wp-json\/wp\/v2\/pages\/12964","targetHints":{"allow":["GET"]}}],"collection":[{"href":"https:\/\/ramkool.edu.ee\/roostiku\/wp-json\/wp\/v2\/pages"}],"about":[{"href":"https:\/\/ramkool.edu.ee\/roostiku\/wp-json\/wp\/v2\/types\/page"}],"author":[{"embeddable":true,"href":"https:\/\/ramkool.edu.ee\/roostiku\/wp-json\/wp\/v2\/users\/17"}],"replies":[{"embeddable":true,"href":"https:\/\/ramkool.edu.ee\/roostiku\/wp-json\/wp\/v2\/comments?post=12964"}],"version-history":[{"count":3,"href":"https:\/\/ramkool.edu.ee\/roostiku\/wp-json\/wp\/v2\/pages\/12964\/revisions"}],"predecessor-version":[{"id":12987,"href":"https:\/\/ramkool.edu.ee\/roostiku\/wp-json\/wp\/v2\/pages\/12964\/revisions\/12987"}],"up":[{"embeddable":true,"href":"https:\/\/ramkool.edu.ee\/roostiku\/wp-json\/wp\/v2\/pages\/2754"}],"wp:featuredmedia":[{"embeddable":true,"href":"https:\/\/ramkool.edu.ee\/roostiku\/wp-json\/wp\/v2\/media\/12967"}],"wp:attachment":[{"href":"https:\/\/ramkool.edu.ee\/roostiku\/wp-json\/wp\/v2\/media?parent=12964"}],"curies":[{"name":"wp","href":"https:\/\/api.w.org\/{rel}","templated":true}]}}