{"id":13090,"date":"2020-07-02T14:50:42","date_gmt":"2020-07-02T11:50:42","guid":{"rendered":"https:\/\/ramkool.edu.ee\/roostiku\/?page_id=13090"},"modified":"2026-01-07T11:22:06","modified_gmt":"2026-01-07T09:22:06","slug":"perioodid-ja-vaheajad","status":"publish","type":"page","link":"https:\/\/ramkool.edu.ee\/roostiku\/koolielu\/perioodid-ja-vaheajad\/","title":{"rendered":"Perioodid ja vaheajad"},"content":{"rendered":"<p>RaM Koolis on viis \u00f5ppeperioodi a\u2019 35 \u00f5ppep\u00e4eva.<\/p>\n<p>Meie koolis mitmeid aastaid kasutusel olnud vaheaegade s\u00fcsteemi eesm\u00e4rgiks on olnud korrastada kooliaastat, jaotades pingutuse ja puhkuse korrap\u00e4rase r\u00fctmiga sisult loogilisteks etappideks. S\u00fcsteem, kus iga periood l\u00f5peb vaheajaga, toetab nii \u00f5ppimist, laste tervist kui terviklikku arengut.<\/p>\n\n\n<p><strong>Perioodid ja vaheajad 2025\/2026. \u00f5ppeaastal<\/strong><\/p>\n\n\n\n<p><strong>I periood&nbsp;<\/strong>1. september \u2013 19. oktoober<br><strong>Vaheaeg<\/strong>&nbsp;20. oktoober \u2013 29. oktoober<\/p>\n\n\n\n<p><strong>II periood<\/strong>&nbsp;30. oktoober \u2013 17. detsember<br><strong>Vaheaeg&nbsp;<\/strong>18. detsember \u2013 4. jaanuar<\/p>\n\n\n\n<p><strong>III periood<\/strong>&nbsp;5. jaanuar \u2013 22. veebruar<br><strong>Vaheaeg&nbsp;<\/strong>23. veebruar \u2013 1. m\u00e4rts<\/p>\n\n\n\n<p><strong>IV periood&nbsp;<\/strong>2. m\u00e4rts \u2013 19. aprill<br><strong>Vaheaeg<\/strong>&nbsp;20. aprill \u2013 26. aprill<\/p>\n\n\n\n<p><strong>V periood<\/strong>&nbsp;27. aprill \u2013 12. juuni<br><strong>Vaheaeg<\/strong>&nbsp;13. juuni \u2013 31. august&nbsp;<\/p>\n\n\n\n<p><strong>Perioodid ja vaheajad 2026\/2027. \u00f5ppeaastal:<\/strong><\/p>\n\n\n\n<p><strong>I periood<\/strong>&nbsp;1. september \u2013 20. oktoober<br><strong>Vaheaeg<\/strong>&nbsp;21. oktoober \u2013 01. november<\/p>\n\n\n\n<p><strong>II periood<\/strong>&nbsp;02. november \u2013 18. detsember<br><strong>Vaheaeg<\/strong>&nbsp;19. detsember \u2013 4. jaanuar<\/p>\n\n\n\n<p><strong>III periood<\/strong>&nbsp;5. jaanuar \u2013 19. veebruar<br><strong>Vaheaeg&nbsp;<\/strong>20. veebruar \u2013 28. veebruar<\/p>\n\n\n\n<p><strong>IV periood<\/strong>&nbsp;1. m\u00e4rts \u2013 16. aprill<br><strong>Vaheaeg<\/strong>&nbsp;17. aprill \u2013 25. aprill<\/p>\n\n\n\n<p><strong>V periood<\/strong>&nbsp;26. aprill \u2013 10. juuni<br><strong>Vaheaeg&nbsp;<\/strong>11. juuni \u2013 31. august<\/p>\n","protected":false},"excerpt":{"rendered":"<p>RaM Koolis on viis \u00f5ppeperioodi a\u2019 35<\/p>\n","protected":false},"author":17,"featured_media":12980,"parent":1501,"menu_order":110,"comment_status":"closed","ping_status":"closed","template":"","meta":{"_acf_changed":false,"footnotes":""},"class_list":["post-13090","page","type-page","status-publish","has-post-thumbnail","hentry"],"acf":[],"_links":{"self":[{"href":"https:\/\/ramkool.edu.ee\/roostiku\/wp-json\/wp\/v2\/pages\/13090","targetHints":{"allow":["GET"]}}],"collection":[{"href":"https:\/\/ramkool.edu.ee\/roostiku\/wp-json\/wp\/v2\/pages"}],"about":[{"href":"https:\/\/ramkool.edu.ee\/roostiku\/wp-json\/wp\/v2\/types\/page"}],"author":[{"embeddable":true,"href":"https:\/\/ramkool.edu.ee\/roostiku\/wp-json\/wp\/v2\/users\/17"}],"replies":[{"embeddable":true,"href":"https:\/\/ramkool.edu.ee\/roostiku\/wp-json\/wp\/v2\/comments?post=13090"}],"version-history":[{"count":10,"href":"https:\/\/ramkool.edu.ee\/roostiku\/wp-json\/wp\/v2\/pages\/13090\/revisions"}],"predecessor-version":[{"id":27994,"href":"https:\/\/ramkool.edu.ee\/roostiku\/wp-json\/wp\/v2\/pages\/13090\/revisions\/27994"}],"up":[{"embeddable":true,"href":"https:\/\/ramkool.edu.ee\/roostiku\/wp-json\/wp\/v2\/pages\/1501"}],"wp:featuredmedia":[{"embeddable":true,"href":"https:\/\/ramkool.edu.ee\/roostiku\/wp-json\/wp\/v2\/media\/12980"}],"wp:attachment":[{"href":"https:\/\/ramkool.edu.ee\/roostiku\/wp-json\/wp\/v2\/media?parent=13090"}],"curies":[{"name":"wp","href":"https:\/\/api.w.org\/{rel}","templated":true}]}}