{"id":13246,"date":"2020-10-11T17:57:29","date_gmt":"2020-10-11T14:57:29","guid":{"rendered":"https:\/\/ramkool.edu.ee\/roostiku\/?page_id=13246"},"modified":"2020-10-11T18:00:06","modified_gmt":"2020-10-11T15:00:06","slug":"mangisime-pinksi","status":"publish","type":"page","link":"https:\/\/ramkool.edu.ee\/roostiku\/pildialbum\/2020-2021\/mangisime-pinksi\/","title":{"rendered":"M\u00e4ngisime pinksi"},"content":{"rendered":"<p>Septembrikuus oli spordin\u00e4dal. Ja selle puhul oli meil v\u00f5imalik suures koolis proovida lauatennist ja saada esimesed teadmisel sel spordialal treener Margit Tamme n\u00e4pun\u00e4idete abil. Ait\u00e4h, Margit!<\/p>\n","protected":false},"excerpt":{"rendered":"<p>Septembrikuus oli spordin\u00e4dal. Ja selle puhul oli<\/p>\n","protected":false},"author":17,"featured_media":13266,"parent":13109,"menu_order":890,"comment_status":"closed","ping_status":"closed","template":"gallery-template.php","meta":{"_acf_changed":false,"footnotes":""},"class_list":["post-13246","page","type-page","status-publish","has-post-thumbnail","hentry"],"acf":[],"_links":{"self":[{"href":"https:\/\/ramkool.edu.ee\/roostiku\/wp-json\/wp\/v2\/pages\/13246","targetHints":{"allow":["GET"]}}],"collection":[{"href":"https:\/\/ramkool.edu.ee\/roostiku\/wp-json\/wp\/v2\/pages"}],"about":[{"href":"https:\/\/ramkool.edu.ee\/roostiku\/wp-json\/wp\/v2\/types\/page"}],"author":[{"embeddable":true,"href":"https:\/\/ramkool.edu.ee\/roostiku\/wp-json\/wp\/v2\/users\/17"}],"replies":[{"embeddable":true,"href":"https:\/\/ramkool.edu.ee\/roostiku\/wp-json\/wp\/v2\/comments?post=13246"}],"version-history":[{"count":2,"href":"https:\/\/ramkool.edu.ee\/roostiku\/wp-json\/wp\/v2\/pages\/13246\/revisions"}],"predecessor-version":[{"id":13318,"href":"https:\/\/ramkool.edu.ee\/roostiku\/wp-json\/wp\/v2\/pages\/13246\/revisions\/13318"}],"up":[{"embeddable":true,"href":"https:\/\/ramkool.edu.ee\/roostiku\/wp-json\/wp\/v2\/pages\/13109"}],"wp:featuredmedia":[{"embeddable":true,"href":"https:\/\/ramkool.edu.ee\/roostiku\/wp-json\/wp\/v2\/media\/13266"}],"wp:attachment":[{"href":"https:\/\/ramkool.edu.ee\/roostiku\/wp-json\/wp\/v2\/media?parent=13246"}],"curies":[{"name":"wp","href":"https:\/\/api.w.org\/{rel}","templated":true}]}}