{"id":13319,"date":"2020-10-11T20:21:53","date_gmt":"2020-10-11T17:21:53","guid":{"rendered":"https:\/\/ramkool.edu.ee\/roostiku\/?page_id=13319"},"modified":"2020-10-11T20:25:38","modified_gmt":"2020-10-11T17:25:38","slug":"opetajate-paev","status":"publish","type":"page","link":"https:\/\/ramkool.edu.ee\/roostiku\/pildialbum\/2020-2021\/opetajate-paev\/","title":{"rendered":"\u00d5petajate p\u00e4ev"},"content":{"rendered":"<p>\u00d5petajate p\u00e4eval juhendasid meie head 6. talve noored tegemisi koolimajas. Kuldvillak matemaatilistel teemadel, Kahoot eesti keele k\u00fcsimustega, m\u00e4ngud inglise keeles, vana hea pilt ja lugu ajaloos, triibuliste seente joonistamine, jo-le-mi ja jahimees &#8211; k\u00f5ike saime proovida. Ait\u00e4h, Laura, Saskia, Laura Liisbet, Kristiin, Jaqueline, Marie Lee, Elise, Florian, Markus ja Gren! Olid sisulised tegevused ja r\u00f5\u00f5mus olemine.<\/p>\n","protected":false},"excerpt":{"rendered":"<p>\u00d5petajate p\u00e4eval juhendasid meie head 6. talve<\/p>\n","protected":false},"author":17,"featured_media":13369,"parent":13109,"menu_order":880,"comment_status":"closed","ping_status":"closed","template":"gallery-template.php","meta":{"_acf_changed":false,"footnotes":""},"class_list":["post-13319","page","type-page","status-publish","has-post-thumbnail","hentry"],"acf":[],"_links":{"self":[{"href":"https:\/\/ramkool.edu.ee\/roostiku\/wp-json\/wp\/v2\/pages\/13319","targetHints":{"allow":["GET"]}}],"collection":[{"href":"https:\/\/ramkool.edu.ee\/roostiku\/wp-json\/wp\/v2\/pages"}],"about":[{"href":"https:\/\/ramkool.edu.ee\/roostiku\/wp-json\/wp\/v2\/types\/page"}],"author":[{"embeddable":true,"href":"https:\/\/ramkool.edu.ee\/roostiku\/wp-json\/wp\/v2\/users\/17"}],"replies":[{"embeddable":true,"href":"https:\/\/ramkool.edu.ee\/roostiku\/wp-json\/wp\/v2\/comments?post=13319"}],"version-history":[{"count":1,"href":"https:\/\/ramkool.edu.ee\/roostiku\/wp-json\/wp\/v2\/pages\/13319\/revisions"}],"predecessor-version":[{"id":13371,"href":"https:\/\/ramkool.edu.ee\/roostiku\/wp-json\/wp\/v2\/pages\/13319\/revisions\/13371"}],"up":[{"embeddable":true,"href":"https:\/\/ramkool.edu.ee\/roostiku\/wp-json\/wp\/v2\/pages\/13109"}],"wp:featuredmedia":[{"embeddable":true,"href":"https:\/\/ramkool.edu.ee\/roostiku\/wp-json\/wp\/v2\/media\/13369"}],"wp:attachment":[{"href":"https:\/\/ramkool.edu.ee\/roostiku\/wp-json\/wp\/v2\/media?parent=13319"}],"curies":[{"name":"wp","href":"https:\/\/api.w.org\/{rel}","templated":true}]}}