{"id":13375,"date":"2020-10-11T22:55:37","date_gmt":"2020-10-11T19:55:37","guid":{"rendered":"https:\/\/ramkool.edu.ee\/roostiku\/?page_id=13375"},"modified":"2020-10-23T09:20:05","modified_gmt":"2020-10-23T06:20:05","slug":"spordipaev","status":"publish","type":"page","link":"https:\/\/ramkool.edu.ee\/roostiku\/pildialbum\/2020-2021\/spordipaev\/","title":{"rendered":"Spordip\u00e4ev"},"content":{"rendered":"<p>Spordip\u00e4eva juhtumid<\/p>\n<p><i>Reedel, 9. oktoobril toimus Roostiku koolil spordip\u00e4ev.<\/i><\/p>\n<p>Spordip\u00e4ev toimus Rocca al Mare kooli staadionil ja osa v\u00f5tsid k\u00f5ik\u00a0Roostiku kooli \u00f5pilased, kaasa arvatud 2 \u00f5petajat.\u00a0 Kavas olid teatejooks, kaugush\u00fcpe, 60 meetri jooks, pallivise ja l\u00f5petuseks ka jooks \u00fcmber Rocca al Mare kooli.\u00a0 \u00d5pilaste lemmikuks osutus ringiteade ja ka pallivise.\u00a0 Austatud kohtunikeks olid Roostiku kooli \u00f5petajad ja 2 \u00f5pilast, kes kahjuks spordip\u00e4eval ei osalenud, kuid olid abiks kohtunikut\u00f6\u00f6s. Tore oli ka see, et \u00f5pilased liikusid ringi gruppides, kus oli nii v\u00e4iksemaid kui ka suuremaid.\u00a0 Spordip\u00e4eva m\u00f5te oli teha r\u00f5\u00f5msat ja ausat sporti ning loomulikult tunda ka r\u00f5\u00f5mu v\u00e4rskest \u00f5hust ja spordist. V\u00f5itlusvaimu oli k\u00f5igil ja eranditult k\u00f5ik olid motiveeritud sporti tegema. Tulemused l\u00e4ksid muidugi kirja ja autasustamine toimub juba peagi.<\/p>\n<p>Nii kaua olgem sportlikud ja r\u00f5\u00f5msad!<\/p>\n<p>Laura Staalfeldt, Roostiku uudised, 13.10.2020<\/p>\n","protected":false},"excerpt":{"rendered":"<p>Spordip\u00e4eva juhtumid Reedel, 9. oktoobril toimus Roostiku<\/p>\n","protected":false},"author":17,"featured_media":13378,"parent":13109,"menu_order":870,"comment_status":"closed","ping_status":"closed","template":"gallery-template.php","meta":{"_acf_changed":false,"footnotes":""},"class_list":["post-13375","page","type-page","status-publish","has-post-thumbnail","hentry"],"acf":[],"_links":{"self":[{"href":"https:\/\/ramkool.edu.ee\/roostiku\/wp-json\/wp\/v2\/pages\/13375","targetHints":{"allow":["GET"]}}],"collection":[{"href":"https:\/\/ramkool.edu.ee\/roostiku\/wp-json\/wp\/v2\/pages"}],"about":[{"href":"https:\/\/ramkool.edu.ee\/roostiku\/wp-json\/wp\/v2\/types\/page"}],"author":[{"embeddable":true,"href":"https:\/\/ramkool.edu.ee\/roostiku\/wp-json\/wp\/v2\/users\/17"}],"replies":[{"embeddable":true,"href":"https:\/\/ramkool.edu.ee\/roostiku\/wp-json\/wp\/v2\/comments?post=13375"}],"version-history":[{"count":4,"href":"https:\/\/ramkool.edu.ee\/roostiku\/wp-json\/wp\/v2\/pages\/13375\/revisions"}],"predecessor-version":[{"id":13545,"href":"https:\/\/ramkool.edu.ee\/roostiku\/wp-json\/wp\/v2\/pages\/13375\/revisions\/13545"}],"up":[{"embeddable":true,"href":"https:\/\/ramkool.edu.ee\/roostiku\/wp-json\/wp\/v2\/pages\/13109"}],"wp:featuredmedia":[{"embeddable":true,"href":"https:\/\/ramkool.edu.ee\/roostiku\/wp-json\/wp\/v2\/media\/13378"}],"wp:attachment":[{"href":"https:\/\/ramkool.edu.ee\/roostiku\/wp-json\/wp\/v2\/media?parent=13375"}],"curies":[{"name":"wp","href":"https:\/\/api.w.org\/{rel}","templated":true}]}}