{"id":13728,"date":"2020-10-23T10:57:05","date_gmt":"2020-10-23T07:57:05","guid":{"rendered":"https:\/\/ramkool.edu.ee\/roostiku\/?page_id=13728"},"modified":"2020-10-23T12:03:42","modified_gmt":"2020-10-23T09:03:42","slug":"pannkoogipidu-kooliouel","status":"publish","type":"page","link":"https:\/\/ramkool.edu.ee\/roostiku\/pildialbum\/2020-2021\/pannkoogipidu-kooliouel\/","title":{"rendered":"Pannkoogipidu kooli\u00f5uel"},"content":{"rendered":"<p>1.septembril kolis Roostiku kool uude kohta Kakum\u00e4e Havenisse. Enne asus kool \u00d5ism\u00e4el Arigatos. Praegune kool on mitu korda suurem, kui seda anti meile\u00a0 Arigatos.<\/p>\n<p><i>Laste arvamus uue kooli kohta<\/i><\/p>\n<p>Rasmus: &#8220;Pole v\u00e4ga viga, siin koolis on 2 korrust ja suurem hoov. Mulle ei meeldi, et see kool nii kaugel on. Kuid muidu on see kool okei.&#8221;<\/p>\n<p>Grete: &#8220;Mitte nii hubane kui eelmine, aga elab \u00fcle.&#8221;<\/p>\n<p>Gren: &#8220;Siin on palju ruumi, aga pole selliseid kinnisi kambreid, kus saaks kas \u00fcksi v\u00f5i mitmekesi paarist\u00f6id teha.Vahest on 1 ja 6. talv koos, siis on jumala p\u00f5rgu! Aga muidu on t\u00e4itsa okei.&#8221;<\/p>\n<p>Uus kool meeldib k\u00f5igile, \u00fchele v\u00e4hem teistele j\u00e4lle rohkem. Koolil on 2 \u00f5ppimiskorrust pluss\u00a0 3 korrus on \u00f5petajate tuba. (Tuleb tunnistada, et pole isegi veel sinna sattunud \ud83d\ude42<\/p>\n<p>Kokkuv\u00f5tlikult on see kool hea ja suurem ja teistele meeldib ka!<\/p>\n<p><b><i>Markus Kiier 19. oktoobril<\/i><\/b><\/p>\n","protected":false},"excerpt":{"rendered":"<p>1.septembril kolis Roostiku kool uude kohta Kakum\u00e4e<\/p>\n","protected":false},"author":17,"featured_media":13768,"parent":13109,"menu_order":810,"comment_status":"closed","ping_status":"closed","template":"gallery-template.php","meta":{"_acf_changed":false,"footnotes":""},"class_list":["post-13728","page","type-page","status-publish","has-post-thumbnail","hentry"],"acf":[],"_links":{"self":[{"href":"https:\/\/ramkool.edu.ee\/roostiku\/wp-json\/wp\/v2\/pages\/13728","targetHints":{"allow":["GET"]}}],"collection":[{"href":"https:\/\/ramkool.edu.ee\/roostiku\/wp-json\/wp\/v2\/pages"}],"about":[{"href":"https:\/\/ramkool.edu.ee\/roostiku\/wp-json\/wp\/v2\/types\/page"}],"author":[{"embeddable":true,"href":"https:\/\/ramkool.edu.ee\/roostiku\/wp-json\/wp\/v2\/users\/17"}],"replies":[{"embeddable":true,"href":"https:\/\/ramkool.edu.ee\/roostiku\/wp-json\/wp\/v2\/comments?post=13728"}],"version-history":[{"count":4,"href":"https:\/\/ramkool.edu.ee\/roostiku\/wp-json\/wp\/v2\/pages\/13728\/revisions"}],"predecessor-version":[{"id":13813,"href":"https:\/\/ramkool.edu.ee\/roostiku\/wp-json\/wp\/v2\/pages\/13728\/revisions\/13813"}],"up":[{"embeddable":true,"href":"https:\/\/ramkool.edu.ee\/roostiku\/wp-json\/wp\/v2\/pages\/13109"}],"wp:featuredmedia":[{"embeddable":true,"href":"https:\/\/ramkool.edu.ee\/roostiku\/wp-json\/wp\/v2\/media\/13768"}],"wp:attachment":[{"href":"https:\/\/ramkool.edu.ee\/roostiku\/wp-json\/wp\/v2\/media?parent=13728"}],"curies":[{"name":"wp","href":"https:\/\/api.w.org\/{rel}","templated":true}]}}