{"id":13854,"date":"2020-11-29T21:03:52","date_gmt":"2020-11-29T19:03:52","guid":{"rendered":"https:\/\/ramkool.edu.ee\/roostiku\/?page_id=13854"},"modified":"2020-11-29T21:03:52","modified_gmt":"2020-11-29T19:03:52","slug":"manguvaljaku-avamine","status":"publish","type":"page","link":"https:\/\/ramkool.edu.ee\/roostiku\/pildialbum\/2020-2021\/manguvaljaku-avamine\/","title":{"rendered":"M\u00e4nguv\u00e4ljaku avamine"},"content":{"rendered":"<p>S\u00fcgisel hakkasime kuulma sahinaid, et Roostiku kooli \u00f5uele on oodata m\u00e4nguv\u00e4ljakut. Novembrikuus n\u00e4gime seda paari n\u00e4dal jooksul kerkimas. Ootus\u00e4revus kasvas ja kaks p\u00e4eva enne kadrip\u00e4eva saime lindid l\u00e4bi l\u00f5igata ja turnimisv\u00e4ljakul ning kiikedele lipata. Ait\u00e4h, Nora ja Mia pere, et meile r\u00f5\u00f5mu kinkisite!<\/p>\n","protected":false},"excerpt":{"rendered":"<p>S\u00fcgisel hakkasime kuulma sahinaid, et Roostiku kooli<\/p>\n","protected":false},"author":17,"featured_media":13894,"parent":13109,"menu_order":790,"comment_status":"closed","ping_status":"closed","template":"gallery-template.php","meta":{"_acf_changed":false,"footnotes":""},"class_list":["post-13854","page","type-page","status-publish","has-post-thumbnail","hentry"],"acf":[],"_links":{"self":[{"href":"https:\/\/ramkool.edu.ee\/roostiku\/wp-json\/wp\/v2\/pages\/13854","targetHints":{"allow":["GET"]}}],"collection":[{"href":"https:\/\/ramkool.edu.ee\/roostiku\/wp-json\/wp\/v2\/pages"}],"about":[{"href":"https:\/\/ramkool.edu.ee\/roostiku\/wp-json\/wp\/v2\/types\/page"}],"author":[{"embeddable":true,"href":"https:\/\/ramkool.edu.ee\/roostiku\/wp-json\/wp\/v2\/users\/17"}],"replies":[{"embeddable":true,"href":"https:\/\/ramkool.edu.ee\/roostiku\/wp-json\/wp\/v2\/comments?post=13854"}],"version-history":[{"count":1,"href":"https:\/\/ramkool.edu.ee\/roostiku\/wp-json\/wp\/v2\/pages\/13854\/revisions"}],"predecessor-version":[{"id":13905,"href":"https:\/\/ramkool.edu.ee\/roostiku\/wp-json\/wp\/v2\/pages\/13854\/revisions\/13905"}],"up":[{"embeddable":true,"href":"https:\/\/ramkool.edu.ee\/roostiku\/wp-json\/wp\/v2\/pages\/13109"}],"wp:featuredmedia":[{"embeddable":true,"href":"https:\/\/ramkool.edu.ee\/roostiku\/wp-json\/wp\/v2\/media\/13894"}],"wp:attachment":[{"href":"https:\/\/ramkool.edu.ee\/roostiku\/wp-json\/wp\/v2\/media?parent=13854"}],"curies":[{"name":"wp","href":"https:\/\/api.w.org\/{rel}","templated":true}]}}