{"id":13914,"date":"2020-12-16T20:53:51","date_gmt":"2020-12-16T18:53:51","guid":{"rendered":"https:\/\/ramkool.edu.ee\/roostiku\/?page_id=13914"},"modified":"2020-12-16T20:57:59","modified_gmt":"2020-12-16T18:57:59","slug":"esimene-lumi","status":"publish","type":"page","link":"https:\/\/ramkool.edu.ee\/roostiku\/pildialbum\/2020-2021\/esimene-lumi\/","title":{"rendered":"Esimene lumi"},"content":{"rendered":"<p>\u00d5ueala v\u00f5lub meid iga p\u00e4ev. Kui aga sajab maha esimene lumi, suureneb v\u00f5luj\u00f5ud veelgi.<\/p>\n","protected":false},"excerpt":{"rendered":"<p>\u00d5ueala v\u00f5lub meid iga p\u00e4ev. Kui aga<\/p>\n","protected":false},"author":17,"featured_media":13944,"parent":13109,"menu_order":780,"comment_status":"closed","ping_status":"closed","template":"gallery-template.php","meta":{"_acf_changed":false,"footnotes":""},"class_list":["post-13914","page","type-page","status-publish","has-post-thumbnail","hentry"],"acf":[],"_links":{"self":[{"href":"https:\/\/ramkool.edu.ee\/roostiku\/wp-json\/wp\/v2\/pages\/13914","targetHints":{"allow":["GET"]}}],"collection":[{"href":"https:\/\/ramkool.edu.ee\/roostiku\/wp-json\/wp\/v2\/pages"}],"about":[{"href":"https:\/\/ramkool.edu.ee\/roostiku\/wp-json\/wp\/v2\/types\/page"}],"author":[{"embeddable":true,"href":"https:\/\/ramkool.edu.ee\/roostiku\/wp-json\/wp\/v2\/users\/17"}],"replies":[{"embeddable":true,"href":"https:\/\/ramkool.edu.ee\/roostiku\/wp-json\/wp\/v2\/comments?post=13914"}],"version-history":[{"count":1,"href":"https:\/\/ramkool.edu.ee\/roostiku\/wp-json\/wp\/v2\/pages\/13914\/revisions"}],"predecessor-version":[{"id":13950,"href":"https:\/\/ramkool.edu.ee\/roostiku\/wp-json\/wp\/v2\/pages\/13914\/revisions\/13950"}],"up":[{"embeddable":true,"href":"https:\/\/ramkool.edu.ee\/roostiku\/wp-json\/wp\/v2\/pages\/13109"}],"wp:featuredmedia":[{"embeddable":true,"href":"https:\/\/ramkool.edu.ee\/roostiku\/wp-json\/wp\/v2\/media\/13944"}],"wp:attachment":[{"href":"https:\/\/ramkool.edu.ee\/roostiku\/wp-json\/wp\/v2\/media?parent=13914"}],"curies":[{"name":"wp","href":"https:\/\/api.w.org\/{rel}","templated":true}]}}