{"id":14191,"date":"2021-02-17T19:13:43","date_gmt":"2021-02-17T17:13:43","guid":{"rendered":"https:\/\/ramkool.edu.ee\/roostiku\/?page_id=14191"},"modified":"2021-02-17T19:21:25","modified_gmt":"2021-02-17T17:21:25","slug":"talvised-matkad-kakumae-metsas","status":"publish","type":"page","link":"https:\/\/ramkool.edu.ee\/roostiku\/pildialbum\/2020-2021\/talvised-matkad-kakumae-metsas\/","title":{"rendered":"Talvised matkad Kakum\u00e4e metsas"},"content":{"rendered":"<p>Jaanuaris k\u00e4isime kampadega Kakum\u00e4e metsas talve imetlemas. R\u00e4\u00e4kisime erinevatest metsat\u00fc\u00fcpidest, kuuskedest ja m\u00e4ndidest, metsade kaitsmisest, loomade tegutsemisj\u00e4lgedest, kuulasime ja j\u00e4lgisime. Pildistasime, m\u00e4ngisime puukulli, keetsime teed ja maiustasime koduste v\u00f5ileibadega. T\u00e4nasime metsa ja ammutasime v\u00e4ge puudest. Oli m\u00f5nu seltskond ja olemine!<\/p>\n","protected":false},"excerpt":{"rendered":"<p>Jaanuaris k\u00e4isime kampadega Kakum\u00e4e metsas talve imetlemas.<\/p>\n","protected":false},"author":17,"featured_media":14227,"parent":13109,"menu_order":750,"comment_status":"closed","ping_status":"closed","template":"gallery-template.php","meta":{"_acf_changed":false,"footnotes":""},"class_list":["post-14191","page","type-page","status-publish","has-post-thumbnail","hentry"],"acf":[],"_links":{"self":[{"href":"https:\/\/ramkool.edu.ee\/roostiku\/wp-json\/wp\/v2\/pages\/14191","targetHints":{"allow":["GET"]}}],"collection":[{"href":"https:\/\/ramkool.edu.ee\/roostiku\/wp-json\/wp\/v2\/pages"}],"about":[{"href":"https:\/\/ramkool.edu.ee\/roostiku\/wp-json\/wp\/v2\/types\/page"}],"author":[{"embeddable":true,"href":"https:\/\/ramkool.edu.ee\/roostiku\/wp-json\/wp\/v2\/users\/17"}],"replies":[{"embeddable":true,"href":"https:\/\/ramkool.edu.ee\/roostiku\/wp-json\/wp\/v2\/comments?post=14191"}],"version-history":[{"count":2,"href":"https:\/\/ramkool.edu.ee\/roostiku\/wp-json\/wp\/v2\/pages\/14191\/revisions"}],"predecessor-version":[{"id":14370,"href":"https:\/\/ramkool.edu.ee\/roostiku\/wp-json\/wp\/v2\/pages\/14191\/revisions\/14370"}],"up":[{"embeddable":true,"href":"https:\/\/ramkool.edu.ee\/roostiku\/wp-json\/wp\/v2\/pages\/13109"}],"wp:featuredmedia":[{"embeddable":true,"href":"https:\/\/ramkool.edu.ee\/roostiku\/wp-json\/wp\/v2\/media\/14227"}],"wp:attachment":[{"href":"https:\/\/ramkool.edu.ee\/roostiku\/wp-json\/wp\/v2\/media?parent=14191"}],"curies":[{"name":"wp","href":"https:\/\/api.w.org\/{rel}","templated":true}]}}