{"id":14385,"date":"2021-02-20T18:56:39","date_gmt":"2021-02-20T16:56:39","guid":{"rendered":"https:\/\/ramkool.edu.ee\/roostiku\/?page_id=14385"},"modified":"2021-02-20T18:59:37","modified_gmt":"2021-02-20T16:59:37","slug":"vastlapaev","status":"publish","type":"page","link":"https:\/\/ramkool.edu.ee\/roostiku\/pildialbum\/2020-2021\/vastlapaev\/","title":{"rendered":"Vastlap\u00e4ev"},"content":{"rendered":"<p>Vastlap\u00e4eval olid ukse taga kelgud reas. L\u00f5unapausi ajal haarasime need kaenlasse. Lustisime teatekaid tehes ja tuhisesime alla meie v\u00e4ikesest lumek\u00fcnkast. Avasime foton\u00e4ituse &#8220;Hetked Eestimaa looduses&#8221;. Peale tralli maitses kukkel ja tee imeh\u00e4sti.<\/p>\n<p>H\u00f5issa, vastlad ja Eestimaa talv!<\/p>\n","protected":false},"excerpt":{"rendered":"<p>Vastlap\u00e4eval olid ukse taga kelgud reas. L\u00f5unapausi<\/p>\n","protected":false},"author":17,"featured_media":14394,"parent":13109,"menu_order":740,"comment_status":"closed","ping_status":"closed","template":"gallery-template.php","meta":{"_acf_changed":false,"footnotes":""},"class_list":["post-14385","page","type-page","status-publish","has-post-thumbnail","hentry"],"acf":[],"_links":{"self":[{"href":"https:\/\/ramkool.edu.ee\/roostiku\/wp-json\/wp\/v2\/pages\/14385","targetHints":{"allow":["GET"]}}],"collection":[{"href":"https:\/\/ramkool.edu.ee\/roostiku\/wp-json\/wp\/v2\/pages"}],"about":[{"href":"https:\/\/ramkool.edu.ee\/roostiku\/wp-json\/wp\/v2\/types\/page"}],"author":[{"embeddable":true,"href":"https:\/\/ramkool.edu.ee\/roostiku\/wp-json\/wp\/v2\/users\/17"}],"replies":[{"embeddable":true,"href":"https:\/\/ramkool.edu.ee\/roostiku\/wp-json\/wp\/v2\/comments?post=14385"}],"version-history":[{"count":1,"href":"https:\/\/ramkool.edu.ee\/roostiku\/wp-json\/wp\/v2\/pages\/14385\/revisions"}],"predecessor-version":[{"id":14536,"href":"https:\/\/ramkool.edu.ee\/roostiku\/wp-json\/wp\/v2\/pages\/14385\/revisions\/14536"}],"up":[{"embeddable":true,"href":"https:\/\/ramkool.edu.ee\/roostiku\/wp-json\/wp\/v2\/pages\/13109"}],"wp:featuredmedia":[{"embeddable":true,"href":"https:\/\/ramkool.edu.ee\/roostiku\/wp-json\/wp\/v2\/media\/14394"}],"wp:attachment":[{"href":"https:\/\/ramkool.edu.ee\/roostiku\/wp-json\/wp\/v2\/media?parent=14385"}],"curies":[{"name":"wp","href":"https:\/\/api.w.org\/{rel}","templated":true}]}}