{"id":14770,"date":"2021-06-17T19:56:33","date_gmt":"2021-06-17T16:56:33","guid":{"rendered":"https:\/\/ramkool.edu.ee\/roostiku\/?page_id=14770"},"modified":"2021-06-17T19:56:33","modified_gmt":"2021-06-17T16:56:33","slug":"v-perioodi-tegemised-koolihoovil","status":"publish","type":"page","link":"https:\/\/ramkool.edu.ee\/roostiku\/pildialbum\/2020-2021\/v-perioodi-tegemised-koolihoovil\/","title":{"rendered":"V perioodi tegemised koolihoovil"},"content":{"rendered":"<p>Viiendal perioodil saime taas \u00fcheskoos koolimajas toimetada. R\u00f5\u00f5mu oli palju. Tegime t\u00e4navakunsti, meisterdasime putukahotelli, kasvatasime saialilli, limpsisime j\u00e4\u00e4tist, kiikusime ja ronisime ja piilusime ikka \u00f5pikutesse ja vihikutesse ka.<\/p>\n","protected":false},"excerpt":{"rendered":"<p>Viiendal perioodil saime taas \u00fcheskoos koolimajas toimetada.<\/p>\n","protected":false},"author":17,"featured_media":14838,"parent":13109,"menu_order":700,"comment_status":"closed","ping_status":"closed","template":"gallery-template.php","meta":{"_acf_changed":false,"footnotes":""},"class_list":["post-14770","page","type-page","status-publish","has-post-thumbnail","hentry"],"acf":[],"_links":{"self":[{"href":"https:\/\/ramkool.edu.ee\/roostiku\/wp-json\/wp\/v2\/pages\/14770","targetHints":{"allow":["GET"]}}],"collection":[{"href":"https:\/\/ramkool.edu.ee\/roostiku\/wp-json\/wp\/v2\/pages"}],"about":[{"href":"https:\/\/ramkool.edu.ee\/roostiku\/wp-json\/wp\/v2\/types\/page"}],"author":[{"embeddable":true,"href":"https:\/\/ramkool.edu.ee\/roostiku\/wp-json\/wp\/v2\/users\/17"}],"replies":[{"embeddable":true,"href":"https:\/\/ramkool.edu.ee\/roostiku\/wp-json\/wp\/v2\/comments?post=14770"}],"version-history":[{"count":1,"href":"https:\/\/ramkool.edu.ee\/roostiku\/wp-json\/wp\/v2\/pages\/14770\/revisions"}],"predecessor-version":[{"id":14964,"href":"https:\/\/ramkool.edu.ee\/roostiku\/wp-json\/wp\/v2\/pages\/14770\/revisions\/14964"}],"up":[{"embeddable":true,"href":"https:\/\/ramkool.edu.ee\/roostiku\/wp-json\/wp\/v2\/pages\/13109"}],"wp:featuredmedia":[{"embeddable":true,"href":"https:\/\/ramkool.edu.ee\/roostiku\/wp-json\/wp\/v2\/media\/14838"}],"wp:attachment":[{"href":"https:\/\/ramkool.edu.ee\/roostiku\/wp-json\/wp\/v2\/media?parent=14770"}],"curies":[{"name":"wp","href":"https:\/\/api.w.org\/{rel}","templated":true}]}}