{"id":15540,"date":"2021-09-05T20:21:23","date_gmt":"2021-09-05T17:21:23","guid":{"rendered":"https:\/\/ramkool.edu.ee\/roostiku\/?page_id=15540"},"modified":"2021-12-19T16:41:03","modified_gmt":"2021-12-19T14:41:03","slug":"1-september","status":"publish","type":"page","link":"https:\/\/ramkool.edu.ee\/roostiku\/pildialbum\/kooliaasta-2021-2022\/1-september\/","title":{"rendered":"1. september"},"content":{"rendered":"<ol>\n<li>septembril tuli \u00f5nn meie \u00f5uele ja avasime uue kooliaasta. Kuuenda talve tegelased v\u00f5tsid vastu meie uued pesamunad. M\u00e4ngisime memoriini, paigutasime suvepaiga Eesti kaardile, lehitsesime Roostiku pildialbumeid, jagasime aabitsaid ja maiustasime tordiga. Tundsime r\u00f5\u00f5mu p\u00e4ikesest ja s\u00fcgisesest tuulehoost.<\/li>\n<\/ol>\n<p>Pildistas Kert Saarma, Rocca al Mare Kooli vilistlane<\/p>\n<h2><strong>5. kooliaasta algas ilusa esimese septembriga<\/strong><\/h2>\n<h4><span style=\"font-weight: 400\">1.septembril algas ilus uus kooliaasta kooli\u00f5uel oleva aktusega.<\/span><\/h4>\n<ol>\n<li><span style=\"font-weight: 400\"> septembril aastal 2021 algas uus ilus kooliaasta aktusega, see aasta on Roostiku koolil juba viies aasta! Uut kooliaastat t\u00e4histati piduliku aktusega, v\u00f5eti vastu \u00f5pilased ja ka muidugi meie uued esimese talve lapsed! \u00d5pilased r\u00f5\u00f5mustasid \u00f5petajaid lillede ja ilusate s\u00f5nadega. Uued esimese talve lapsed said ka 6.talve poolt valmistatud k\u00e4epaelad ja oma esimesed \u00f5pikud &#8211; aabitsad.<\/span><\/li>\n<\/ol>\n<p><span style=\"font-weight: 400\">Esimene september sujus ladusalt ja r\u00f5\u00f5msalt. Roostiku kooli\u00a0 1. talve lapsed said ka endale mentorid, kuid sellest tuleb juttu teises artiklis.<\/span><\/p>\n<p><span style=\"font-weight: 400\">R\u00f5\u00f5mu ka teistele koolidele uueks aastaks!<\/span><\/p>\n<p>Uudise kirjutas Iris.<\/p>\n<h2><strong>Roostiku kooli\u00a0 esimesed mentorid<\/strong><\/h2>\n<p><span style=\"font-weight: 400\">1.septembrist 2021 hakkasid Roostiku kooli 6.talve lapsed 1.talvele mentoriteks.<\/span><\/p>\n<p><span style=\"font-weight: 400\">Roostiku kool on \u00fcks eriline kool. See avati aastal 2017. Asukoht on mere l\u00e4hedal. Roostiku koolil tuli m\u00f5te, et keegi v\u00f5iks\u00a0 meie 1. talvele olla mentoriks. Niisiis viipas \u00fcks tore m\u00f5te, et v\u00f5iksid olla meie kuuendikud meie esimesele talvele mentorid. Oi, see oli alles tore m\u00f5te. Roostikus on just esimene ja kuues talv koos kogu aasta, kuna kuues talv on viimast aastat ning esimene talv esimest aastat. Meie armsad kuuendikud on nii abivalmid 1. talvele ning nii tore on vaadata, kuidas nad oma v\u00e4ikese esimese talvega m\u00e4ngivad ja kui l\u00f5bus neil on.<\/span><\/p>\n<p><span style=\"font-weight: 400\">Kui meie koolist tahavad olla veel m\u00f5nest teisest talvest mentorid, peavad nad ootama kuuenda talveni just Roostiku koolis, kuna igas koolis seda v\u00f5imalust ei ole.<\/span><\/p>\n<p><span style=\"font-weight: 400\">J\u00e4rgmised mentorid on meie j\u00e4rgmised kuuendikud j\u00e4rgmisel aastal, uued esimese talve lapsed ka ja just kuues talv korraldab seda.<\/span><\/p>\n<p>Uudise kirjutas Mia.<\/p>\n","protected":false},"excerpt":{"rendered":"<p>septembril tuli \u00f5nn meie \u00f5uele ja avasime<\/p>\n","protected":false},"author":17,"featured_media":15666,"parent":15538,"menu_order":900,"comment_status":"closed","ping_status":"closed","template":"gallery-template.php","meta":{"_acf_changed":false,"footnotes":""},"class_list":["post-15540","page","type-page","status-publish","has-post-thumbnail","hentry"],"acf":[],"_links":{"self":[{"href":"https:\/\/ramkool.edu.ee\/roostiku\/wp-json\/wp\/v2\/pages\/15540","targetHints":{"allow":["GET"]}}],"collection":[{"href":"https:\/\/ramkool.edu.ee\/roostiku\/wp-json\/wp\/v2\/pages"}],"about":[{"href":"https:\/\/ramkool.edu.ee\/roostiku\/wp-json\/wp\/v2\/types\/page"}],"author":[{"embeddable":true,"href":"https:\/\/ramkool.edu.ee\/roostiku\/wp-json\/wp\/v2\/users\/17"}],"replies":[{"embeddable":true,"href":"https:\/\/ramkool.edu.ee\/roostiku\/wp-json\/wp\/v2\/comments?post=15540"}],"version-history":[{"count":5,"href":"https:\/\/ramkool.edu.ee\/roostiku\/wp-json\/wp\/v2\/pages\/15540\/revisions"}],"predecessor-version":[{"id":16662,"href":"https:\/\/ramkool.edu.ee\/roostiku\/wp-json\/wp\/v2\/pages\/15540\/revisions\/16662"}],"up":[{"embeddable":true,"href":"https:\/\/ramkool.edu.ee\/roostiku\/wp-json\/wp\/v2\/pages\/15538"}],"wp:featuredmedia":[{"embeddable":true,"href":"https:\/\/ramkool.edu.ee\/roostiku\/wp-json\/wp\/v2\/media\/15666"}],"wp:attachment":[{"href":"https:\/\/ramkool.edu.ee\/roostiku\/wp-json\/wp\/v2\/media?parent=15540"}],"curies":[{"name":"wp","href":"https:\/\/api.w.org\/{rel}","templated":true}]}}