{"id":15713,"date":"2021-09-26T22:17:18","date_gmt":"2021-09-26T19:17:18","guid":{"rendered":"https:\/\/ramkool.edu.ee\/roostiku\/?page_id=15713"},"modified":"2021-12-19T16:40:27","modified_gmt":"2021-12-19T14:40:27","slug":"loodusklass-pollul","status":"publish","type":"page","link":"https:\/\/ramkool.edu.ee\/roostiku\/pildialbum\/kooliaasta-2021-2022\/loodusklass-pollul\/","title":{"rendered":"Loodusklass p\u00f5llul"},"content":{"rendered":"<p>K\u00e4isime p\u00f5llul uurimas, kuidas kartuli- ja porgandiv\u00f5tt k\u00e4ib. N\u00e4gime v\u00f5imsaid masinaid, kuulsime pajatusi p\u00f5llut\u00f6\u00f6st. Saime n\u00e4pud mulda pista ja v\u00e4rsket saaki koguda. Peale p\u00f5llul m\u00fcttamist maitses frikadellisupp imehea. Ja muidugi tormasime ka jahimehe m\u00e4nguplatsile. Oli m\u00f5nus p\u00e4ev maal. Ait\u00e4h, Elise ja Hugo pere!\u00a0 Bussis k\u00f5las m\u00f5te, kas saaksime minna kuhugi lehmi l\u00fcpsma. Kes teab, palun andke teada.<\/p>\n<h2><strong>Roostiku kool kartulip\u00f5llul<\/strong><\/h2>\n<ol start=\"24\">\n<li><span style=\"font-weight: 400\"> septembril aastal 2021 r\u00e4ndasid Roostiku kooli lapsed k\u00fclas Hugo ja Elise vanavanemate p\u00f5llul Harju-Risti maadel.<\/span><\/li>\n<\/ol>\n<p><span style=\"font-weight: 400\">Kui kohale j\u00f5udsime, siis jutustas Hugo ja Elise vanaisa selle koha ajaloost ja tegevustest. R\u00e4ndasime kartulip\u00f5llult porgandip\u00f5llule. Uurisime kambaga, kuidas kartuli ja porgandiv\u00f5tt k\u00e4ib. Kuulsime jutte p\u00f5llut\u00f6\u00f6st. Saime isegi saaki koguda.<\/span><\/p>\n<p><span style=\"font-weight: 400\">Seej\u00e4rel me r\u00e4ndasime bussiga Villersi talu lattu, kus lamas m\u00e4gedeviisi kartuli kuhje. Meile pajatati Villersi punastest kartulites, mida me p\u00f5llul olime just korjanud. P\u00e4rast seda r\u00e4ndasime kambaga Hugo ja Elise vanaema juurde frikadellisuppi s\u00f6\u00f6ma, mis maitses v\u00f5rratult. Siis suundusime bussiga koju ja k\u00f5ik l\u00f5ppes h\u00e4sti. \u00a0<\/span><\/p>\n<p>Uudise kirjutas Rasmus.<\/p>\n","protected":false},"excerpt":{"rendered":"<p>K\u00e4isime p\u00f5llul uurimas, kuidas kartuli- ja porgandiv\u00f5tt<\/p>\n","protected":false},"author":17,"featured_media":15872,"parent":15538,"menu_order":890,"comment_status":"closed","ping_status":"closed","template":"gallery-template.php","meta":{"_acf_changed":false,"footnotes":""},"class_list":["post-15713","page","type-page","status-publish","has-post-thumbnail","hentry"],"acf":[],"_links":{"self":[{"href":"https:\/\/ramkool.edu.ee\/roostiku\/wp-json\/wp\/v2\/pages\/15713","targetHints":{"allow":["GET"]}}],"collection":[{"href":"https:\/\/ramkool.edu.ee\/roostiku\/wp-json\/wp\/v2\/pages"}],"about":[{"href":"https:\/\/ramkool.edu.ee\/roostiku\/wp-json\/wp\/v2\/types\/page"}],"author":[{"embeddable":true,"href":"https:\/\/ramkool.edu.ee\/roostiku\/wp-json\/wp\/v2\/users\/17"}],"replies":[{"embeddable":true,"href":"https:\/\/ramkool.edu.ee\/roostiku\/wp-json\/wp\/v2\/comments?post=15713"}],"version-history":[{"count":4,"href":"https:\/\/ramkool.edu.ee\/roostiku\/wp-json\/wp\/v2\/pages\/15713\/revisions"}],"predecessor-version":[{"id":16661,"href":"https:\/\/ramkool.edu.ee\/roostiku\/wp-json\/wp\/v2\/pages\/15713\/revisions\/16661"}],"up":[{"embeddable":true,"href":"https:\/\/ramkool.edu.ee\/roostiku\/wp-json\/wp\/v2\/pages\/15538"}],"wp:featuredmedia":[{"embeddable":true,"href":"https:\/\/ramkool.edu.ee\/roostiku\/wp-json\/wp\/v2\/media\/15872"}],"wp:attachment":[{"href":"https:\/\/ramkool.edu.ee\/roostiku\/wp-json\/wp\/v2\/media?parent=15713"}],"curies":[{"name":"wp","href":"https:\/\/api.w.org\/{rel}","templated":true}]}}