{"id":15922,"date":"2021-10-31T21:38:26","date_gmt":"2021-10-31T19:38:26","guid":{"rendered":"https:\/\/ramkool.edu.ee\/roostiku\/?page_id=15922"},"modified":"2021-12-19T16:49:27","modified_gmt":"2021-12-19T14:49:27","slug":"i-perioodi-tegemised","status":"publish","type":"page","link":"https:\/\/ramkool.edu.ee\/roostiku\/pildialbum\/kooliaasta-2021-2022\/i-perioodi-tegemised\/","title":{"rendered":"I perioodi tegemised"},"content":{"rendered":"<p>Esimesel septembril ootasime kooli\u00f5uel ja enne koolimaja ees, 2. septembril matkasime mereranda kive korjama, maalisime ja tegime n\u00e4item\u00e4ngu. Eks j\u00f5udsime muudki, aga pildile sattusid need s\u00fcndmused.<\/p>\n<h2><strong>Kuuenda talve ootamatu muutumine \u00fcrgaja inimesteks<\/strong><\/h2>\n<p><b>Roostiku kooli 6.talve ootamatu ajaloo etteaste oma kooliperele, kasutades asju, mis leidub nende\u00a0 koolimajas.<\/b><\/p>\n<ol start=\"21\">\n<li><span style=\"font-weight: 400\"> oktoobril Lesta 13 Roostiku koolis pidid Roostiku kooli 6.talve lapsed ajaloos \u00f5pitust lavastama arengu vanemast kiviajast metalliajani ilma s\u00f5nadeta. Aega oli neile antud poolteist tundi ja k\u00f5ik, mis laval kasutatud , oli koolimajast \u00fcles otsitud.<\/span><\/li>\n<\/ol>\n<p><span style=\"font-weight: 400\">Tund sellest ajast valmistasid 6.talve lapsed oma lava, l\u00e4bi m\u00f5eldes k\u00f5ik pisema detailini. Iga samm oli neil l\u00e4bi m\u00f5eldud ja h\u00e4sti harjutatud.\u00a0<\/span><\/p>\n<p><span style=\"font-weight: 400\">T\u00e4psemalt n\u00e4itlejad selles lavastused olid Dagmar, Grete , Iris , Rianna\u00a0 ja Rasmus Jan.\u00a0<\/span><\/p>\n<p><span style=\"font-weight: 400\">Publik oli kaasa haaratud ja v\u00e4ga p\u00f5nevil, mis k\u00fcll edasi s<\/span><span style=\"font-weight: 400\">aab. \u00d5petajad olid samuti vaimustuses ning suurest armastusest ja uhkusest nad isegi nutsid.<\/span><\/p>\n<p>Uudise kirjutas Dagmar.<\/p>\n","protected":false},"excerpt":{"rendered":"<p>Esimesel septembril ootasime kooli\u00f5uel ja enne koolimaja<\/p>\n","protected":false},"author":17,"featured_media":15932,"parent":15538,"menu_order":880,"comment_status":"closed","ping_status":"closed","template":"gallery-template.php","meta":{"_acf_changed":false,"footnotes":""},"class_list":["post-15922","page","type-page","status-publish","has-post-thumbnail","hentry"],"acf":[],"_links":{"self":[{"href":"https:\/\/ramkool.edu.ee\/roostiku\/wp-json\/wp\/v2\/pages\/15922","targetHints":{"allow":["GET"]}}],"collection":[{"href":"https:\/\/ramkool.edu.ee\/roostiku\/wp-json\/wp\/v2\/pages"}],"about":[{"href":"https:\/\/ramkool.edu.ee\/roostiku\/wp-json\/wp\/v2\/types\/page"}],"author":[{"embeddable":true,"href":"https:\/\/ramkool.edu.ee\/roostiku\/wp-json\/wp\/v2\/users\/17"}],"replies":[{"embeddable":true,"href":"https:\/\/ramkool.edu.ee\/roostiku\/wp-json\/wp\/v2\/comments?post=15922"}],"version-history":[{"count":4,"href":"https:\/\/ramkool.edu.ee\/roostiku\/wp-json\/wp\/v2\/pages\/15922\/revisions"}],"predecessor-version":[{"id":16665,"href":"https:\/\/ramkool.edu.ee\/roostiku\/wp-json\/wp\/v2\/pages\/15922\/revisions\/16665"}],"up":[{"embeddable":true,"href":"https:\/\/ramkool.edu.ee\/roostiku\/wp-json\/wp\/v2\/pages\/15538"}],"wp:featuredmedia":[{"embeddable":true,"href":"https:\/\/ramkool.edu.ee\/roostiku\/wp-json\/wp\/v2\/media\/15932"}],"wp:attachment":[{"href":"https:\/\/ramkool.edu.ee\/roostiku\/wp-json\/wp\/v2\/media?parent=15922"}],"curies":[{"name":"wp","href":"https:\/\/api.w.org\/{rel}","templated":true}]}}