{"id":16024,"date":"2021-10-31T21:46:04","date_gmt":"2021-10-31T19:46:04","guid":{"rendered":"https:\/\/ramkool.edu.ee\/roostiku\/?page_id=16024"},"modified":"2021-10-31T21:46:24","modified_gmt":"2021-10-31T19:46:24","slug":"kui-punab-pihlapuu","status":"publish","type":"page","link":"https:\/\/ramkool.edu.ee\/roostiku\/omalooming\/kui-punab-pihlapuu\/","title":{"rendered":"Kui punab pihlapuu,"},"content":{"rendered":"<p>siis vesiv\u00e4rvid ei saa mitte kuivaks j\u00e4\u00e4da.<\/p>\n","protected":false},"excerpt":{"rendered":"<p>siis vesiv\u00e4rvid ei saa mitte kuivaks j\u00e4\u00e4da.<\/p>\n","protected":false},"author":17,"featured_media":16043,"parent":2754,"menu_order":820,"comment_status":"closed","ping_status":"closed","template":"gallery-template.php","meta":{"_acf_changed":false,"footnotes":""},"class_list":["post-16024","page","type-page","status-publish","has-post-thumbnail","hentry"],"acf":[],"_links":{"self":[{"href":"https:\/\/ramkool.edu.ee\/roostiku\/wp-json\/wp\/v2\/pages\/16024","targetHints":{"allow":["GET"]}}],"collection":[{"href":"https:\/\/ramkool.edu.ee\/roostiku\/wp-json\/wp\/v2\/pages"}],"about":[{"href":"https:\/\/ramkool.edu.ee\/roostiku\/wp-json\/wp\/v2\/types\/page"}],"author":[{"embeddable":true,"href":"https:\/\/ramkool.edu.ee\/roostiku\/wp-json\/wp\/v2\/users\/17"}],"replies":[{"embeddable":true,"href":"https:\/\/ramkool.edu.ee\/roostiku\/wp-json\/wp\/v2\/comments?post=16024"}],"version-history":[{"count":2,"href":"https:\/\/ramkool.edu.ee\/roostiku\/wp-json\/wp\/v2\/pages\/16024\/revisions"}],"predecessor-version":[{"id":16050,"href":"https:\/\/ramkool.edu.ee\/roostiku\/wp-json\/wp\/v2\/pages\/16024\/revisions\/16050"}],"up":[{"embeddable":true,"href":"https:\/\/ramkool.edu.ee\/roostiku\/wp-json\/wp\/v2\/pages\/2754"}],"wp:featuredmedia":[{"embeddable":true,"href":"https:\/\/ramkool.edu.ee\/roostiku\/wp-json\/wp\/v2\/media\/16043"}],"wp:attachment":[{"href":"https:\/\/ramkool.edu.ee\/roostiku\/wp-json\/wp\/v2\/media?parent=16024"}],"curies":[{"name":"wp","href":"https:\/\/api.w.org\/{rel}","templated":true}]}}