{"id":16103,"date":"2021-11-14T11:40:23","date_gmt":"2021-11-14T09:40:23","guid":{"rendered":"https:\/\/ramkool.edu.ee\/roostiku\/?page_id=16103"},"modified":"2021-12-19T16:56:48","modified_gmt":"2021-12-19T14:56:48","slug":"halloween","status":"publish","type":"page","link":"https:\/\/ramkool.edu.ee\/roostiku\/pildialbum\/kooliaasta-2021-2022\/halloween\/","title":{"rendered":"Halloween"},"content":{"rendered":"<p>Uut perioodi alustasime halloweeni vaimus. Tutvustasime kost\u00fc\u00fcme, lugesime k\u00f5dust tekitavaid lugusid (ise kirjutasime), maitsesime halloweeni-teemalisi maiustusi ja maalisime k\u00f6\u00f6giviljade nat\u00fc\u00fcrmorti. Ja \u017e\u00fcrii valis ka parimad kost\u00fc\u00fcmid.<\/p>\n<p>I koht Dagmar<\/p>\n<p>II koht Ralf Tristan<\/p>\n<p>III koht Grete<\/p>\n<p>Ait\u00e4h \u017e\u00fcriile ja \u00fcrituse algatajatele: Ella, Meribel ja Isabel!<\/p>\n<h2><strong>Roostiku kooli <\/strong><strong>HALLOWEEN<\/strong><\/h2>\n<p><span style=\"font-weight: 400\">\u00a01.novembril oli Roostiku koolis Halloweeni t\u00e4histamine. \u00d5pilastele palusid 4. ja 5. talve kohtunikud panna halloweeni riided ja esimesed pool p\u00e4eva t\u00e4histasid koolilapsed r\u00f5\u00f5msalt Halloweeni. Roostiku kooli \u00f5pilaste riiete tutvustamises oli 3 kohtunikku ja 3 k\u00f5ige paremat kost\u00fc\u00fcmi said auhinna! Esimese koha v\u00f5itis Dagmar! Koolimajja v\u00f5is ka tuua igasuguseid Halloweeni-teemalisi sn\u00e4kke. Paljud t\u00f5id kommi, aga parimad sn\u00e4kid olid ikka ise tehtud! M\u00e4ngiti ka igasuguseid m\u00e4nge ja oli \u00fcks v\u00e4ga l\u00f5bus koolip\u00e4ev!\u00a0<\/span><\/p>\n<p>Uudise kirjutas Hannelore.<\/p>\n","protected":false},"excerpt":{"rendered":"<p>Uut perioodi alustasime halloweeni vaimus. Tutvustasime kost\u00fc\u00fcme,<\/p>\n","protected":false},"author":17,"featured_media":16183,"parent":15538,"menu_order":870,"comment_status":"closed","ping_status":"closed","template":"gallery-template.php","meta":{"_acf_changed":false,"footnotes":""},"class_list":["post-16103","page","type-page","status-publish","has-post-thumbnail","hentry"],"acf":[],"_links":{"self":[{"href":"https:\/\/ramkool.edu.ee\/roostiku\/wp-json\/wp\/v2\/pages\/16103","targetHints":{"allow":["GET"]}}],"collection":[{"href":"https:\/\/ramkool.edu.ee\/roostiku\/wp-json\/wp\/v2\/pages"}],"about":[{"href":"https:\/\/ramkool.edu.ee\/roostiku\/wp-json\/wp\/v2\/types\/page"}],"author":[{"embeddable":true,"href":"https:\/\/ramkool.edu.ee\/roostiku\/wp-json\/wp\/v2\/users\/17"}],"replies":[{"embeddable":true,"href":"https:\/\/ramkool.edu.ee\/roostiku\/wp-json\/wp\/v2\/comments?post=16103"}],"version-history":[{"count":8,"href":"https:\/\/ramkool.edu.ee\/roostiku\/wp-json\/wp\/v2\/pages\/16103\/revisions"}],"predecessor-version":[{"id":16667,"href":"https:\/\/ramkool.edu.ee\/roostiku\/wp-json\/wp\/v2\/pages\/16103\/revisions\/16667"}],"up":[{"embeddable":true,"href":"https:\/\/ramkool.edu.ee\/roostiku\/wp-json\/wp\/v2\/pages\/15538"}],"wp:featuredmedia":[{"embeddable":true,"href":"https:\/\/ramkool.edu.ee\/roostiku\/wp-json\/wp\/v2\/media\/16183"}],"wp:attachment":[{"href":"https:\/\/ramkool.edu.ee\/roostiku\/wp-json\/wp\/v2\/media?parent=16103"}],"curies":[{"name":"wp","href":"https:\/\/api.w.org\/{rel}","templated":true}]}}