{"id":16397,"date":"2021-12-05T18:58:44","date_gmt":"2021-12-05T16:58:44","guid":{"rendered":"https:\/\/ramkool.edu.ee\/roostiku\/?page_id=16397"},"modified":"2021-12-19T16:38:35","modified_gmt":"2021-12-19T14:38:35","slug":"kadrid-filmiohtul","status":"publish","type":"page","link":"https:\/\/ramkool.edu.ee\/roostiku\/pildialbum\/kooliaasta-2021-2022\/kadrid-filmiohtul\/","title":{"rendered":"Kadrid filmi\u00f5htul"},"content":{"rendered":"<h2><b>Filmi\u00f5htu kadrip\u00e4eval<\/b><\/h2>\n<p><span style=\"font-weight: 400\">Roostiku kool k\u00e4ib iga aasta kinos filmi vaatamas, aga see aasta, ei olnud v\u00f5imalik minna kinno koroona p\u00e4rast. Seep\u00e4rast p\u00fchendati kadrip\u00e4ev filmi\u00f5htuks.<\/span><\/p>\n<ol start=\"21\">\n<li><span style=\"font-weight: 400\"> novembril peeti Roostiku koolis filmi\u00f5htu, mis oli p\u00fchendatud kadrip\u00e4evale, kus oli riietuse reegel kanda valget. See algas kell 16:00, ning kestis kuni 20:30. <\/span>Oli ka palutud tulijatele tuua suupisteid, mille seas osutus k\u00f5ige arvukamaks popcorn. Filmi valikutest olid k\u00f5ige populaarsem ,, Koduk\u00fcla piraat \u2018\u2019. \u00dcks teine tugeva muljega film oli ,, Poksiplikka\u2019\u2019, aga sellel oli vanuse soovitus, mis oli alates 5. talvest. Rahvas j\u00e4i fimidega rahule ning toit maitses k\u00f5igile.<\/li>\n<\/ol>\n<p>Uudise kirjutas Oskar.<\/p>\n","protected":false},"excerpt":{"rendered":"<p>Filmi\u00f5htu kadrip\u00e4eval Roostiku kool k\u00e4ib iga aasta<\/p>\n","protected":false},"author":17,"featured_media":16415,"parent":15538,"menu_order":850,"comment_status":"closed","ping_status":"closed","template":"gallery-template.php","meta":{"_acf_changed":false,"footnotes":""},"class_list":["post-16397","page","type-page","status-publish","has-post-thumbnail","hentry"],"acf":[],"_links":{"self":[{"href":"https:\/\/ramkool.edu.ee\/roostiku\/wp-json\/wp\/v2\/pages\/16397","targetHints":{"allow":["GET"]}}],"collection":[{"href":"https:\/\/ramkool.edu.ee\/roostiku\/wp-json\/wp\/v2\/pages"}],"about":[{"href":"https:\/\/ramkool.edu.ee\/roostiku\/wp-json\/wp\/v2\/types\/page"}],"author":[{"embeddable":true,"href":"https:\/\/ramkool.edu.ee\/roostiku\/wp-json\/wp\/v2\/users\/17"}],"replies":[{"embeddable":true,"href":"https:\/\/ramkool.edu.ee\/roostiku\/wp-json\/wp\/v2\/comments?post=16397"}],"version-history":[{"count":3,"href":"https:\/\/ramkool.edu.ee\/roostiku\/wp-json\/wp\/v2\/pages\/16397\/revisions"}],"predecessor-version":[{"id":16658,"href":"https:\/\/ramkool.edu.ee\/roostiku\/wp-json\/wp\/v2\/pages\/16397\/revisions\/16658"}],"up":[{"embeddable":true,"href":"https:\/\/ramkool.edu.ee\/roostiku\/wp-json\/wp\/v2\/pages\/15538"}],"wp:featuredmedia":[{"embeddable":true,"href":"https:\/\/ramkool.edu.ee\/roostiku\/wp-json\/wp\/v2\/media\/16415"}],"wp:attachment":[{"href":"https:\/\/ramkool.edu.ee\/roostiku\/wp-json\/wp\/v2\/media?parent=16397"}],"curies":[{"name":"wp","href":"https:\/\/api.w.org\/{rel}","templated":true}]}}