{"id":16571,"date":"2021-12-19T15:58:43","date_gmt":"2021-12-19T13:58:43","guid":{"rendered":"https:\/\/ramkool.edu.ee\/roostiku\/?page_id=16571"},"modified":"2021-12-19T15:59:22","modified_gmt":"2021-12-19T13:59:22","slug":"joulupaev","status":"publish","type":"page","link":"https:\/\/ramkool.edu.ee\/roostiku\/pildialbum\/kooliaasta-2021-2022\/joulupaev\/","title":{"rendered":"J\u00f5ulup\u00e4ev"},"content":{"rendered":"<p>J\u00f5ulup\u00e4eval k\u00f6itsime kokku &#8220;Roostiku jubejuttude&#8221; raamatud. Kirjutasime j\u00f5uluvanale eelmisest aastast ja uutest unistustest. M\u00f5tisklesime muusika ja k\u00fc\u00fcnlavalguses jubejuttude keskel. S\u00f5ime maitsvat j\u00f5ulupraadi. Laulsime j\u00f5ululaule. Ja kui k\u00f5ik t\u00f6\u00f6d tehtud, r\u00f5\u00f5mustas meid meelolukas p\u00e4kapikkude seltskond.<\/p>\n","protected":false},"excerpt":{"rendered":"<p>J\u00f5ulup\u00e4eval k\u00f6itsime kokku &#8220;Roostiku jubejuttude&#8221; raamatud. Kirjutasime<\/p>\n","protected":false},"author":17,"featured_media":16624,"parent":15538,"menu_order":810,"comment_status":"closed","ping_status":"closed","template":"gallery-template.php","meta":{"_acf_changed":false,"footnotes":""},"class_list":["post-16571","page","type-page","status-publish","has-post-thumbnail","hentry"],"acf":[],"_links":{"self":[{"href":"https:\/\/ramkool.edu.ee\/roostiku\/wp-json\/wp\/v2\/pages\/16571","targetHints":{"allow":["GET"]}}],"collection":[{"href":"https:\/\/ramkool.edu.ee\/roostiku\/wp-json\/wp\/v2\/pages"}],"about":[{"href":"https:\/\/ramkool.edu.ee\/roostiku\/wp-json\/wp\/v2\/types\/page"}],"author":[{"embeddable":true,"href":"https:\/\/ramkool.edu.ee\/roostiku\/wp-json\/wp\/v2\/users\/17"}],"replies":[{"embeddable":true,"href":"https:\/\/ramkool.edu.ee\/roostiku\/wp-json\/wp\/v2\/comments?post=16571"}],"version-history":[{"count":1,"href":"https:\/\/ramkool.edu.ee\/roostiku\/wp-json\/wp\/v2\/pages\/16571\/revisions"}],"predecessor-version":[{"id":16642,"href":"https:\/\/ramkool.edu.ee\/roostiku\/wp-json\/wp\/v2\/pages\/16571\/revisions\/16642"}],"up":[{"embeddable":true,"href":"https:\/\/ramkool.edu.ee\/roostiku\/wp-json\/wp\/v2\/pages\/15538"}],"wp:featuredmedia":[{"embeddable":true,"href":"https:\/\/ramkool.edu.ee\/roostiku\/wp-json\/wp\/v2\/media\/16624"}],"wp:attachment":[{"href":"https:\/\/ramkool.edu.ee\/roostiku\/wp-json\/wp\/v2\/media?parent=16571"}],"curies":[{"name":"wp","href":"https:\/\/api.w.org\/{rel}","templated":true}]}}