{"id":16676,"date":"2022-01-08T19:34:18","date_gmt":"2022-01-08T17:34:18","guid":{"rendered":"https:\/\/ramkool.edu.ee\/roostiku\/?page_id=16676"},"modified":"2022-01-23T18:14:21","modified_gmt":"2022-01-23T16:14:21","slug":"uue-aasta-esimene-koolipaev","status":"publish","type":"page","link":"https:\/\/ramkool.edu.ee\/roostiku\/pildialbum\/kooliaasta-2021-2022\/uue-aasta-esimene-koolipaev\/","title":{"rendered":"Uue aasta esimene koolip\u00e4ev"},"content":{"rendered":"<p>Uuele aastale l\u00fckkasime hoo sisse. Valasime, joonistasime ja t\u00f5lgendasime \u00f5nne, meisterdasime saluute.<\/p>\n","protected":false},"excerpt":{"rendered":"<p>Uuele aastale l\u00fckkasime hoo sisse. Valasime, joonistasime<\/p>\n","protected":false},"author":17,"featured_media":16727,"parent":15538,"menu_order":800,"comment_status":"closed","ping_status":"closed","template":"gallery-template.php","meta":{"_acf_changed":false,"footnotes":""},"class_list":["post-16676","page","type-page","status-publish","has-post-thumbnail","hentry"],"acf":[],"_links":{"self":[{"href":"https:\/\/ramkool.edu.ee\/roostiku\/wp-json\/wp\/v2\/pages\/16676","targetHints":{"allow":["GET"]}}],"collection":[{"href":"https:\/\/ramkool.edu.ee\/roostiku\/wp-json\/wp\/v2\/pages"}],"about":[{"href":"https:\/\/ramkool.edu.ee\/roostiku\/wp-json\/wp\/v2\/types\/page"}],"author":[{"embeddable":true,"href":"https:\/\/ramkool.edu.ee\/roostiku\/wp-json\/wp\/v2\/users\/17"}],"replies":[{"embeddable":true,"href":"https:\/\/ramkool.edu.ee\/roostiku\/wp-json\/wp\/v2\/comments?post=16676"}],"version-history":[{"count":3,"href":"https:\/\/ramkool.edu.ee\/roostiku\/wp-json\/wp\/v2\/pages\/16676\/revisions"}],"predecessor-version":[{"id":16818,"href":"https:\/\/ramkool.edu.ee\/roostiku\/wp-json\/wp\/v2\/pages\/16676\/revisions\/16818"}],"up":[{"embeddable":true,"href":"https:\/\/ramkool.edu.ee\/roostiku\/wp-json\/wp\/v2\/pages\/15538"}],"wp:featuredmedia":[{"embeddable":true,"href":"https:\/\/ramkool.edu.ee\/roostiku\/wp-json\/wp\/v2\/media\/16727"}],"wp:attachment":[{"href":"https:\/\/ramkool.edu.ee\/roostiku\/wp-json\/wp\/v2\/media?parent=16676"}],"curies":[{"name":"wp","href":"https:\/\/api.w.org\/{rel}","templated":true}]}}