{"id":16846,"date":"2022-03-19T19:52:14","date_gmt":"2022-03-19T17:52:14","guid":{"rendered":"https:\/\/ramkool.edu.ee\/roostiku\/?page_id=16846"},"modified":"2022-03-20T12:53:28","modified_gmt":"2022-03-20T10:53:28","slug":"emakeelepaeva-etteutlus","status":"publish","type":"page","link":"https:\/\/ramkool.edu.ee\/roostiku\/pildialbum\/kooliaasta-2021-2022\/emakeelepaeva-etteutlus\/","title":{"rendered":"Emakeelep\u00e4eva ette\u00fctlus"},"content":{"rendered":"<p>Emakeelep\u00e4eval kirjutasime traditsiooniliselt ette\u00fctlust. Pusisime hoolega ja selgitasime v\u00e4lja selle aasta parimad kirjutajad ehk Teravad Pliiatsid 2022.<\/p>\n<p>Palju \u00f5nne, Teravad Pliiatsid Iris, Eleanora, Estelle, Mia-Maria, Raul M, Isabel.<\/p>\n<p>Palju \u00f5nne, eriauhindade omanikud Karl, Eliise, Karl Jakob, Mona Lee, Richelle, Johanna, Ines.<\/p>\n","protected":false},"excerpt":{"rendered":"<p>Emakeelep\u00e4eval kirjutasime traditsiooniliselt ette\u00fctlust. Pusisime hoolega ja<\/p>\n","protected":false},"author":17,"featured_media":16849,"parent":15538,"menu_order":770,"comment_status":"closed","ping_status":"closed","template":"gallery-template.php","meta":{"_acf_changed":false,"footnotes":""},"class_list":["post-16846","page","type-page","status-publish","has-post-thumbnail","hentry"],"acf":[],"_links":{"self":[{"href":"https:\/\/ramkool.edu.ee\/roostiku\/wp-json\/wp\/v2\/pages\/16846","targetHints":{"allow":["GET"]}}],"collection":[{"href":"https:\/\/ramkool.edu.ee\/roostiku\/wp-json\/wp\/v2\/pages"}],"about":[{"href":"https:\/\/ramkool.edu.ee\/roostiku\/wp-json\/wp\/v2\/types\/page"}],"author":[{"embeddable":true,"href":"https:\/\/ramkool.edu.ee\/roostiku\/wp-json\/wp\/v2\/users\/17"}],"replies":[{"embeddable":true,"href":"https:\/\/ramkool.edu.ee\/roostiku\/wp-json\/wp\/v2\/comments?post=16846"}],"version-history":[{"count":4,"href":"https:\/\/ramkool.edu.ee\/roostiku\/wp-json\/wp\/v2\/pages\/16846\/revisions"}],"predecessor-version":[{"id":16914,"href":"https:\/\/ramkool.edu.ee\/roostiku\/wp-json\/wp\/v2\/pages\/16846\/revisions\/16914"}],"up":[{"embeddable":true,"href":"https:\/\/ramkool.edu.ee\/roostiku\/wp-json\/wp\/v2\/pages\/15538"}],"wp:featuredmedia":[{"embeddable":true,"href":"https:\/\/ramkool.edu.ee\/roostiku\/wp-json\/wp\/v2\/media\/16849"}],"wp:attachment":[{"href":"https:\/\/ramkool.edu.ee\/roostiku\/wp-json\/wp\/v2\/media?parent=16846"}],"curies":[{"name":"wp","href":"https:\/\/api.w.org\/{rel}","templated":true}]}}