{"id":16916,"date":"2022-03-20T13:07:15","date_gmt":"2022-03-20T11:07:15","guid":{"rendered":"https:\/\/ramkool.edu.ee\/roostiku\/?page_id=16916"},"modified":"2022-03-20T13:10:52","modified_gmt":"2022-03-20T11:10:52","slug":"tomatitaime-uurimine-ja-istutamine","status":"publish","type":"page","link":"https:\/\/ramkool.edu.ee\/roostiku\/pildialbum\/kooliaasta-2021-2022\/tomatitaime-uurimine-ja-istutamine\/","title":{"rendered":"Tomatitaime uurimine ja istutamine"},"content":{"rendered":"<p>Igal kevadel pistame s\u00f5rmed mulda ja paneme kasvama \u00fche taime, mida uurime ja hooldame. Sel aastal on k\u00e4es tomati kasvatamise aeg.<\/p>\n","protected":false},"excerpt":{"rendered":"<p>Igal kevadel pistame s\u00f5rmed mulda ja paneme<\/p>\n","protected":false},"author":17,"featured_media":16917,"parent":15538,"menu_order":780,"comment_status":"closed","ping_status":"closed","template":"gallery-template.php","meta":{"_acf_changed":false,"footnotes":""},"class_list":["post-16916","page","type-page","status-publish","has-post-thumbnail","hentry"],"acf":[],"_links":{"self":[{"href":"https:\/\/ramkool.edu.ee\/roostiku\/wp-json\/wp\/v2\/pages\/16916","targetHints":{"allow":["GET"]}}],"collection":[{"href":"https:\/\/ramkool.edu.ee\/roostiku\/wp-json\/wp\/v2\/pages"}],"about":[{"href":"https:\/\/ramkool.edu.ee\/roostiku\/wp-json\/wp\/v2\/types\/page"}],"author":[{"embeddable":true,"href":"https:\/\/ramkool.edu.ee\/roostiku\/wp-json\/wp\/v2\/users\/17"}],"replies":[{"embeddable":true,"href":"https:\/\/ramkool.edu.ee\/roostiku\/wp-json\/wp\/v2\/comments?post=16916"}],"version-history":[{"count":1,"href":"https:\/\/ramkool.edu.ee\/roostiku\/wp-json\/wp\/v2\/pages\/16916\/revisions"}],"predecessor-version":[{"id":16958,"href":"https:\/\/ramkool.edu.ee\/roostiku\/wp-json\/wp\/v2\/pages\/16916\/revisions\/16958"}],"up":[{"embeddable":true,"href":"https:\/\/ramkool.edu.ee\/roostiku\/wp-json\/wp\/v2\/pages\/15538"}],"wp:featuredmedia":[{"embeddable":true,"href":"https:\/\/ramkool.edu.ee\/roostiku\/wp-json\/wp\/v2\/media\/16917"}],"wp:attachment":[{"href":"https:\/\/ramkool.edu.ee\/roostiku\/wp-json\/wp\/v2\/media?parent=16916"}],"curies":[{"name":"wp","href":"https:\/\/api.w.org\/{rel}","templated":true}]}}