{"id":17091,"date":"2022-04-14T12:36:26","date_gmt":"2022-04-14T09:36:26","guid":{"rendered":"https:\/\/ramkool.edu.ee\/roostiku\/?page_id=17091"},"modified":"2022-04-14T12:36:26","modified_gmt":"2022-04-14T09:36:26","slug":"teadusstuudio-rakett-69","status":"publish","type":"page","link":"https:\/\/ramkool.edu.ee\/roostiku\/pildialbum\/kooliaasta-2021-2022\/teadusstuudio-rakett-69\/","title":{"rendered":"Teadusstuudio Rakett 69"},"content":{"rendered":"<p>\u00dchel esmasp\u00e4eval alustasime koolip\u00e4eva Teadusstuudios Rakett 69. M\u00f6llasime \u00f5hu ja elektri teemal. Nuputasime, v\u00f5istlesime, saime uusi teadmisi. Oli meeleolukas ja tark olemine. Ait\u00e4h, \u00f5petajad Eva ja Janika, uute kohtumisteni raketipardal!<\/p>\n","protected":false},"excerpt":{"rendered":"<p>\u00dchel esmasp\u00e4eval alustasime koolip\u00e4eva Teadusstuudios Rakett 69.<\/p>\n","protected":false},"author":17,"featured_media":17143,"parent":15538,"menu_order":750,"comment_status":"closed","ping_status":"closed","template":"gallery-template.php","meta":{"_acf_changed":false,"footnotes":""},"class_list":["post-17091","page","type-page","status-publish","has-post-thumbnail","hentry"],"acf":[],"_links":{"self":[{"href":"https:\/\/ramkool.edu.ee\/roostiku\/wp-json\/wp\/v2\/pages\/17091","targetHints":{"allow":["GET"]}}],"collection":[{"href":"https:\/\/ramkool.edu.ee\/roostiku\/wp-json\/wp\/v2\/pages"}],"about":[{"href":"https:\/\/ramkool.edu.ee\/roostiku\/wp-json\/wp\/v2\/types\/page"}],"author":[{"embeddable":true,"href":"https:\/\/ramkool.edu.ee\/roostiku\/wp-json\/wp\/v2\/users\/17"}],"replies":[{"embeddable":true,"href":"https:\/\/ramkool.edu.ee\/roostiku\/wp-json\/wp\/v2\/comments?post=17091"}],"version-history":[{"count":1,"href":"https:\/\/ramkool.edu.ee\/roostiku\/wp-json\/wp\/v2\/pages\/17091\/revisions"}],"predecessor-version":[{"id":17155,"href":"https:\/\/ramkool.edu.ee\/roostiku\/wp-json\/wp\/v2\/pages\/17091\/revisions\/17155"}],"up":[{"embeddable":true,"href":"https:\/\/ramkool.edu.ee\/roostiku\/wp-json\/wp\/v2\/pages\/15538"}],"wp:featuredmedia":[{"embeddable":true,"href":"https:\/\/ramkool.edu.ee\/roostiku\/wp-json\/wp\/v2\/media\/17143"}],"wp:attachment":[{"href":"https:\/\/ramkool.edu.ee\/roostiku\/wp-json\/wp\/v2\/media?parent=17091"}],"curies":[{"name":"wp","href":"https:\/\/api.w.org\/{rel}","templated":true}]}}