{"id":17426,"date":"2022-05-07T12:27:02","date_gmt":"2022-05-07T09:27:02","guid":{"rendered":"https:\/\/ramkool.edu.ee\/roostiku\/?page_id=17426"},"modified":"2022-05-07T12:28:32","modified_gmt":"2022-05-07T09:28:32","slug":"vana-kreeka-olumpiamangud","status":"publish","type":"page","link":"https:\/\/ramkool.edu.ee\/roostiku\/pildialbum\/kooliaasta-2021-2022\/vana-kreeka-olumpiamangud\/","title":{"rendered":"Vana-Kreeka ol\u00fcmpiam\u00e4ngud"},"content":{"rendered":"<p>Reedel, 6. mail oli Roostiku kooli 5. s\u00fcnnip\u00e4ev. Sel puhul kogunesime Roostiku \u00f5uel ja toimusid Vana-Kreeka ol\u00fcmpiam\u00e4ngud, mida korraldasid ja juhtisid Vana-Kreeka jumalate seltskond 6. talvest. Kummardus korraldajatele, aplaus v\u00f5itjatele ja ait\u00e4h osav\u00f5tjatele! Palju \u00f5nne, meie armas kool!<\/p>\n","protected":false},"excerpt":{"rendered":"<p>Reedel, 6. mail oli Roostiku kooli 5.<\/p>\n","protected":false},"author":17,"featured_media":17557,"parent":15538,"menu_order":710,"comment_status":"closed","ping_status":"closed","template":"gallery-template.php","meta":{"_acf_changed":false,"footnotes":""},"class_list":["post-17426","page","type-page","status-publish","has-post-thumbnail","hentry"],"acf":[],"_links":{"self":[{"href":"https:\/\/ramkool.edu.ee\/roostiku\/wp-json\/wp\/v2\/pages\/17426","targetHints":{"allow":["GET"]}}],"collection":[{"href":"https:\/\/ramkool.edu.ee\/roostiku\/wp-json\/wp\/v2\/pages"}],"about":[{"href":"https:\/\/ramkool.edu.ee\/roostiku\/wp-json\/wp\/v2\/types\/page"}],"author":[{"embeddable":true,"href":"https:\/\/ramkool.edu.ee\/roostiku\/wp-json\/wp\/v2\/users\/17"}],"replies":[{"embeddable":true,"href":"https:\/\/ramkool.edu.ee\/roostiku\/wp-json\/wp\/v2\/comments?post=17426"}],"version-history":[{"count":3,"href":"https:\/\/ramkool.edu.ee\/roostiku\/wp-json\/wp\/v2\/pages\/17426\/revisions"}],"predecessor-version":[{"id":17603,"href":"https:\/\/ramkool.edu.ee\/roostiku\/wp-json\/wp\/v2\/pages\/17426\/revisions\/17603"}],"up":[{"embeddable":true,"href":"https:\/\/ramkool.edu.ee\/roostiku\/wp-json\/wp\/v2\/pages\/15538"}],"wp:featuredmedia":[{"embeddable":true,"href":"https:\/\/ramkool.edu.ee\/roostiku\/wp-json\/wp\/v2\/media\/17557"}],"wp:attachment":[{"href":"https:\/\/ramkool.edu.ee\/roostiku\/wp-json\/wp\/v2\/media?parent=17426"}],"curies":[{"name":"wp","href":"https:\/\/api.w.org\/{rel}","templated":true}]}}