{"id":18173,"date":"2022-06-25T14:13:53","date_gmt":"2022-06-25T11:13:53","guid":{"rendered":"https:\/\/ramkool.edu.ee\/roostiku\/?page_id=18173"},"modified":"2022-06-25T19:25:26","modified_gmt":"2022-06-25T16:25:26","slug":"viimane-koolipaev","status":"publish","type":"page","link":"https:\/\/ramkool.edu.ee\/roostiku\/pildialbum\/kooliaasta-2021-2022\/viimane-koolipaev\/","title":{"rendered":"Viimane koolip\u00e4ev"},"content":{"rendered":"<p>Viimasel koolip\u00e4eval kogunesime peredega Roostiku kooli\u00f5uele, et \u00fcheskoos hea aasta l\u00f5petada. Kirjutasime head soovid ja pistsime postkaardid postkastidesse, maitsesime kringlit ja jagasime pidulikult \u00f5pinguraamatuid. Saatsime \u00f5hupallide tuules meie armsa 5. lennu suurde kooli. Laulsime, m\u00e4ngisime ja s\u00e4ttisime koolipere pildile. Oli meeleolukas olemine. Ait\u00e4h k\u00f5ikidele!<\/p>\n","protected":false},"excerpt":{"rendered":"<p>Viimasel koolip\u00e4eval kogunesime peredega Roostiku kooli\u00f5uele, et<\/p>\n","protected":false},"author":17,"featured_media":18297,"parent":15538,"menu_order":660,"comment_status":"closed","ping_status":"closed","template":"gallery-template.php","meta":{"_acf_changed":false,"footnotes":""},"class_list":["post-18173","page","type-page","status-publish","has-post-thumbnail","hentry"],"acf":[],"_links":{"self":[{"href":"https:\/\/ramkool.edu.ee\/roostiku\/wp-json\/wp\/v2\/pages\/18173","targetHints":{"allow":["GET"]}}],"collection":[{"href":"https:\/\/ramkool.edu.ee\/roostiku\/wp-json\/wp\/v2\/pages"}],"about":[{"href":"https:\/\/ramkool.edu.ee\/roostiku\/wp-json\/wp\/v2\/types\/page"}],"author":[{"embeddable":true,"href":"https:\/\/ramkool.edu.ee\/roostiku\/wp-json\/wp\/v2\/users\/17"}],"replies":[{"embeddable":true,"href":"https:\/\/ramkool.edu.ee\/roostiku\/wp-json\/wp\/v2\/comments?post=18173"}],"version-history":[{"count":7,"href":"https:\/\/ramkool.edu.ee\/roostiku\/wp-json\/wp\/v2\/pages\/18173\/revisions"}],"predecessor-version":[{"id":18347,"href":"https:\/\/ramkool.edu.ee\/roostiku\/wp-json\/wp\/v2\/pages\/18173\/revisions\/18347"}],"up":[{"embeddable":true,"href":"https:\/\/ramkool.edu.ee\/roostiku\/wp-json\/wp\/v2\/pages\/15538"}],"wp:featuredmedia":[{"embeddable":true,"href":"https:\/\/ramkool.edu.ee\/roostiku\/wp-json\/wp\/v2\/media\/18297"}],"wp:attachment":[{"href":"https:\/\/ramkool.edu.ee\/roostiku\/wp-json\/wp\/v2\/media?parent=18173"}],"curies":[{"name":"wp","href":"https:\/\/api.w.org\/{rel}","templated":true}]}}