{"id":18362,"date":"2022-09-04T12:52:09","date_gmt":"2022-09-04T09:52:09","guid":{"rendered":"https:\/\/ramkool.edu.ee\/roostiku\/?page_id=18362"},"modified":"2022-09-04T13:08:56","modified_gmt":"2022-09-04T10:08:56","slug":"1-september","status":"publish","type":"page","link":"https:\/\/ramkool.edu.ee\/roostiku\/pildialbum\/kooliaasta-2022-2023\/1-september\/","title":{"rendered":"1. september"},"content":{"rendered":"<p>Uut kooliaastat alustasime r\u00f5\u00f5murada l\u00e4bides ja h\u00e4id soove rahvuspaela punudes. Head soovid saadavad meid n\u00fc\u00fcd aasta l\u00e4bi p\u00e4rnapuu v\u00f5ras.<\/p>\n<p>Laulsime, tervitasime esimese talve uusi s\u00f5pru ja pugesime \u00fcheskoos koolimajja, et meretuuled meid hoovilt minema ei p\u00fchiks. R\u00f5\u00f5m oli kooliaasta alguses kohata Roostiku kooli vilistlaste seltskonda.<\/p>\n","protected":false},"excerpt":{"rendered":"<p>Uut kooliaastat alustasime r\u00f5\u00f5murada l\u00e4bides ja h\u00e4id<\/p>\n","protected":false},"author":17,"featured_media":18466,"parent":18360,"menu_order":900,"comment_status":"closed","ping_status":"closed","template":"gallery-template.php","meta":{"_acf_changed":false,"footnotes":""},"class_list":["post-18362","page","type-page","status-publish","has-post-thumbnail","hentry"],"acf":[],"_links":{"self":[{"href":"https:\/\/ramkool.edu.ee\/roostiku\/wp-json\/wp\/v2\/pages\/18362","targetHints":{"allow":["GET"]}}],"collection":[{"href":"https:\/\/ramkool.edu.ee\/roostiku\/wp-json\/wp\/v2\/pages"}],"about":[{"href":"https:\/\/ramkool.edu.ee\/roostiku\/wp-json\/wp\/v2\/types\/page"}],"author":[{"embeddable":true,"href":"https:\/\/ramkool.edu.ee\/roostiku\/wp-json\/wp\/v2\/users\/17"}],"replies":[{"embeddable":true,"href":"https:\/\/ramkool.edu.ee\/roostiku\/wp-json\/wp\/v2\/comments?post=18362"}],"version-history":[{"count":3,"href":"https:\/\/ramkool.edu.ee\/roostiku\/wp-json\/wp\/v2\/pages\/18362\/revisions"}],"predecessor-version":[{"id":18497,"href":"https:\/\/ramkool.edu.ee\/roostiku\/wp-json\/wp\/v2\/pages\/18362\/revisions\/18497"}],"up":[{"embeddable":true,"href":"https:\/\/ramkool.edu.ee\/roostiku\/wp-json\/wp\/v2\/pages\/18360"}],"wp:featuredmedia":[{"embeddable":true,"href":"https:\/\/ramkool.edu.ee\/roostiku\/wp-json\/wp\/v2\/media\/18466"}],"wp:attachment":[{"href":"https:\/\/ramkool.edu.ee\/roostiku\/wp-json\/wp\/v2\/media?parent=18362"}],"curies":[{"name":"wp","href":"https:\/\/api.w.org\/{rel}","templated":true}]}}