{"id":18503,"date":"2022-09-30T18:46:28","date_gmt":"2022-09-30T15:46:28","guid":{"rendered":"https:\/\/ramkool.edu.ee\/roostiku\/?page_id=18503"},"modified":"2022-10-02T12:23:17","modified_gmt":"2022-10-02T09:23:17","slug":"18503-2","status":"publish","type":"page","link":"https:\/\/ramkool.edu.ee\/roostiku\/pildialbum\/kooliaasta-2022-2023\/18503-2\/","title":{"rendered":"Loodusklass V\u00f5rtsj\u00e4rvel"},"content":{"rendered":"<p>S\u00fcgiseses loodusklassis tutvusime kalade hingeeluga ja parvetasime V\u00f5rtsj\u00e4rvel. Oli arukas ja hubane olemine. Ait\u00e4h J\u00e4rvemuuseumi rahvale!<\/p>\n","protected":false},"excerpt":{"rendered":"<p>S\u00fcgiseses loodusklassis tutvusime kalade hingeeluga ja parvetasime<\/p>\n","protected":false},"author":17,"featured_media":18662,"parent":18360,"menu_order":890,"comment_status":"closed","ping_status":"closed","template":"gallery-template.php","meta":{"_acf_changed":false,"footnotes":""},"class_list":["post-18503","page","type-page","status-publish","has-post-thumbnail","hentry"],"acf":[],"_links":{"self":[{"href":"https:\/\/ramkool.edu.ee\/roostiku\/wp-json\/wp\/v2\/pages\/18503","targetHints":{"allow":["GET"]}}],"collection":[{"href":"https:\/\/ramkool.edu.ee\/roostiku\/wp-json\/wp\/v2\/pages"}],"about":[{"href":"https:\/\/ramkool.edu.ee\/roostiku\/wp-json\/wp\/v2\/types\/page"}],"author":[{"embeddable":true,"href":"https:\/\/ramkool.edu.ee\/roostiku\/wp-json\/wp\/v2\/users\/17"}],"replies":[{"embeddable":true,"href":"https:\/\/ramkool.edu.ee\/roostiku\/wp-json\/wp\/v2\/comments?post=18503"}],"version-history":[{"count":8,"href":"https:\/\/ramkool.edu.ee\/roostiku\/wp-json\/wp\/v2\/pages\/18503\/revisions"}],"predecessor-version":[{"id":18863,"href":"https:\/\/ramkool.edu.ee\/roostiku\/wp-json\/wp\/v2\/pages\/18503\/revisions\/18863"}],"up":[{"embeddable":true,"href":"https:\/\/ramkool.edu.ee\/roostiku\/wp-json\/wp\/v2\/pages\/18360"}],"wp:featuredmedia":[{"embeddable":true,"href":"https:\/\/ramkool.edu.ee\/roostiku\/wp-json\/wp\/v2\/media\/18662"}],"wp:attachment":[{"href":"https:\/\/ramkool.edu.ee\/roostiku\/wp-json\/wp\/v2\/media?parent=18503"}],"curies":[{"name":"wp","href":"https:\/\/api.w.org\/{rel}","templated":true}]}}