{"id":18683,"date":"2022-10-02T12:14:19","date_gmt":"2022-10-02T09:14:19","guid":{"rendered":"https:\/\/ramkool.edu.ee\/roostiku\/?page_id=18683"},"modified":"2022-10-02T12:14:19","modified_gmt":"2022-10-02T09:14:19","slug":"nomme-seikluspargis","status":"publish","type":"page","link":"https:\/\/ramkool.edu.ee\/roostiku\/pildialbum\/kooliaasta-2022-2023\/nomme-seikluspargis\/","title":{"rendered":"N\u00f5mme seikluspargis"},"content":{"rendered":"<p>Septembrikuu \u00fchel reedel vallutasime puuladvad N\u00f5mme seikluspargis. Osavad turnijad r\u00f5\u00f5mustasid!<\/p>\n","protected":false},"excerpt":{"rendered":"<p>Septembrikuu \u00fchel reedel vallutasime puuladvad N\u00f5mme seikluspargis.<\/p>\n","protected":false},"author":17,"featured_media":18849,"parent":18360,"menu_order":880,"comment_status":"closed","ping_status":"closed","template":"gallery-template.php","meta":{"_acf_changed":false,"footnotes":""},"class_list":["post-18683","page","type-page","status-publish","has-post-thumbnail","hentry"],"acf":[],"_links":{"self":[{"href":"https:\/\/ramkool.edu.ee\/roostiku\/wp-json\/wp\/v2\/pages\/18683","targetHints":{"allow":["GET"]}}],"collection":[{"href":"https:\/\/ramkool.edu.ee\/roostiku\/wp-json\/wp\/v2\/pages"}],"about":[{"href":"https:\/\/ramkool.edu.ee\/roostiku\/wp-json\/wp\/v2\/types\/page"}],"author":[{"embeddable":true,"href":"https:\/\/ramkool.edu.ee\/roostiku\/wp-json\/wp\/v2\/users\/17"}],"replies":[{"embeddable":true,"href":"https:\/\/ramkool.edu.ee\/roostiku\/wp-json\/wp\/v2\/comments?post=18683"}],"version-history":[{"count":1,"href":"https:\/\/ramkool.edu.ee\/roostiku\/wp-json\/wp\/v2\/pages\/18683\/revisions"}],"predecessor-version":[{"id":18857,"href":"https:\/\/ramkool.edu.ee\/roostiku\/wp-json\/wp\/v2\/pages\/18683\/revisions\/18857"}],"up":[{"embeddable":true,"href":"https:\/\/ramkool.edu.ee\/roostiku\/wp-json\/wp\/v2\/pages\/18360"}],"wp:featuredmedia":[{"embeddable":true,"href":"https:\/\/ramkool.edu.ee\/roostiku\/wp-json\/wp\/v2\/media\/18849"}],"wp:attachment":[{"href":"https:\/\/ramkool.edu.ee\/roostiku\/wp-json\/wp\/v2\/media?parent=18683"}],"curies":[{"name":"wp","href":"https:\/\/api.w.org\/{rel}","templated":true}]}}