{"id":19001,"date":"2022-10-16T21:18:46","date_gmt":"2022-10-16T18:18:46","guid":{"rendered":"https:\/\/ramkool.edu.ee\/roostiku\/?page_id=19001"},"modified":"2022-10-16T21:20:46","modified_gmt":"2022-10-16T18:20:46","slug":"opetajate-paev","status":"publish","type":"page","link":"https:\/\/ramkool.edu.ee\/roostiku\/pildialbum\/kooliaasta-2022-2023\/opetajate-paev\/","title":{"rendered":"\u00d5petajate p\u00e4ev"},"content":{"rendered":"<p>Oktoobrikuu alguses \u00fchel p\u00e4eval v\u00f5tab 6. talve seltskond pooleks p\u00e4evaks v\u00f5imu \u00fcle ehk kehastuvad \u00f5petajateks. Nii ka sel aastal saime noorte \u00f5petajate taktikepi all erinevaid tegevusi teha. Oli armas, rahulik ja l\u00f5bus olemine. Ait\u00e4h, armsad noored \u00f5petajad! Kes oli aga kes? Uurige piltidel\u0131, kas saate aru.<\/p>\n","protected":false},"excerpt":{"rendered":"<p>Oktoobrikuu alguses \u00fchel p\u00e4eval v\u00f5tab 6. talve<\/p>\n","protected":false},"author":17,"featured_media":19038,"parent":18360,"menu_order":860,"comment_status":"closed","ping_status":"closed","template":"gallery-template.php","meta":{"_acf_changed":false,"footnotes":""},"class_list":["post-19001","page","type-page","status-publish","has-post-thumbnail","hentry"],"acf":[],"_links":{"self":[{"href":"https:\/\/ramkool.edu.ee\/roostiku\/wp-json\/wp\/v2\/pages\/19001","targetHints":{"allow":["GET"]}}],"collection":[{"href":"https:\/\/ramkool.edu.ee\/roostiku\/wp-json\/wp\/v2\/pages"}],"about":[{"href":"https:\/\/ramkool.edu.ee\/roostiku\/wp-json\/wp\/v2\/types\/page"}],"author":[{"embeddable":true,"href":"https:\/\/ramkool.edu.ee\/roostiku\/wp-json\/wp\/v2\/users\/17"}],"replies":[{"embeddable":true,"href":"https:\/\/ramkool.edu.ee\/roostiku\/wp-json\/wp\/v2\/comments?post=19001"}],"version-history":[{"count":1,"href":"https:\/\/ramkool.edu.ee\/roostiku\/wp-json\/wp\/v2\/pages\/19001\/revisions"}],"predecessor-version":[{"id":19040,"href":"https:\/\/ramkool.edu.ee\/roostiku\/wp-json\/wp\/v2\/pages\/19001\/revisions\/19040"}],"up":[{"embeddable":true,"href":"https:\/\/ramkool.edu.ee\/roostiku\/wp-json\/wp\/v2\/pages\/18360"}],"wp:featuredmedia":[{"embeddable":true,"href":"https:\/\/ramkool.edu.ee\/roostiku\/wp-json\/wp\/v2\/media\/19038"}],"wp:attachment":[{"href":"https:\/\/ramkool.edu.ee\/roostiku\/wp-json\/wp\/v2\/media?parent=19001"}],"curies":[{"name":"wp","href":"https:\/\/api.w.org\/{rel}","templated":true}]}}