{"id":19045,"date":"2022-10-23T10:23:53","date_gmt":"2022-10-23T07:23:53","guid":{"rendered":"https:\/\/ramkool.edu.ee\/roostiku\/?page_id=19045"},"modified":"2022-10-23T10:31:32","modified_gmt":"2022-10-23T07:31:32","slug":"sugiskross","status":"publish","type":"page","link":"https:\/\/ramkool.edu.ee\/roostiku\/pildialbum\/kooliaasta-2022-2023\/sugiskross\/","title":{"rendered":"S\u00fcgiskross"},"content":{"rendered":"<p>Esimese perioodi l\u00f5pus suundusime \u00fchtse rivina \u00d5ism\u00e4e rappa. Toimus Roostiku kooli s\u00fcgiskross. Tegevust j\u00e4tkus jooksurajale ning jooksuraja k\u00f5rvale: mustikad l\u00f5petajatele ja turnimispuud!<\/p>\n<p><strong>Krossiraja kiiremad<\/strong><\/p>\n<p>Kendra ja Robin Richard<\/p>\n<p>Arabella ja Hugo S<\/p>\n<p>Nora ja Ralf Tristan<\/p>\n<p>Ines ja Richard<\/p>\n<p>Meribel ja Frederik<\/p>\n<p>Nora ja Johannes<\/p>\n<p><strong>Palju \u00f5nne v\u00f5itjatele ja ait\u00e4h k\u00f5ikidele osav\u00f5tjatele ja ergutajatele!<\/strong><\/p>\n<p>&nbsp;<\/p>\n","protected":false},"excerpt":{"rendered":"<p>Esimese perioodi l\u00f5pus suundusime \u00fchtse rivina \u00d5ism\u00e4e<\/p>\n","protected":false},"author":17,"featured_media":19056,"parent":18360,"menu_order":850,"comment_status":"closed","ping_status":"closed","template":"gallery-template.php","meta":{"_acf_changed":false,"footnotes":""},"class_list":["post-19045","page","type-page","status-publish","has-post-thumbnail","hentry"],"acf":[],"_links":{"self":[{"href":"https:\/\/ramkool.edu.ee\/roostiku\/wp-json\/wp\/v2\/pages\/19045","targetHints":{"allow":["GET"]}}],"collection":[{"href":"https:\/\/ramkool.edu.ee\/roostiku\/wp-json\/wp\/v2\/pages"}],"about":[{"href":"https:\/\/ramkool.edu.ee\/roostiku\/wp-json\/wp\/v2\/types\/page"}],"author":[{"embeddable":true,"href":"https:\/\/ramkool.edu.ee\/roostiku\/wp-json\/wp\/v2\/users\/17"}],"replies":[{"embeddable":true,"href":"https:\/\/ramkool.edu.ee\/roostiku\/wp-json\/wp\/v2\/comments?post=19045"}],"version-history":[{"count":5,"href":"https:\/\/ramkool.edu.ee\/roostiku\/wp-json\/wp\/v2\/pages\/19045\/revisions"}],"predecessor-version":[{"id":19118,"href":"https:\/\/ramkool.edu.ee\/roostiku\/wp-json\/wp\/v2\/pages\/19045\/revisions\/19118"}],"up":[{"embeddable":true,"href":"https:\/\/ramkool.edu.ee\/roostiku\/wp-json\/wp\/v2\/pages\/18360"}],"wp:featuredmedia":[{"embeddable":true,"href":"https:\/\/ramkool.edu.ee\/roostiku\/wp-json\/wp\/v2\/media\/19056"}],"wp:attachment":[{"href":"https:\/\/ramkool.edu.ee\/roostiku\/wp-json\/wp\/v2\/media?parent=19045"}],"curies":[{"name":"wp","href":"https:\/\/api.w.org\/{rel}","templated":true}]}}