{"id":19355,"date":"2022-11-13T19:28:15","date_gmt":"2022-11-13T17:28:15","guid":{"rendered":"https:\/\/ramkool.edu.ee\/roostiku\/?page_id=19355"},"modified":"2022-12-26T21:13:00","modified_gmt":"2022-12-26T19:13:00","slug":"uhislugemised","status":"publish","type":"page","link":"https:\/\/ramkool.edu.ee\/roostiku\/pildialbum\/kooliaasta-2022-2023\/uhislugemised\/","title":{"rendered":"\u00dchislugemised"},"content":{"rendered":"<p>Novembrikuu koolip\u00e4evad algavad Roostiku pesas \u00fchislugemisega.<\/p>\n<p>IGA\u00dcKS MEIST LOEB!<\/p>\n","protected":false},"excerpt":{"rendered":"<p>Novembrikuu koolip\u00e4evad algavad Roostiku pesas \u00fchislugemisega. IGA\u00dcKS<\/p>\n","protected":false},"author":17,"featured_media":19342,"parent":18360,"menu_order":800,"comment_status":"closed","ping_status":"closed","template":"gallery-template.php","meta":{"_acf_changed":false,"footnotes":""},"class_list":["post-19355","page","type-page","status-publish","has-post-thumbnail","hentry"],"acf":[],"_links":{"self":[{"href":"https:\/\/ramkool.edu.ee\/roostiku\/wp-json\/wp\/v2\/pages\/19355","targetHints":{"allow":["GET"]}}],"collection":[{"href":"https:\/\/ramkool.edu.ee\/roostiku\/wp-json\/wp\/v2\/pages"}],"about":[{"href":"https:\/\/ramkool.edu.ee\/roostiku\/wp-json\/wp\/v2\/types\/page"}],"author":[{"embeddable":true,"href":"https:\/\/ramkool.edu.ee\/roostiku\/wp-json\/wp\/v2\/users\/17"}],"replies":[{"embeddable":true,"href":"https:\/\/ramkool.edu.ee\/roostiku\/wp-json\/wp\/v2\/comments?post=19355"}],"version-history":[{"count":4,"href":"https:\/\/ramkool.edu.ee\/roostiku\/wp-json\/wp\/v2\/pages\/19355\/revisions"}],"predecessor-version":[{"id":19398,"href":"https:\/\/ramkool.edu.ee\/roostiku\/wp-json\/wp\/v2\/pages\/19355\/revisions\/19398"}],"up":[{"embeddable":true,"href":"https:\/\/ramkool.edu.ee\/roostiku\/wp-json\/wp\/v2\/pages\/18360"}],"wp:featuredmedia":[{"embeddable":true,"href":"https:\/\/ramkool.edu.ee\/roostiku\/wp-json\/wp\/v2\/media\/19342"}],"wp:attachment":[{"href":"https:\/\/ramkool.edu.ee\/roostiku\/wp-json\/wp\/v2\/media?parent=19355"}],"curies":[{"name":"wp","href":"https:\/\/api.w.org\/{rel}","templated":true}]}}