{"id":19742,"date":"2023-01-05T19:42:49","date_gmt":"2023-01-05T17:42:49","guid":{"rendered":"https:\/\/ramkool.edu.ee\/roostiku\/?page_id=19742"},"modified":"2023-01-05T19:42:49","modified_gmt":"2023-01-05T17:42:49","slug":"lumeroomud","status":"publish","type":"page","link":"https:\/\/ramkool.edu.ee\/roostiku\/pildialbum\/kooliaasta-2022-2023\/lumeroomud\/","title":{"rendered":"Lumer\u00f5\u00f5mud"},"content":{"rendered":"<p>Lumes m\u00f6llasime nii palli m\u00e4ngides, lumem\u00e4gesid vallutades kui ka tormi trotsides. L\u00f5bu j\u00e4tkus!<\/p>\n","protected":false},"excerpt":{"rendered":"<p>Lumes m\u00f6llasime nii palli m\u00e4ngides, lumem\u00e4gesid vallutades<\/p>\n","protected":false},"author":17,"featured_media":19763,"parent":18360,"menu_order":770,"comment_status":"closed","ping_status":"closed","template":"gallery-template.php","meta":{"_acf_changed":false,"footnotes":""},"class_list":["post-19742","page","type-page","status-publish","has-post-thumbnail","hentry"],"acf":[],"_links":{"self":[{"href":"https:\/\/ramkool.edu.ee\/roostiku\/wp-json\/wp\/v2\/pages\/19742","targetHints":{"allow":["GET"]}}],"collection":[{"href":"https:\/\/ramkool.edu.ee\/roostiku\/wp-json\/wp\/v2\/pages"}],"about":[{"href":"https:\/\/ramkool.edu.ee\/roostiku\/wp-json\/wp\/v2\/types\/page"}],"author":[{"embeddable":true,"href":"https:\/\/ramkool.edu.ee\/roostiku\/wp-json\/wp\/v2\/users\/17"}],"replies":[{"embeddable":true,"href":"https:\/\/ramkool.edu.ee\/roostiku\/wp-json\/wp\/v2\/comments?post=19742"}],"version-history":[{"count":1,"href":"https:\/\/ramkool.edu.ee\/roostiku\/wp-json\/wp\/v2\/pages\/19742\/revisions"}],"predecessor-version":[{"id":19905,"href":"https:\/\/ramkool.edu.ee\/roostiku\/wp-json\/wp\/v2\/pages\/19742\/revisions\/19905"}],"up":[{"embeddable":true,"href":"https:\/\/ramkool.edu.ee\/roostiku\/wp-json\/wp\/v2\/pages\/18360"}],"wp:featuredmedia":[{"embeddable":true,"href":"https:\/\/ramkool.edu.ee\/roostiku\/wp-json\/wp\/v2\/media\/19763"}],"wp:attachment":[{"href":"https:\/\/ramkool.edu.ee\/roostiku\/wp-json\/wp\/v2\/media?parent=19742"}],"curies":[{"name":"wp","href":"https:\/\/api.w.org\/{rel}","templated":true}]}}