{"id":19992,"date":"2023-01-05T20:04:52","date_gmt":"2023-01-05T18:04:52","guid":{"rendered":"https:\/\/ramkool.edu.ee\/roostiku\/?page_id=19992"},"modified":"2023-01-05T20:12:33","modified_gmt":"2023-01-05T18:12:33","slug":"joulupaev","status":"publish","type":"page","link":"https:\/\/ramkool.edu.ee\/roostiku\/pildialbum\/kooliaasta-2022-2023\/joulupaev\/","title":{"rendered":"J\u00f5ulup\u00e4ev"},"content":{"rendered":"<p>J\u00f5ulup\u00e4eval t\u00f5mbasime selga j\u00f5ulteemalised kampsunid. Maitsesime koos j\u00f5uluroogasid ja k\u00fclla tulid ka luulesepad 1.- 3. talvest Julius Oro loominguga.<\/p>\n","protected":false},"excerpt":{"rendered":"<p>J\u00f5ulup\u00e4eval t\u00f5mbasime selga j\u00f5ulteemalised kampsunid. Maitsesime koos<\/p>\n","protected":false},"author":17,"featured_media":20003,"parent":18360,"menu_order":750,"comment_status":"closed","ping_status":"closed","template":"gallery-template.php","meta":{"_acf_changed":false,"footnotes":""},"class_list":["post-19992","page","type-page","status-publish","has-post-thumbnail","hentry"],"acf":[],"_links":{"self":[{"href":"https:\/\/ramkool.edu.ee\/roostiku\/wp-json\/wp\/v2\/pages\/19992","targetHints":{"allow":["GET"]}}],"collection":[{"href":"https:\/\/ramkool.edu.ee\/roostiku\/wp-json\/wp\/v2\/pages"}],"about":[{"href":"https:\/\/ramkool.edu.ee\/roostiku\/wp-json\/wp\/v2\/types\/page"}],"author":[{"embeddable":true,"href":"https:\/\/ramkool.edu.ee\/roostiku\/wp-json\/wp\/v2\/users\/17"}],"replies":[{"embeddable":true,"href":"https:\/\/ramkool.edu.ee\/roostiku\/wp-json\/wp\/v2\/comments?post=19992"}],"version-history":[{"count":1,"href":"https:\/\/ramkool.edu.ee\/roostiku\/wp-json\/wp\/v2\/pages\/19992\/revisions"}],"predecessor-version":[{"id":20050,"href":"https:\/\/ramkool.edu.ee\/roostiku\/wp-json\/wp\/v2\/pages\/19992\/revisions\/20050"}],"up":[{"embeddable":true,"href":"https:\/\/ramkool.edu.ee\/roostiku\/wp-json\/wp\/v2\/pages\/18360"}],"wp:featuredmedia":[{"embeddable":true,"href":"https:\/\/ramkool.edu.ee\/roostiku\/wp-json\/wp\/v2\/media\/20003"}],"wp:attachment":[{"href":"https:\/\/ramkool.edu.ee\/roostiku\/wp-json\/wp\/v2\/media?parent=19992"}],"curies":[{"name":"wp","href":"https:\/\/api.w.org\/{rel}","templated":true}]}}