{"id":20246,"date":"2023-02-24T19:05:34","date_gmt":"2023-02-24T17:05:34","guid":{"rendered":"https:\/\/ramkool.edu.ee\/roostiku\/?page_id=20246"},"modified":"2023-02-24T19:05:34","modified_gmt":"2023-02-24T17:05:34","slug":"onnetina-valamine","status":"publish","type":"page","link":"https:\/\/ramkool.edu.ee\/roostiku\/pildialbum\/kooliaasta-2022-2023\/onnetina-valamine\/","title":{"rendered":"\u00d5nnetina valamine"},"content":{"rendered":"<p>Uue aasta esimesel koolip\u00e4eval valasime traditsiooniliselt \u00f5nnetina ja m\u00f5tisklesime, mida valatud kujund meile tuua v\u00f5iks.<\/p>\n","protected":false},"excerpt":{"rendered":"<p>Uue aasta esimesel koolip\u00e4eval valasime traditsiooniliselt \u00f5nnetina<\/p>\n","protected":false},"author":17,"featured_media":20304,"parent":18360,"menu_order":730,"comment_status":"closed","ping_status":"closed","template":"gallery-template.php","meta":{"_acf_changed":false,"footnotes":""},"class_list":["post-20246","page","type-page","status-publish","has-post-thumbnail","hentry"],"acf":[],"_links":{"self":[{"href":"https:\/\/ramkool.edu.ee\/roostiku\/wp-json\/wp\/v2\/pages\/20246","targetHints":{"allow":["GET"]}}],"collection":[{"href":"https:\/\/ramkool.edu.ee\/roostiku\/wp-json\/wp\/v2\/pages"}],"about":[{"href":"https:\/\/ramkool.edu.ee\/roostiku\/wp-json\/wp\/v2\/types\/page"}],"author":[{"embeddable":true,"href":"https:\/\/ramkool.edu.ee\/roostiku\/wp-json\/wp\/v2\/users\/17"}],"replies":[{"embeddable":true,"href":"https:\/\/ramkool.edu.ee\/roostiku\/wp-json\/wp\/v2\/comments?post=20246"}],"version-history":[{"count":1,"href":"https:\/\/ramkool.edu.ee\/roostiku\/wp-json\/wp\/v2\/pages\/20246\/revisions"}],"predecessor-version":[{"id":20330,"href":"https:\/\/ramkool.edu.ee\/roostiku\/wp-json\/wp\/v2\/pages\/20246\/revisions\/20330"}],"up":[{"embeddable":true,"href":"https:\/\/ramkool.edu.ee\/roostiku\/wp-json\/wp\/v2\/pages\/18360"}],"wp:featuredmedia":[{"embeddable":true,"href":"https:\/\/ramkool.edu.ee\/roostiku\/wp-json\/wp\/v2\/media\/20304"}],"wp:attachment":[{"href":"https:\/\/ramkool.edu.ee\/roostiku\/wp-json\/wp\/v2\/media?parent=20246"}],"curies":[{"name":"wp","href":"https:\/\/api.w.org\/{rel}","templated":true}]}}