{"id":20515,"date":"2023-03-26T10:34:56","date_gmt":"2023-03-26T07:34:56","guid":{"rendered":"https:\/\/ramkool.edu.ee\/roostiku\/?page_id=20515"},"modified":"2023-03-26T10:36:38","modified_gmt":"2023-03-26T07:36:38","slug":"vastlapaev","status":"publish","type":"page","link":"https:\/\/ramkool.edu.ee\/roostiku\/pildialbum\/kooliaasta-2022-2023\/vastlapaev\/","title":{"rendered":"Vastlap\u00e4ev"},"content":{"rendered":"<p>Vastlap\u00e4evaks kattus maa taas lumega ja vastlaliud said Roostiku \u00f5uel hoov\u00f5tuga peetud.<\/p>\n","protected":false},"excerpt":{"rendered":"<p>Vastlap\u00e4evaks kattus maa taas lumega ja vastlaliud<\/p>\n","protected":false},"author":17,"featured_media":20537,"parent":18360,"menu_order":700,"comment_status":"closed","ping_status":"closed","template":"gallery-template.php","meta":{"_acf_changed":false,"footnotes":""},"class_list":["post-20515","page","type-page","status-publish","has-post-thumbnail","hentry"],"acf":[],"_links":{"self":[{"href":"https:\/\/ramkool.edu.ee\/roostiku\/wp-json\/wp\/v2\/pages\/20515","targetHints":{"allow":["GET"]}}],"collection":[{"href":"https:\/\/ramkool.edu.ee\/roostiku\/wp-json\/wp\/v2\/pages"}],"about":[{"href":"https:\/\/ramkool.edu.ee\/roostiku\/wp-json\/wp\/v2\/types\/page"}],"author":[{"embeddable":true,"href":"https:\/\/ramkool.edu.ee\/roostiku\/wp-json\/wp\/v2\/users\/17"}],"replies":[{"embeddable":true,"href":"https:\/\/ramkool.edu.ee\/roostiku\/wp-json\/wp\/v2\/comments?post=20515"}],"version-history":[{"count":2,"href":"https:\/\/ramkool.edu.ee\/roostiku\/wp-json\/wp\/v2\/pages\/20515\/revisions"}],"predecessor-version":[{"id":20619,"href":"https:\/\/ramkool.edu.ee\/roostiku\/wp-json\/wp\/v2\/pages\/20515\/revisions\/20619"}],"up":[{"embeddable":true,"href":"https:\/\/ramkool.edu.ee\/roostiku\/wp-json\/wp\/v2\/pages\/18360"}],"wp:featuredmedia":[{"embeddable":true,"href":"https:\/\/ramkool.edu.ee\/roostiku\/wp-json\/wp\/v2\/media\/20537"}],"wp:attachment":[{"href":"https:\/\/ramkool.edu.ee\/roostiku\/wp-json\/wp\/v2\/media?parent=20515"}],"curies":[{"name":"wp","href":"https:\/\/api.w.org\/{rel}","templated":true}]}}