{"id":20678,"date":"2023-04-02T22:52:56","date_gmt":"2023-04-02T19:52:56","guid":{"rendered":"https:\/\/ramkool.edu.ee\/roostiku\/?page_id=20678"},"modified":"2023-04-02T22:57:15","modified_gmt":"2023-04-02T19:57:15","slug":"roheline-noel","status":"publish","type":"page","link":"https:\/\/ramkool.edu.ee\/roostiku\/pildialbum\/kooliaasta-2022-2023\/roheline-noel\/","title":{"rendered":"Roheline N\u00f5el"},"content":{"rendered":"<p>Rocca al Mare Kooli s\u00fcnnip\u00e4eva eel\u00f5htul toimus Roostiku koolis moedemonstratsioon Roheline N\u00f5el. Kollektsioonid p\u00fchendasime\u00a0kooli s\u00fcnnip\u00e4evale. Oli h\u00e4id ideid, \u00fcllatavaid m\u00f5tteid ja p\u00f5nevaid teostusi.<\/p>\n<p>Peapreemia Roheline N\u00f5el, mille valis publik, v\u00f5itja on kollektsioon &#8220;Men in black&#8221; (Kaspar, Karl Jakob, Ralf ja Martin).<\/p>\n<p>Eriauhind moeteemalisest p\u00f5genemistoast v\u00e4ledamatele p\u00e4\u00e4sejatele ning m\u00f5tte ja teostuse terviklikkus kollektsioonile &#8220;Must-kollane&#8221; (Lisanna, Mia-Maria, Nora).<\/p>\n<p>&nbsp;<\/p>\n","protected":false},"excerpt":{"rendered":"<p>Rocca al Mare Kooli s\u00fcnnip\u00e4eva eel\u00f5htul toimus<\/p>\n","protected":false},"author":17,"featured_media":20681,"parent":18360,"menu_order":680,"comment_status":"closed","ping_status":"closed","template":"gallery-template.php","meta":{"_acf_changed":false,"footnotes":""},"class_list":["post-20678","page","type-page","status-publish","has-post-thumbnail","hentry"],"acf":[],"_links":{"self":[{"href":"https:\/\/ramkool.edu.ee\/roostiku\/wp-json\/wp\/v2\/pages\/20678","targetHints":{"allow":["GET"]}}],"collection":[{"href":"https:\/\/ramkool.edu.ee\/roostiku\/wp-json\/wp\/v2\/pages"}],"about":[{"href":"https:\/\/ramkool.edu.ee\/roostiku\/wp-json\/wp\/v2\/types\/page"}],"author":[{"embeddable":true,"href":"https:\/\/ramkool.edu.ee\/roostiku\/wp-json\/wp\/v2\/users\/17"}],"replies":[{"embeddable":true,"href":"https:\/\/ramkool.edu.ee\/roostiku\/wp-json\/wp\/v2\/comments?post=20678"}],"version-history":[{"count":4,"href":"https:\/\/ramkool.edu.ee\/roostiku\/wp-json\/wp\/v2\/pages\/20678\/revisions"}],"predecessor-version":[{"id":20815,"href":"https:\/\/ramkool.edu.ee\/roostiku\/wp-json\/wp\/v2\/pages\/20678\/revisions\/20815"}],"up":[{"embeddable":true,"href":"https:\/\/ramkool.edu.ee\/roostiku\/wp-json\/wp\/v2\/pages\/18360"}],"wp:featuredmedia":[{"embeddable":true,"href":"https:\/\/ramkool.edu.ee\/roostiku\/wp-json\/wp\/v2\/media\/20681"}],"wp:attachment":[{"href":"https:\/\/ramkool.edu.ee\/roostiku\/wp-json\/wp\/v2\/media?parent=20678"}],"curies":[{"name":"wp","href":"https:\/\/api.w.org\/{rel}","templated":true}]}}