{"id":23330,"date":"2024-07-21T13:58:37","date_gmt":"2024-07-21T10:58:37","guid":{"rendered":"https:\/\/ramkool.edu.ee\/roostiku\/?page_id=23330"},"modified":"2024-07-22T10:32:12","modified_gmt":"2024-07-22T07:32:12","slug":"leiutiste-esitlused","status":"publish","type":"page","link":"https:\/\/ramkool.edu.ee\/roostiku\/pildialbum\/kooliaasta-2023-2024\/leiutiste-esitlused\/","title":{"rendered":"Leiutiste esitlused"},"content":{"rendered":"\n<p>Esimesel poolaastal leiutasime hoolega, otsisime ideid, kuidas maailma paremaks muuta. Meisterdasime protot\u00fc\u00fcbi. Ja l\u00f5puks kutsusime vanemad meie leiutisi uudistama.<\/p>\n","protected":false},"excerpt":{"rendered":"<p>Esimesel poolaastal leiutasime hoolega, otsisime ideid, kuidas<\/p>\n","protected":false},"author":17,"featured_media":23542,"parent":22017,"menu_order":820,"comment_status":"closed","ping_status":"closed","template":"gallery-template.php","meta":{"_acf_changed":false,"footnotes":""},"class_list":["post-23330","page","type-page","status-publish","has-post-thumbnail","hentry"],"acf":[],"_links":{"self":[{"href":"https:\/\/ramkool.edu.ee\/roostiku\/wp-json\/wp\/v2\/pages\/23330","targetHints":{"allow":["GET"]}}],"collection":[{"href":"https:\/\/ramkool.edu.ee\/roostiku\/wp-json\/wp\/v2\/pages"}],"about":[{"href":"https:\/\/ramkool.edu.ee\/roostiku\/wp-json\/wp\/v2\/types\/page"}],"author":[{"embeddable":true,"href":"https:\/\/ramkool.edu.ee\/roostiku\/wp-json\/wp\/v2\/users\/17"}],"replies":[{"embeddable":true,"href":"https:\/\/ramkool.edu.ee\/roostiku\/wp-json\/wp\/v2\/comments?post=23330"}],"version-history":[{"count":3,"href":"https:\/\/ramkool.edu.ee\/roostiku\/wp-json\/wp\/v2\/pages\/23330\/revisions"}],"predecessor-version":[{"id":23543,"href":"https:\/\/ramkool.edu.ee\/roostiku\/wp-json\/wp\/v2\/pages\/23330\/revisions\/23543"}],"up":[{"embeddable":true,"href":"https:\/\/ramkool.edu.ee\/roostiku\/wp-json\/wp\/v2\/pages\/22017"}],"wp:featuredmedia":[{"embeddable":true,"href":"https:\/\/ramkool.edu.ee\/roostiku\/wp-json\/wp\/v2\/media\/23542"}],"wp:attachment":[{"href":"https:\/\/ramkool.edu.ee\/roostiku\/wp-json\/wp\/v2\/media?parent=23330"}],"curies":[{"name":"wp","href":"https:\/\/api.w.org\/{rel}","templated":true}]}}