{"id":23429,"date":"2024-07-21T21:55:49","date_gmt":"2024-07-21T18:55:49","guid":{"rendered":"https:\/\/ramkool.edu.ee\/roostiku\/?page_id=23429"},"modified":"2024-07-22T14:10:43","modified_gmt":"2024-07-22T11:10:43","slug":"stiilinadal","status":"publish","type":"page","link":"https:\/\/ramkool.edu.ee\/roostiku\/pildialbum\/kooliaasta-2023-2024\/stiilinadal\/","title":{"rendered":"Stiilin\u00e4dal"},"content":{"rendered":"\n<p>M\u00e4rtsikuus korraldasid 3. talve t\u00fcdrukud stiilin\u00e4dala. Idee t\u00f5i meile Anni Marie. Ait\u00e4h! P\u00e4evade sisuks olid tuduriided, vastassugu, ametid ja suveriided. Lustisime r\u00f5\u00f5muga! <\/p>\n","protected":false},"excerpt":{"rendered":"<p>M\u00e4rtsikuus korraldasid 3. talve t\u00fcdrukud stiilin\u00e4dala. Idee<\/p>\n","protected":false},"author":17,"featured_media":23487,"parent":22017,"menu_order":810,"comment_status":"closed","ping_status":"closed","template":"gallery-template.php","meta":{"_acf_changed":false,"footnotes":""},"class_list":["post-23429","page","type-page","status-publish","has-post-thumbnail","hentry"],"acf":[],"_links":{"self":[{"href":"https:\/\/ramkool.edu.ee\/roostiku\/wp-json\/wp\/v2\/pages\/23429","targetHints":{"allow":["GET"]}}],"collection":[{"href":"https:\/\/ramkool.edu.ee\/roostiku\/wp-json\/wp\/v2\/pages"}],"about":[{"href":"https:\/\/ramkool.edu.ee\/roostiku\/wp-json\/wp\/v2\/types\/page"}],"author":[{"embeddable":true,"href":"https:\/\/ramkool.edu.ee\/roostiku\/wp-json\/wp\/v2\/users\/17"}],"replies":[{"embeddable":true,"href":"https:\/\/ramkool.edu.ee\/roostiku\/wp-json\/wp\/v2\/comments?post=23429"}],"version-history":[{"count":3,"href":"https:\/\/ramkool.edu.ee\/roostiku\/wp-json\/wp\/v2\/pages\/23429\/revisions"}],"predecessor-version":[{"id":23604,"href":"https:\/\/ramkool.edu.ee\/roostiku\/wp-json\/wp\/v2\/pages\/23429\/revisions\/23604"}],"up":[{"embeddable":true,"href":"https:\/\/ramkool.edu.ee\/roostiku\/wp-json\/wp\/v2\/pages\/22017"}],"wp:featuredmedia":[{"embeddable":true,"href":"https:\/\/ramkool.edu.ee\/roostiku\/wp-json\/wp\/v2\/media\/23487"}],"wp:attachment":[{"href":"https:\/\/ramkool.edu.ee\/roostiku\/wp-json\/wp\/v2\/media?parent=23429"}],"curies":[{"name":"wp","href":"https:\/\/api.w.org\/{rel}","templated":true}]}}